{"id":6884,"date":"2025-10-30T09:35:08","date_gmt":"2025-10-30T08:35:08","guid":{"rendered":"https:\/\/amandineledu.art\/commande\/?post_type=product&#038;p=6884"},"modified":"2026-02-02T16:17:31","modified_gmt":"2026-02-02T15:17:31","slug":"laser-game-evolution","status":"publish","type":"product","link":"https:\/\/www.audace44.fr\/commande\/produit\/laser-game-evolution\/","title":{"rendered":"Laser Game Evolution Nantes et St Nazaire"},"content":{"rendered":"<p>Billets valables dans les centres de Laser Game Evolution sur St Herblain, Saint S\u00e9bastien et St Nazaire.<\/p>\n<p><strong>Nouveau,\u00a0 ebillets !\u00a0<\/strong><strong> soit envoy\u00e9s par mail les jours d'ouverture d'Audace, soit t\u00e9l\u00e9chargeables (choisir un billet avec un num\u00e9ro expl: 1x t\u00e9l\u00e9ch05) sous r\u00e9serve de stock et apr\u00e8s paiement CB valid\u00e9.<\/strong><\/p>\n<p><strong>Pour l'achat de plusieurs billets t\u00e9l\u00e9chargeables, mettez dans votre panier plusieurs r\u00e9f\u00e9rences.<\/strong><\/p>\n<p>Possibilit\u00e9 de billets valables sur la France, nous contacter.<\/p>\n<p>A partir de 7 ans.\u00a0 Tarif unique.<\/p>\n<p>e-billets envoy\u00e9s par mail les jours d'ouverture d'Audace.<\/p>\n<p>eBillets t\u00e9l\u00e9chargeables directement apr\u00e8s paiement CB valid\u00e9.<\/p>\n<p>Retrouvez les actualit\u00e9s <a href=\"https:\/\/www.lasergame-evolution.com\/\">de notre partenaire ICI<\/a><\/p>\n","protected":false},"excerpt":{"rendered":"<p>LASER GAME EVOLUTION<\/p>\n<p>St Herblain et St S\u00e9bastien sur Loire<\/p>\n<p>Nouveau billets France<\/p>\n<p>Billet tout public<\/p>\n","protected":false},"featured_media":13529,"template":"","meta":[],"product_cat":[81,71],"product_tag":[74,124],"_links":{"self":[{"href":"https:\/\/www.audace44.fr\/commande\/wp-json\/wp\/v2\/product\/6884"}],"collection":[{"href":"https:\/\/www.audace44.fr\/commande\/wp-json\/wp\/v2\/product"}],"about":[{"href":"https:\/\/www.audace44.fr\/commande\/wp-json\/wp\/v2\/types\/product"}],"wp:featuredmedia":[{"embeddable":true,"href":"https:\/\/www.audace44.fr\/commande\/wp-json\/wp\/v2\/media\/13529"}],"wp:attachment":[{"href":"https:\/\/www.audace44.fr\/commande\/wp-json\/wp\/v2\/media?parent=6884"}],"wp:term":[{"taxonomy":"product_cat","embeddable":true,"href":"https:\/\/www.audace44.fr\/commande\/wp-json\/wp\/v2\/product_cat?post=6884"},{"taxonomy":"product_tag","embeddable":true,"href":"https:\/\/www.audace44.fr\/commande\/wp-json\/wp\/v2\/product_tag?post=6884"}],"curies":[{"name":"wp","href":"https:\/\/api.w.org\/{rel}","templated":true}]}}