{"id":6888,"date":"2025-01-10T09:49:31","date_gmt":"2025-01-10T08:49:31","guid":{"rendered":"https:\/\/amandineledu.art\/commande\/?post_type=product&#038;p=6888"},"modified":"2025-12-28T00:15:31","modified_gmt":"2025-12-27T23:15:31","slug":"karting-de-nantes-electrique","status":"publish","type":"product","link":"https:\/\/www.audace44.fr\/commande\/produit\/karting-de-nantes-electrique\/","title":{"rendered":"Karting de Nantes \u00e9lectrique indoor"},"content":{"rendered":"<h3><strong>Le seul Karting \u00e9lectrique Indoor de la r\u00e9gion Nantaise\u00a0: une exp\u00e9rience unique\u00a0!<\/strong><\/h3>\n<p>Nouveau billets t\u00e9l\u00e9chargeables ou envoy\u00e9s par mail ! Choisir un num\u00e9ro (expl: ebillet HN65M), chaque billet \u00e0 un num\u00e9ro. Pour des commandes multiples en t\u00e9l\u00e9chargement, mettre autant de num\u00e9ros que de billets souhait\u00e9s.<\/p>\n<p>Le complexe \"Karting de Nantes\" dispose d'une piste d\u2019une longueur de 410m avec pont, tunnel et ambiance lumineuse... un circuit unique pour des sensations uniques !<\/p>\n<p>Le karts \u00e9lectriques vous surprendront par leur puissance et vitesse de pointe, et ce, dans une athmosph\u00e8re particuli\u00e8re.<\/p>\n<p>27 Rue Bobby Sands, 44800 Saint-Herblain<\/p>\n<p>Pas de date de validit\u00e9.<\/p>\n<p>Billet adulte \u00e0 partir de 14 ans et 1.45m minimum.<\/p>\n<p>Enfants 7 - 13 ans<\/p>\n<p>Cagoule tissu obligatoire en cas d'utilisation de nos casques (Achat sur place 2\u20ac)<\/p>\n<p>Retrouvez toute l'actualit\u00e9 du karting sur le site:<\/p>\n<p><a href=\"https:\/\/www.karting-de-nantes.fr\/fr-fr\/karting-electrique-nantes\/\">www.karting-de-nantes.fr<\/a><\/p>\n","protected":false},"excerpt":{"rendered":"<p>Karting \u00e9lectrique \u00e0 Nantes<\/p>\n<p>Billet adultes et enfants<\/p>\n","protected":false},"featured_media":13144,"template":"","meta":[],"product_cat":[81,71],"product_tag":[74,124],"_links":{"self":[{"href":"https:\/\/www.audace44.fr\/commande\/wp-json\/wp\/v2\/product\/6888"}],"collection":[{"href":"https:\/\/www.audace44.fr\/commande\/wp-json\/wp\/v2\/product"}],"about":[{"href":"https:\/\/www.audace44.fr\/commande\/wp-json\/wp\/v2\/types\/product"}],"wp:featuredmedia":[{"embeddable":true,"href":"https:\/\/www.audace44.fr\/commande\/wp-json\/wp\/v2\/media\/13144"}],"wp:attachment":[{"href":"https:\/\/www.audace44.fr\/commande\/wp-json\/wp\/v2\/media?parent=6888"}],"wp:term":[{"taxonomy":"product_cat","embeddable":true,"href":"https:\/\/www.audace44.fr\/commande\/wp-json\/wp\/v2\/product_cat?post=6888"},{"taxonomy":"product_tag","embeddable":true,"href":"https:\/\/www.audace44.fr\/commande\/wp-json\/wp\/v2\/product_tag?post=6888"}],"curies":[{"name":"wp","href":"https:\/\/api.w.org\/{rel}","templated":true}]}}