{"id":6892,"date":"2025-11-30T09:58:27","date_gmt":"2025-11-30T08:58:27","guid":{"rendered":"https:\/\/amandineledu.art\/commande\/?post_type=product&#038;p=6892"},"modified":"2026-01-15T13:17:51","modified_gmt":"2026-01-15T12:17:51","slug":"laser-karting-de-nantes","status":"publish","type":"product","link":"https:\/\/www.audace44.fr\/commande\/produit\/laser-karting-de-nantes\/","title":{"rendered":"Laser Karting de Nantes Indoor"},"content":{"rendered":"<h3><strong>Un Karting Indoor de 400m pour faire la course en toute s\u00e9curit\u00e9\u00a0!<\/strong><\/h3>\n<p>Le nouveau complexe \"Laser Karting de Nantes\" dispose d'une piste d\u2019une longueur de 400m, sp\u00e9cialement con\u00e7ue pour r\u00e9pondre aux attentes des pilotes de tous les niveaux.<\/p>\n<p>Fluide et rapide, elle permet de profiter des acc\u00e9l\u00e9rations des nouveaux karts thermiques ethanol SODI SR5 270cc.<\/p>\n<p>La piste est prot\u00e9g\u00e9e par un nouveau syst\u00e8me d\u2019absorption -unique en Europe- sign\u00e9 PSD Design : un gage de s\u00e9curit\u00e9 !.<\/p>\n<p>Billets adultes \u00e0 partir de 14 ans et 1.45 m minimum prix public 17 \u20ac<\/p>\n<p>Billet ne donnant acc\u00e8s qu'au karting, pas d'acc\u00e8s au laser game.<\/p>\n<p>Billet enfant 7-13 ans, prix public 12 \u20ac t\u00e9l\u00e9chargeables ou envoy\u00e9s par mail.<\/p>\n<p><strong>Pour choisir un billet t\u00e9l\u00e9chargeable choisissez par exemple \"Adulte CRT5\".<\/strong><\/p>\n<p><strong>Les billets t\u00e9l\u00e9chargeables sont vendus \u00e0 l'unit\u00e9. Pour en acheter plusieurs vous devez mettre plusieurs r\u00e9f\u00e9rences dans votre panier.<\/strong><\/p>\n<p>Situ\u00e9 proche de la clinique Jules Verne, 10 Avenue du March\u00e9 Commun, 44000 Nantes.<\/p>\n<p>Billets sans date de validit\u00e9.<\/p>\n<p>Retrouvez toute l'actualit\u00e9 du karting:<\/p>\n<p><a href=\"https:\/\/www.karting-de-nantes.fr\/fr-fr\/laser-karting-nantes\/\">https:\/\/www.karting-de-nantes.fr\/fr-fr\/laser-karting-nantes\/<\/a><\/p>\n","protected":false},"excerpt":{"rendered":"<p>e-Billets adultes et enfants<\/p>\n<p>Billets sans date de validit\u00e9.<\/p>\n<p>&nbsp;<\/p>\n","protected":false},"featured_media":13137,"template":"","meta":[],"product_cat":[81,71],"product_tag":[73,74,124],"_links":{"self":[{"href":"https:\/\/www.audace44.fr\/commande\/wp-json\/wp\/v2\/product\/6892"}],"collection":[{"href":"https:\/\/www.audace44.fr\/commande\/wp-json\/wp\/v2\/product"}],"about":[{"href":"https:\/\/www.audace44.fr\/commande\/wp-json\/wp\/v2\/types\/product"}],"wp:featuredmedia":[{"embeddable":true,"href":"https:\/\/www.audace44.fr\/commande\/wp-json\/wp\/v2\/media\/13137"}],"wp:attachment":[{"href":"https:\/\/www.audace44.fr\/commande\/wp-json\/wp\/v2\/media?parent=6892"}],"wp:term":[{"taxonomy":"product_cat","embeddable":true,"href":"https:\/\/www.audace44.fr\/commande\/wp-json\/wp\/v2\/product_cat?post=6892"},{"taxonomy":"product_tag","embeddable":true,"href":"https:\/\/www.audace44.fr\/commande\/wp-json\/wp\/v2\/product_tag?post=6892"}],"curies":[{"name":"wp","href":"https:\/\/api.w.org\/{rel}","templated":true}]}}