{"id":6898,"date":"2024-01-04T10:47:55","date_gmt":"2024-01-04T09:47:55","guid":{"rendered":"https:\/\/amandineledu.art\/commande\/?post_type=product&#038;p=6898"},"modified":"2026-04-02T15:21:57","modified_gmt":"2026-04-02T13:21:57","slug":"patinoire-du-petit-port-avec-patins","status":"publish","type":"product","link":"https:\/\/www.audace44.fr\/commande\/produit\/patinoire-du-petit-port-avec-patins\/","title":{"rendered":"Patinoire du Petit Port"},"content":{"rendered":"<p>Gratuit pour les - de 6 ans.<\/p>\n<p>Entr\u00e9e et location de patins dans le prix.<\/p>\n<p><strong>Une patinoire olympique<\/strong>\u00a0pour profiter en famille ou entre amis des joies de la glisse dans une ambiance ludique et chaleureuse. Qu\u2019il s\u2019agisse de\u00a0<strong>pratiquer votre sport favori, ou de profiter des animations et des s\u00e9ances \u00e0 th\u00e8me<\/strong>, la piste est \u00e0 vous !<\/p>\n<p>Diff\u00e9rentes activit\u00e9s et \u00e9v\u00e9nements propos\u00e9s au cours de l'ann\u00e9e.<\/p>\n<p>Renseignements et horaires, <a href=\"https:\/\/www.patinoire-nantes.fr\/fr\/horaires-et-tarifs\">cliquez ICI<\/a><\/p>\n<p>Validit\u00e9 minimum 22\/02\/27<\/p>\n<p>Nouveau billets t\u00e9l\u00e9chargeables, choisissez un billet avec un num\u00e9ro (expl: t\u00e9l\u00e90088). Pour acheter plusieurs billets t\u00e9l\u00e9chargeables vous devez mettre autant de num\u00e9ro dans votre panier que de billets souhait\u00e9s.<\/p>\n","protected":false},"excerpt":{"rendered":"<p>PATINOIRE DU PETIT PORT<br \/>\nBillet tout public<br \/>\nPrix public : 7\u20ac40 \/ Prix Audace : 5\u20ac60<\/p>\n","protected":false},"featured_media":6899,"template":"","meta":[],"product_cat":[81,71],"product_tag":[73,124],"_links":{"self":[{"href":"https:\/\/www.audace44.fr\/commande\/wp-json\/wp\/v2\/product\/6898"}],"collection":[{"href":"https:\/\/www.audace44.fr\/commande\/wp-json\/wp\/v2\/product"}],"about":[{"href":"https:\/\/www.audace44.fr\/commande\/wp-json\/wp\/v2\/types\/product"}],"wp:featuredmedia":[{"embeddable":true,"href":"https:\/\/www.audace44.fr\/commande\/wp-json\/wp\/v2\/media\/6899"}],"wp:attachment":[{"href":"https:\/\/www.audace44.fr\/commande\/wp-json\/wp\/v2\/media?parent=6898"}],"wp:term":[{"taxonomy":"product_cat","embeddable":true,"href":"https:\/\/www.audace44.fr\/commande\/wp-json\/wp\/v2\/product_cat?post=6898"},{"taxonomy":"product_tag","embeddable":true,"href":"https:\/\/www.audace44.fr\/commande\/wp-json\/wp\/v2\/product_tag?post=6898"}],"curies":[{"name":"wp","href":"https:\/\/api.w.org\/{rel}","templated":true}]}}