{"id":6915,"date":"2026-01-30T11:46:17","date_gmt":"2026-01-30T10:46:17","guid":{"rendered":"https:\/\/amandineledu.art\/commande\/?post_type=product&#038;p=6915"},"modified":"2026-04-09T17:32:10","modified_gmt":"2026-04-09T15:32:10","slug":"alliance-pornic","status":"publish","type":"product","link":"https:\/\/www.audace44.fr\/commande\/produit\/alliance-pornic\/","title":{"rendered":"Alliance Pornic"},"content":{"rendered":"<p>Centre de Thalasso et spa \u00e0 Pornic.<\/p>\n<p><strong>Validit\u00e9 prolong\u00e9e sur les billets 2025, jusqu'au 30\/06\/26<\/strong><\/p>\n<p>*********************************************************************************<\/p>\n<p>Retrouvez un parcours aquatique de 350 m\u00b2 en eau de mer chauff\u00e9e \u00e0 33 \u00b0C, bassin de natation en eau de mer chauff\u00e9e \u00e0 29\u00b0C, sauna avec chromoth\u00e9rapie, hammam \u00e0 l'eucalyptus, salle de musculation climatis\u00e9e et plus de 60 activit\u00e9s fitness et aquagym par semaine.<\/p>\n<p>Les billets disponibles chez Audace sont valables uniquement en semaine.<\/p>\n<p><strong>En dehors des horaires d'ouverture d'Audace, vous pouvez commander de billets t\u00e9l\u00e9chargeables imm\u00e9diatement apr\u00e8s paiement CB, dans ce cas choisir un billet avec un num\u00e9ro (expl: t\u00e9l\u00e9chargeable 922). Derri\u00e8re chaque num\u00e9ro un billet unique est en stock. Pour commander plusieurs billets t\u00e9l\u00e9chargeables, vous devez mettre dans le panier plusieurs billets num\u00e9rot\u00e9s.<\/strong><\/p>\n<p>Une fois votre billet achet\u00e9, il vous faudra r\u00e9server au 02 40 82 91 73<\/p>\n<p>B\u00e9n\u00e9ficiez de 5 % (cumulable avec les offres en cours) sur:<\/p>\n<p>S\u00e9jours \"\u00e9chapp\u00e9e\" de 1 \u00e0 3 nuits<\/p>\n<p>S\u00e9jours \u00e0 partir de 4 nuits \"cure remise en forme\"<\/p>\n<p>Cures \u00e0 partir de 4 jours sans h\u00e9bergement sur \"cure remise en forme\"<\/p>\n<p><strong>Code partenaire \u00e0 nous demander<\/strong> et\u00a0 pr\u00e9sentation de la carte Audace sur place. La r\u00e9servation se fait uniquement par t\u00e9l\u00e9phone (02 40 82 21 21 ) en indiquant le code partenaire.<\/p>\n","protected":false},"excerpt":{"rendered":"<p>Journ\u00e9e Thalasso et soin \u00e0 Pornic<\/p>\n<p>e-billets envoy\u00e9s par mail ou en t\u00e9l\u00e9chargement.<\/p>\n","protected":false},"featured_media":16039,"template":"","meta":[],"product_cat":[81,94,95],"product_tag":[98,74,124],"_links":{"self":[{"href":"https:\/\/www.audace44.fr\/commande\/wp-json\/wp\/v2\/product\/6915"}],"collection":[{"href":"https:\/\/www.audace44.fr\/commande\/wp-json\/wp\/v2\/product"}],"about":[{"href":"https:\/\/www.audace44.fr\/commande\/wp-json\/wp\/v2\/types\/product"}],"wp:featuredmedia":[{"embeddable":true,"href":"https:\/\/www.audace44.fr\/commande\/wp-json\/wp\/v2\/media\/16039"}],"wp:attachment":[{"href":"https:\/\/www.audace44.fr\/commande\/wp-json\/wp\/v2\/media?parent=6915"}],"wp:term":[{"taxonomy":"product_cat","embeddable":true,"href":"https:\/\/www.audace44.fr\/commande\/wp-json\/wp\/v2\/product_cat?post=6915"},{"taxonomy":"product_tag","embeddable":true,"href":"https:\/\/www.audace44.fr\/commande\/wp-json\/wp\/v2\/product_tag?post=6915"}],"curies":[{"name":"wp","href":"https:\/\/api.w.org\/{rel}","templated":true}]}}