{"id":6945,"date":"2022-09-30T14:43:50","date_gmt":"2022-09-30T12:43:50","guid":{"rendered":"https:\/\/amandineledu.art\/commande\/?post_type=product&#038;p=6945"},"modified":"2025-12-20T11:32:14","modified_gmt":"2025-12-20T10:32:14","slug":"cgr-cinemas","status":"publish","type":"product","link":"https:\/\/www.audace44.fr\/commande\/produit\/cgr-cinemas\/","title":{"rendered":"CGR Cin\u00e9mas"},"content":{"rendered":"<p>CGR CIN\u00c9MAS en France<\/p>\n<p>Valable dans tous les cin\u00e9mas du groupe CGR, \u00e0 toutes les s\u00e9ances et pour tous les films, sans suppl\u00e9ment. Majoration film 3D offerte\u00a0. Non valable dans les salles ICE, projections LightVibes, op\u00e9rations nationales \u00e0 tarifs sp\u00e9ciaux, hors achat de lunettes 3D si n\u00e9cessaire ou projections de contenus alternatifs autre que films de cin\u00e9ma (op\u00e9ras, ballets, concerts\u2026). Les contremarques ne peuvent \u00eatre ni reprises, ni \u00e9chang\u00e9es, ni prorog\u00e9es, ni rembours\u00e9es.<\/p>\n<p><strong>Avant toute commande, nous vous invitons \u00e0 consulter le r\u00e9seau du partenaire, afin de suivre l\u2019\u00e9volution des conditions de visite appliqu\u00e9es par votre cin\u00e9ma (www.cgrcinemas.fr)<\/strong><\/p>\n<p>E-Billet France, envoy\u00e9 sous 48h les jours d'ouverture d'Audace.<\/p>\n","protected":false},"excerpt":{"rendered":"<p>CGR CIN\u00c9MAS<br \/>\nE-Billet France<\/p>\n","protected":false},"featured_media":6946,"template":"","meta":[],"product_cat":[84,75],"product_tag":[74],"_links":{"self":[{"href":"https:\/\/www.audace44.fr\/commande\/wp-json\/wp\/v2\/product\/6945"}],"collection":[{"href":"https:\/\/www.audace44.fr\/commande\/wp-json\/wp\/v2\/product"}],"about":[{"href":"https:\/\/www.audace44.fr\/commande\/wp-json\/wp\/v2\/types\/product"}],"wp:featuredmedia":[{"embeddable":true,"href":"https:\/\/www.audace44.fr\/commande\/wp-json\/wp\/v2\/media\/6946"}],"wp:attachment":[{"href":"https:\/\/www.audace44.fr\/commande\/wp-json\/wp\/v2\/media?parent=6945"}],"wp:term":[{"taxonomy":"product_cat","embeddable":true,"href":"https:\/\/www.audace44.fr\/commande\/wp-json\/wp\/v2\/product_cat?post=6945"},{"taxonomy":"product_tag","embeddable":true,"href":"https:\/\/www.audace44.fr\/commande\/wp-json\/wp\/v2\/product_tag?post=6945"}],"curies":[{"name":"wp","href":"https:\/\/api.w.org\/{rel}","templated":true}]}}