{"id":6949,"date":"2025-10-30T14:53:58","date_gmt":"2025-10-30T13:53:58","guid":{"rendered":"https:\/\/amandineledu.art\/commande\/?post_type=product&#038;p=6949"},"modified":"2026-04-28T18:34:40","modified_gmt":"2026-04-28T16:34:40","slug":"cinema-pole-sud","status":"publish","type":"product","link":"https:\/\/www.audace44.fr\/commande\/produit\/cinema-pole-sud\/","title":{"rendered":"Cin\u00e9ma P\u00f4le Sud"},"content":{"rendered":"<p>Cin\u00e9ma P\u00f4le Sud<\/p>\n<p><strong>Nouveau ! billets d\u00e9mat\u00e9rialis\u00e9s envoy\u00e9s par mail ou \u00e0 t\u00e9l\u00e9charger (choisir un billet avec un num\u00e9ro expl: t\u00e9l\u00e987M9).<\/strong><\/p>\n<p>Si vous souhaitez plusieurs billets t\u00e9l\u00e9chargeables, mettez plusieurs r\u00e9f\u00e9rences dans votre panier.<\/p>\n<p>Ebillet (non t\u00e9l\u00e9chargeable) envoy\u00e9s uniquement les jours d'ouverture d'Audace.<\/p>\n<p>validit\u00e9\u00a0 minimum 28\/02\/27<\/p>\n<p>Billet tout public, mais les billets -26 ans sont \u00e0 4 \u20ac directement au cin\u00e9ma.<\/p>\n<p>D\u00e9couvrez les films \u00e0 l'affiche et faites directement vos r\u00e9servations \u00e0 partir du lien: <a href=\"https:\/\/www.cinepolesud.fr\/\">ICI<\/a><\/p>\n","protected":false},"excerpt":{"rendered":"<p>CIN\u00c9MA P\u00d4LE SUD<\/p>\n<p>Billet + 26 ans<br \/>\nPrix public : 8\u20ac \/ Prix Audace : 5\u20ac60<\/p>\n","protected":false},"featured_media":6950,"template":"","meta":[],"product_cat":[84,75],"product_tag":[74,124],"_links":{"self":[{"href":"https:\/\/www.audace44.fr\/commande\/wp-json\/wp\/v2\/product\/6949"}],"collection":[{"href":"https:\/\/www.audace44.fr\/commande\/wp-json\/wp\/v2\/product"}],"about":[{"href":"https:\/\/www.audace44.fr\/commande\/wp-json\/wp\/v2\/types\/product"}],"wp:featuredmedia":[{"embeddable":true,"href":"https:\/\/www.audace44.fr\/commande\/wp-json\/wp\/v2\/media\/6950"}],"wp:attachment":[{"href":"https:\/\/www.audace44.fr\/commande\/wp-json\/wp\/v2\/media?parent=6949"}],"wp:term":[{"taxonomy":"product_cat","embeddable":true,"href":"https:\/\/www.audace44.fr\/commande\/wp-json\/wp\/v2\/product_cat?post=6949"},{"taxonomy":"product_tag","embeddable":true,"href":"https:\/\/www.audace44.fr\/commande\/wp-json\/wp\/v2\/product_tag?post=6949"}],"curies":[{"name":"wp","href":"https:\/\/api.w.org\/{rel}","templated":true}]}}