{"id":6955,"date":"2025-10-30T15:06:23","date_gmt":"2025-10-30T14:06:23","guid":{"rendered":"https:\/\/amandineledu.art\/commande\/?post_type=product&#038;p=6955"},"modified":"2026-03-13T13:51:41","modified_gmt":"2026-03-13T12:51:41","slug":"cineville","status":"publish","type":"product","link":"https:\/\/www.audace44.fr\/commande\/produit\/cineville\/","title":{"rendered":"Pass&#8217;Cin\u00e9ville  multi enseignes"},"content":{"rendered":"<p>Retrouvez toutes les programmations de<a href=\"https:\/\/www.cineville.fr\/\"> Cin\u00e9ville ICI<\/a><\/p>\n<p><strong>Nouveau ! ebillets t\u00e9l\u00e9chargeables apr\u00e8s paiement CB valid\u00e9.<\/strong><\/p>\n<p>Vous avez le choix entre des billets envoy\u00e9s par mail aux horaires et jours d'ouverture d'Audace, ou des billets t\u00e9l\u00e9chargeables.<\/p>\n<p>Un billet t\u00e9l\u00e9chargeable est identifi\u00e9 par un num\u00e9ro (expl: CIN5896), il vous faut choisir un num\u00e9ro par billet t\u00e9l\u00e9chargeable.<\/p>\n<p>Valables dans les cin\u00e9ville : Bruz -Concarneau -H\u00e9nin-Beaumont-La Roche-Sur-Yon-Laval-Lorient-Katorza Nantes-Les Ponts-de-C\u00e9-Quimper-Pont-l'Abb\u00e9 -Katorza Quimper-Saint-Nazaire-Saint-S\u00e9bastien-Vannes Parc Lann-Vannes Garenne-Vern-Sur-Seiche. Mais \u00e9galement accept\u00e9s dans d'autres cin\u00e9mas comme: Ancenis, Clisson, Nozay, Le Croisic, St Gilles Croix de Vie, Vannes...<\/p>\n<p>Liste par d\u00e9partements:<\/p>\n<h6><em>(14) - CABOURG CASINO - CABOURG NORMANDIE - DINAN VERS LE LARGE (22) - ERQUY ARMOR CIN\u00c9 - LAMBALLE PENTHI\u00c8VRE - MERDRIGNAC STUDIO - PAIMPOL BREIZ - PLESTIN-LES-GR\u00c8VES DOURON - PLOUGUENAST CITH\u00c9A - QUINTIN ROCHONEN - ROSTRENEN CIN\u00c9 BREIZH - SAINT CAST LE GUILDO L'\u00c9DEN - SAINT-BRIEUC CLUB - TR\u00c9GUEUX CIN\u00c9LAND (29) - BREST STUDIOS - CAMARET ROCAMADOUR - CARANTEC ETOILE CIN\u00c9 - CARHAIX GRAND BLEU - CHATEAULIN AGORA - CONCARNEAU CELTIC - CROZON REX - HUELGOAT ARTHUS - LANDERNEAU ROHAN - LANDIVISIAU STUDIO - LESNEVEN EVEN - MOELAN-SUR-MER KERFANY -MORLAIX LE RIALTO -MORLAIX SALAMANDRE - PENMARCH ECKMULH - PLOUESCAT DAUPHIN - PLOUGASTEL-DAOULAS IMAGE - PONT-L\u2019ABB\u00c9 CIN\u00c9VILLE - QUIMPER CIN\u00c9VILLE - QUIMPER KATORZA - QUIMPERL\u00c9 BOBINE - ROSCOFF SAINTE-BARBE - SAINT-POL-DE-L\u00c9ON MAJESTIC SAINT-RENAN BRETAGNE (35) - ACIGN\u00c9 FOYER - ARGENTR\u00c9-DU-PLESSIS CIN'\u00c9VASION - BAIN-DE-BRETAGNE CIN\u00c9 SPECTACLES -BETTON TRISKEL - BR\u00c9AL-SOUS-MONTFORT BOBINE -BRUZ CIN\u00c9VILLE - CANCALE DUGUESCLIN -CESSON-SEVIGN\u00c9 S\u00c9VIGN\u00c9 -CHARTRES-DE-BRETAGNE ESP\u00c9RANCE - CHATEAUBOURG \u00c9TOILE - CHATEAUGIRON PARADISIO CHATILLON-EN-VENDELAIS VENDELAIS - COMBOURG CHATEAUBRIAND - DINARD ALIZ\u00c9S - FOUG\u00c8RES CLUB - GUICHEN BRETAGNE - GUIPRY ALLIANCE - JANZ\u00c9 STELLA - LA GUERCHE-DE-BRETAGNE BRETAGNE - LIFFR\u00c9 SAINT-MICHEL - MAURE-DE-BRETAGNE AURORE - MONTAUBAN-DE-BRETAGNE CIN\u00c9 MONTAL - MONTFORT-SUR-MEU CANE - PL\u00c9LAN-LE-GRAND HERMINE - PLEURTUIT ARMOR - RENNES ARVOR - RETIERS RESTERIA - ROMILL\u00c9 KORRIGAN - SAINT-AUBIN-DU-CORMIER MAUCLERC - SAINT-GEORGES-DE-REINTEMBAULT MAUNOIR - SAINT-LUNAIRE FAMILIAL - SAINT-MALO VAUBAN - SAINT-M\u00c9EN-LE-GRAND CELTIC - VERN-SUR-SEICHE CIN\u00c9VILLE (37) - AMBOISE CIN\u00c9 A (44) - ANCENIS \u00c9DEN - CAMPBON VICTORIA - CHATEAUBRIANT ATLANTIC CIN\u00c9 - CLISSON CONN\u00c9TABLE - GU\u00c9M\u00c9N\u00c9-PENFAO OD\u00c9ON - LA MONTAGNE MONTAGNARD - LE CROISIC HUBLOT - NANTES BONNE GARDE - NANTES KATORZA - NORT SUR ERDRE PARADISO - NOZAY NOZEK - PORNIC SAINT-GILLES - SAINT-MALO-DE-GUERSAC MALOUINE - SAINT-NAZAIRE CIN\u00c9VILLE - SAINT-S\u00c9BASTIEN\/LOIRE CIN\u00c9VILLE (49) - BEAUFORT EN VALL\u00c9E CIN\u00c9MA BEAUFORT EN VALL\u00c9E - CAND\u00c9 LE BEAULIEU - LES-PONTS-DE-C\u00c9 (53) - LAVAL CIN\u00c9VILLE - LE BOURGNEUF-LA-FORET TRIANON - MONTSURS MAJESTIC - RENAZ\u00c9 VOX - SAINT-PIERRE-DES-NIDS AIGLON (56) - GOURIN JEANNE ARC - GUER QUAI 56 - INZINZAC LOCHRIST VULCAIN - JOSSELIN BEAUMANOIR - LA ROCHE-BERNARD COURONNE - LE FAOUET ELL\u00c9 - LORIENT CIN\u00c9VILLE - MALESTROIT ARMORIC - MUZILLAC JEANNE ARC - VANNES CIN\u00c9VILLE PARC LANN - VANNES GARENNE (61) - ALENCON NORMANDY - ARGENTAN NORMANDY - H\u00c9NIN-BEAUMONT CIN\u00c9VILLE (85) - LA ROCHE-SUR-YON CIN\u00c9VILLE - ST-GILLES-CX-DE-VIE CIN\u00c9MARINE<\/em><\/h6>\n<h6><\/h6>\n<p>Validit\u00e9 minimum 17\/06\/26<\/p>\n<p>&nbsp;<\/p>\n","protected":false},"excerpt":{"rendered":"<p>CIN\u00c9VILLE<br \/>\nBillets nationaux<\/p>\n<p>Ancenis, Clisson, Nozay, Le Croisic, St Gilles Croix de Vie, Vannes, St-Nazaire&#8230;<\/p>\n","protected":false},"featured_media":6958,"template":"","meta":[],"product_cat":[84,75],"product_tag":[74,124],"_links":{"self":[{"href":"https:\/\/www.audace44.fr\/commande\/wp-json\/wp\/v2\/product\/6955"}],"collection":[{"href":"https:\/\/www.audace44.fr\/commande\/wp-json\/wp\/v2\/product"}],"about":[{"href":"https:\/\/www.audace44.fr\/commande\/wp-json\/wp\/v2\/types\/product"}],"wp:featuredmedia":[{"embeddable":true,"href":"https:\/\/www.audace44.fr\/commande\/wp-json\/wp\/v2\/media\/6958"}],"wp:attachment":[{"href":"https:\/\/www.audace44.fr\/commande\/wp-json\/wp\/v2\/media?parent=6955"}],"wp:term":[{"taxonomy":"product_cat","embeddable":true,"href":"https:\/\/www.audace44.fr\/commande\/wp-json\/wp\/v2\/product_cat?post=6955"},{"taxonomy":"product_tag","embeddable":true,"href":"https:\/\/www.audace44.fr\/commande\/wp-json\/wp\/v2\/product_tag?post=6955"}],"curies":[{"name":"wp","href":"https:\/\/api.w.org\/{rel}","templated":true}]}}