{"id":6956,"date":"2025-12-05T10:12:48","date_gmt":"2025-12-05T09:12:48","guid":{"rendered":"https:\/\/amandineledu.art\/commande\/?post_type=product&#038;p=6956"},"modified":"2026-01-26T13:38:23","modified_gmt":"2026-01-26T12:38:23","slug":"ugc","status":"publish","type":"product","link":"https:\/\/www.audace44.fr\/commande\/produit\/ugc\/","title":{"rendered":"UGC national"},"content":{"rendered":"<p>Billet UGC national<br \/>\nNouveau ! billets d\u00e9mat\u00e9rialis\u00e9s, envoy\u00e9s par mail le jours d'ouverture d'Audace ou t\u00e9l\u00e9chargeables (choisir un billet type T\u00e9l\u00e9c5489).<\/p>\n<p>Chaque r\u00e9f\u00e9rence repr\u00e9sente un seul billet, pour l'achat de plusieurs billets choisir plusieurs r\u00e9f\u00e9rences.<\/p>\n<p>&nbsp;<\/p>\n","protected":false},"excerpt":{"rendered":"<p>Billet UGC national<\/p>\n","protected":false},"featured_media":6957,"template":"","meta":[],"product_cat":[84,75],"product_tag":[74,124],"_links":{"self":[{"href":"https:\/\/www.audace44.fr\/commande\/wp-json\/wp\/v2\/product\/6956"}],"collection":[{"href":"https:\/\/www.audace44.fr\/commande\/wp-json\/wp\/v2\/product"}],"about":[{"href":"https:\/\/www.audace44.fr\/commande\/wp-json\/wp\/v2\/types\/product"}],"wp:featuredmedia":[{"embeddable":true,"href":"https:\/\/www.audace44.fr\/commande\/wp-json\/wp\/v2\/media\/6957"}],"wp:attachment":[{"href":"https:\/\/www.audace44.fr\/commande\/wp-json\/wp\/v2\/media?parent=6956"}],"wp:term":[{"taxonomy":"product_cat","embeddable":true,"href":"https:\/\/www.audace44.fr\/commande\/wp-json\/wp\/v2\/product_cat?post=6956"},{"taxonomy":"product_tag","embeddable":true,"href":"https:\/\/www.audace44.fr\/commande\/wp-json\/wp\/v2\/product_tag?post=6956"}],"curies":[{"name":"wp","href":"https:\/\/api.w.org\/{rel}","templated":true}]}}