{"id":6968,"date":"2025-09-10T10:58:11","date_gmt":"2025-09-10T08:58:11","guid":{"rendered":"https:\/\/amandineledu.art\/commande\/?post_type=product&#038;p=6968"},"modified":"2025-12-12T16:03:44","modified_gmt":"2025-12-12T15:03:44","slug":"24h-du-mans","status":"publish","type":"product","link":"https:\/\/www.audace44.fr\/commande\/produit\/24h-du-mans\/","title":{"rendered":"24h du Mans"},"content":{"rendered":"<p>24 H Le Mans Classic, Motos, Autos et Camions<\/p>\n<p>Il existe une tr\u00e8s forte demande cette ann\u00e9e, nous ne garantissons pas d'obtenir des places.<\/p>\n<p>Nous contacter avant toute commande !<\/p>\n<p><strong>24 h Autos du Mans du 10 au 14 juin 2026 <\/strong>\u00a0N'h\u00e9sitez pas \u00e0 nous faire vos demandes.<\/p>\n<p><strong>Entr\u00e9e semaine course:<\/strong> valable toute la semaine, ce billet vous permet de profiter au maximum des essais, de la course et des nombreuses animations organis\u00e9es toute la semaine en marge de la course.<\/p>\n<ul>\n<li><strong>Valable pour la Journ\u00e9e Test du 7 juin puis du mardi 9 juin (14h00) au dimanche 14 juin (18h00).<\/strong><\/li>\n<li>Acc\u00e8s \u00e0 l\u2019enceinte et aux Virages Mulsanne, Arnage et Porsche\u00a0<em>(int\u00e9rieur aire de Beaus\u00e9jour).<\/em><\/li>\n<li>Acc\u00e8s au Village, aux buttes spectateurs et aux animations\u00a0<em>(visite des stands, fan zone, concerts, f\u00eate foraine\u2026)<\/em>.<\/li>\n<li>Libre acc\u00e8s aux tribunes lors de la Journ\u00e9e Test et des deux journ\u00e9es d\u2019Essais\u00a0<em>(acc\u00e8s tribunes T17-Durand et T18-ACO r\u00e9serv\u00e9es aux Membres ACO)<\/em>.<\/li>\n<li>1 visite libre gratuite du Mus\u00e9e pendant la semaine des 24 Heures du Mans.<\/li>\n<li><strong>Gratuit\u00e9 -16 ans : Pas de billet Entr\u00e9e Semaine - Course<\/strong>\u00a0pour les enfants n\u00e9s apr\u00e8s le 14 juin 2010 et accompagn\u00e9s d\u2019au moins un adulte muni d\u2019un titre d\u2019acc\u00e8s. Un bracelet sera remis \u00e0 l\u2019entr\u00e9e du circuit \u2013 un justificatif d\u2019\u00e2ge pourra \u00eatre demand\u00e9.<\/li>\n<\/ul>\n<p><strong>Entr\u00e9e week-end course<\/strong>: valable les 13 et 14 juin, ce billet vous permet de profiter au maximum de la course et des nombreuses animations organis\u00e9es en marge de la course.<\/p>\n<ul>\n<li><strong>Valable uniquement du samedi 13 (8h00) au dimanche 14 juin (18h00).<\/strong><\/li>\n<li>Acc\u00e8s \u00e0 l\u2019enceinte et aux Virages Mulsanne, Arnage et Porsche\u00a0<em>(int\u00e9rieur aire de Beaus\u00e9jour).<\/em><\/li>\n<li>Acc\u00e8s au Village, aux buttes spectateurs et aux animations\u00a0<em>(fan zone, concerts, f\u00eate foraine\u2026)<\/em>.<\/li>\n<li>1 visite libre gratuite du Mus\u00e9e pendant le week-end des 24 Heures du Mans.<\/li>\n<li><strong>Gratuit\u00e9 -16 ans : Pas de billet Entr\u00e9e Week-End - Course<\/strong>\u00a0pour les enfants n\u00e9s apr\u00e8s le 14 juin 2010 et accompagn\u00e9s d\u2019au moins un adulte muni d\u2019un titre d\u2019acc\u00e8s. Un bracelet sera remis \u00e0 l\u2019entr\u00e9e du circuit \u2013 un justificatif d\u2019\u00e2ge pourra \u00eatre demand\u00e9.<\/li>\n<\/ul>\n<p><strong>Entr\u00e9e essais 2 jours: <\/strong>2 Jours pour vivre l\u2019exp\u00e9rience 24 Heures du Mans ! Des Essais Qualificatifs \u00e0 l'Hyperpole la tension sur la piste sera intense pour la lutte \u00e0 la pole ! C\u00f4t\u00e9 festif, profitez de 2 concerts, des Fan Zones et de nombreuses animations dans le Village.<\/p>\n<ul>\n<li><strong>Valable uniquement les mercredi 10 et jeudi 11 juin 2026.<\/strong><\/li>\n<li>Acc\u00e8s \u00e0 l\u2019enceinte et aux Virages Mulsanne, Arnage<\/li>\n<li>Acc\u00e8s au Village, aux buttes spectateurs et aux animations\u00a0<em>(fan zone, f\u00eate foraine\u2026)<\/em>.<\/li>\n<li>Libre acc\u00e8s aux tribunes\u00a0<em>(acc\u00e8s tribunes T17-Durand - T18-ACO r\u00e9serv\u00e9es aux Membres ACO ayant l\u2019option R\u00e9ceptif Club)<\/em>.<\/li>\n<li>Quota disponible limit\u00e9<\/li>\n<li><strong>Gratuit\u00e9 -16 ans : Pas de billet Entr\u00e9e Essais \u2013 2 jours\u00a0<\/strong>pour les enfants n\u00e9s apr\u00e8s le 11 juin 2010 et accompagn\u00e9s d\u2019au moins un adulte muni d\u2019un titre d\u2019acc\u00e8s. Un bracelet sera remis \u00e0 l\u2019entr\u00e9e du circuit \u2013 un justificatif d\u2019\u00e2ge pourra \u00eatre demand\u00e9.<\/li>\n<\/ul>\n<p><strong>Entr\u00e9e essais mercredi:<\/strong> premiers Essais de nuit, qualification pour l\u2019Hyperpole, le billet Mercredi vous permet d\u2019acc\u00e9der \u00e0 un programme festif et intense.<\/p>\n<ul>\n<li><strong>Valable uniquement le mercredi 10 juin 2026.<\/strong><\/li>\n<li>Acc\u00e8s concert dans la limite de la capacit\u00e9 de la Fan Zone Concert<\/li>\n<li>Acc\u00e8s \u00e0 l\u2019enceinte et aux Virages Mulsanne et Arnage<\/li>\n<li>Acc\u00e8s au Village, aux buttes spectateurs et aux animations\u00a0<em>(fan zone, expo village, f\u00eate foraine\u2026)<\/em>.<\/li>\n<li>Libre acc\u00e8s aux tribunes\u00a0<em>(acc\u00e8s tribunes T17-Durand et T18-ACO r\u00e9serv\u00e9es aux Membres ACO ayant l\u2019option R\u00e9ceptif Club)<\/em>.<\/li>\n<li>Quota disponible limit\u00e9<\/li>\n<li><strong>Gratuit\u00e9 -16 ans : Pas de billet Entr\u00e9e Essais - Mercredi\u00a0<\/strong>pour les enfants n\u00e9s apr\u00e8s le 10 juin 2010 et accompagn\u00e9s d\u2019au moins un adulte muni d\u2019un titre d\u2019acc\u00e8s (max 4 enfants par adulte). Un bracelet sera remis \u00e0 l\u2019entr\u00e9e du circuit \u2013 un justificatif d\u2019\u00e2ge pourra \u00eatre demand\u00e9.<\/li>\n<\/ul>\n<p><strong>Entr\u00e9e essais jeudi<\/strong>: gr\u00e2ce au billet Jeudi, vivez une journ\u00e9e d\u2019Essais intense c\u00f4t\u00e9 piste avec lutte pour la premi\u00e8re place sur la grille de d\u00e9part lors de l\u2019Hyperpole.<\/p>\n<ul>\n<li><strong>Valable uniquement le jeudi 11 juin 2026.<\/strong><\/li>\n<li>Acc\u00e8s \u00e0 l\u2019enceinte et aux Virages Mulsanne, Arnage<\/li>\n<li>Acc\u00e8s au Village, aux buttes spectateurs et aux animations\u00a0<em>(fan zone, expo village, f\u00eate foraine\u2026)<\/em>.<\/li>\n<li>Libre acc\u00e8s aux tribunes\u00a0<em>(sauf T17-Durand et T18-ACO r\u00e9serv\u00e9es aux Membres ACO ayant l\u2019option R\u00e9ceptif Club)<\/em>.<\/li>\n<li><strong>Gratuit\u00e9 -16 ans : Pas de billet Entr\u00e9e Essais \u2013 Jeudi\u00a0<\/strong>pour les enfants n\u00e9s apr\u00e8s le 11 juin 2010 et accompagn\u00e9s d\u2019au moins un adulte muni d\u2019un titre d\u2019acc\u00e8s. Un bracelet sera remis \u00e0 l\u2019entr\u00e9e du circuit \u2013 un justificatif d\u2019\u00e2ge pourra \u00eatre demand\u00e9.<\/li>\n<\/ul>\n<p>&nbsp;<\/p>\n<p><strong>Le Mans Classic<\/strong> du 2 au 5 juillet 2026, profiter des 4 jours de l'\u00e9v\u00e9nement pour revivre les grandes heures du turbo, des prototypes et des GT des ann\u00e9es 70 aux ann\u00e9es 2010 !<\/p>\n<ul>\n<li>Valable du jeudi 2 juillet 9h00 au dimanche 5 juillet<\/li>\n<li>Acc\u00e8s aux zones publiques : Buttes spectateurs, expos parking Clubs, animations musicales, Virages Mulsanne - Arnage (vendredi, samedi et dimanche)<\/li>\n<li><strong>Libre acc\u00e8s aux Paddocks le jeudi 2 juillet<\/strong><\/li>\n<li>Gratuit\u00e9 -16 ans : Pas de billet Entr\u00e9e 4 Jours pour les enfants n\u00e9s apr\u00e8s le 5 juillet 2010 et accompagn\u00e9s d\u2019au moins un adulte muni d\u2019un titre d\u2019acc\u00e8s. Un bracelet sera remis \u00e0 l\u2019entr\u00e9e du circuit \u2013 un justificatif d\u2019\u00e2ge pourra \u00eatre demand\u00e9.<\/li>\n<\/ul>\n<p>&nbsp;<\/p>\n<p><strong>24 H Motos: <\/strong>valable les 4 Jours, ce billet vous permet de profiter au maximum de l'\u00e9v\u00e9nement. Au programme Essais de nuit le jeudi, Essais de jour et visite des Stands le vendredi, samedi : d\u00e9part \u00e0 15h00 de la 49e \u00e9dition pour 24 heures de lutte sur la piste. Animations musicales, f\u00eate foraine, exposition... de nombreuses animations sont pr\u00e9vues pour vivre 4 jours intens\u00e9ment !<\/p>\n<ul>\n<li>Valable du<strong>\u00a0jeudi 16 au dimanche 19 avril 2026.<\/strong><\/li>\n<li>Acc\u00e8s au Village, aux buttes spectateurs et aux animations<\/li>\n<li>Libre acc\u00e8s aux tribunes, except\u00e9 les tribunes : T16-Sommer-T17-Durand, T18-ACO, T19-Lagache et T52-Stands.<\/li>\n<li>Billet d\u2019entr\u00e9e circuit obligatoire pour acc\u00e9der \u00e0 l\u2019\u00e9v\u00e9nement\u00a0<em>(y compris les aires d\u2019accueil)<\/em>. Un billet par personne de plus de 16 ans.<\/li>\n<li>Gratuit\u00e9 16 ans : Pas de billet Entr\u00e9e circuit pour les enfants n\u00e9s apr\u00e8s le 19 avril 2010 et accompagn\u00e9s d\u2019au moins un adulte muni d\u2019un titre d\u2019acc\u00e8s. Un bracelet sera remis \u00e0 l\u2019entr\u00e9e du circuit, un justificatif d\u2019\u00e2ge pourra \u00eatre demand\u00e9.<\/li>\n<\/ul>\n<p><strong>24h Camions:<\/strong> Valable le samedi et dimanche, ce billet vous permet de profiter au maximum des essais, des courses et des nombreuses animations organis\u00e9es en marge de l\u2019\u00e9v\u00e9nement.<\/p>\n<div class=\"description\">\n<ul>\n<li><strong>Valable samedi 26 et dimanche 27 septembre 2026.<\/strong><\/li>\n<li>Acc\u00e8s au Village, aux buttes spectateurs et aux animations.<\/li>\n<li>Libre acc\u00e8s aux tribunes, except\u00e9 les tribunes : T17-Durand, T18-ACO r\u00e9serv\u00e9es aux Membres ACO.<\/li>\n<li>Ce billet est gratuit pour les moins de 16 ans\u00a0<em>(n\u00e9s apr\u00e8s le 27 septembre 2010)<\/em>\u00a0accompagn\u00e9s d\u2019au moins un adulte muni d\u2019un titre d\u2019acc\u00e8s. Un bracelet sera remis \u00e0 l\u2019entr\u00e9e du circuit \u2013 un justificatif d\u2019\u00e2ge sera demand\u00e9.<\/li>\n<li>Parkings ext\u00e9rieurs gratuits zone a\u00e9roport - camping interdit.<\/li>\n<\/ul>\n<\/div>\n","protected":false},"excerpt":{"rendered":"<p>24 H Autos, 24 H motos, Le Mans Classic et Camions<\/p>\n<p>e-billets 2026<\/p>\n","protected":false},"featured_media":6969,"template":"","meta":[],"product_cat":[119,84,93],"product_tag":[74],"_links":{"self":[{"href":"https:\/\/www.audace44.fr\/commande\/wp-json\/wp\/v2\/product\/6968"}],"collection":[{"href":"https:\/\/www.audace44.fr\/commande\/wp-json\/wp\/v2\/product"}],"about":[{"href":"https:\/\/www.audace44.fr\/commande\/wp-json\/wp\/v2\/types\/product"}],"wp:featuredmedia":[{"embeddable":true,"href":"https:\/\/www.audace44.fr\/commande\/wp-json\/wp\/v2\/media\/6969"}],"wp:attachment":[{"href":"https:\/\/www.audace44.fr\/commande\/wp-json\/wp\/v2\/media?parent=6968"}],"wp:term":[{"taxonomy":"product_cat","embeddable":true,"href":"https:\/\/www.audace44.fr\/commande\/wp-json\/wp\/v2\/product_cat?post=6968"},{"taxonomy":"product_tag","embeddable":true,"href":"https:\/\/www.audace44.fr\/commande\/wp-json\/wp\/v2\/product_tag?post=6968"}],"curies":[{"name":"wp","href":"https:\/\/api.w.org\/{rel}","templated":true}]}}