{"id":6988,"date":"2024-02-11T17:58:20","date_gmt":"2024-02-11T16:58:20","guid":{"rendered":"https:\/\/amandineledu.art\/commande\/?post_type=product&#038;p=6988"},"modified":"2026-04-21T16:54:20","modified_gmt":"2026-04-21T14:54:20","slug":"la-mine-bleue","status":"publish","type":"product","link":"https:\/\/www.audace44.fr\/commande\/produit\/la-mine-bleue\/","title":{"rendered":"La Mine Bleue"},"content":{"rendered":"<p>NOUVEAU ! billets t\u00e9l\u00e9chargeables et ebillets !<\/p>\n<p>Pour les billets t\u00e9l\u00e9chargeables choisissez un num\u00e9ro de billet (expl: 31,32....), ils doivent \u00eatre imprim\u00e9s sur A4 et pr\u00e9sent\u00e9s \u00e0 l'accueil.<\/p>\n<p>S'il n'y \u00e0 plus de stock nous contacter, nous pouvons avoir d'autres ebillets rapidement.<\/p>\n<p>Une fois vos billets achet\u00e9s chez Audace, r\u00e9servation obligatoire par t\u00e9l\u00e9phone 02 41 94 39 69<\/p>\n<p>Billets valables pour la saison 2025.<\/p>\n<p><strong>Site unique en Europe<\/strong>,\u00a0<strong>la Mine bleu<\/strong><strong>e vous propose u<\/strong><strong>n moment inoubliable\u00a0\u00e0 126 m\u00e8tres sous terre dans une authentique mine d'ardoise\u00a0!<\/strong><\/p>\n<p style=\"text-align: left;\" align=\"center\">En plein c\u0153ur de l\u2019<strong>ancien site minier<\/strong>, la\u00a0<strong>visite guid\u00e9e<\/strong>\u00a0dans les\u00a0<strong>galeries<\/strong>\u00a0et\u00a0<strong>chambres d\u2019extraction<\/strong>\u00a0vous invite \u00e0 un\u00a0<strong>voyage insolite dans le pass\u00e9\u00a0<\/strong>pour d\u00e9couvrir l'origine de l'ardoise et ses techniques d'exploitation.<\/p>\n<p style=\"text-align: left;\" align=\"center\">En surface, dans la continuit\u00e9 de la visite, vous d\u00e9couvrirez les grandes \u00e9tapes de confection d\u2019une<strong>\u00a0ardoise\u00a0<\/strong>selon les m\u00e9thodes d\u2019autrefois.\u00a0<strong>D\u00e9biter<\/strong>,\u00a0<strong>querner<\/strong>,\u00a0<strong>fendre<\/strong>\u00a0et<strong>\u00a0rondir<\/strong>, sont autant de mots avec lesquels vous pourrez vous familiariser, d\u00e9monstration \u00e0 l\u2019appui.<\/p>\n<p style=\"text-align: left;\" align=\"center\"><a href=\"https:\/\/www.laminebleue.com\/fr\/\" target=\"_blank\" rel=\"noopener noreferrer\">Site pour d\u00e9couvrir la mine: ICI<\/a><\/p>\n","protected":false},"excerpt":{"rendered":"<p>La Mine Bleue, Segr\u00e9 en Anjou bleu (49520)<\/p>\n<p><strong>Site unique en Europe<\/strong>,\u00a0<strong>la Mine bleu<\/strong><strong>e vous propose u<\/strong><strong>n moment inoubliable\u00a0\u00e0 126 m\u00e8tres sous terre dans une authentique mine d&#8217;ardoise\u00a0!<\/strong><\/p>\n<p>&nbsp;<\/p>\n","protected":false},"featured_media":6989,"template":"","meta":[],"product_cat":[84,92,88],"product_tag":[74,124],"_links":{"self":[{"href":"https:\/\/www.audace44.fr\/commande\/wp-json\/wp\/v2\/product\/6988"}],"collection":[{"href":"https:\/\/www.audace44.fr\/commande\/wp-json\/wp\/v2\/product"}],"about":[{"href":"https:\/\/www.audace44.fr\/commande\/wp-json\/wp\/v2\/types\/product"}],"wp:featuredmedia":[{"embeddable":true,"href":"https:\/\/www.audace44.fr\/commande\/wp-json\/wp\/v2\/media\/6989"}],"wp:attachment":[{"href":"https:\/\/www.audace44.fr\/commande\/wp-json\/wp\/v2\/media?parent=6988"}],"wp:term":[{"taxonomy":"product_cat","embeddable":true,"href":"https:\/\/www.audace44.fr\/commande\/wp-json\/wp\/v2\/product_cat?post=6988"},{"taxonomy":"product_tag","embeddable":true,"href":"https:\/\/www.audace44.fr\/commande\/wp-json\/wp\/v2\/product_tag?post=6988"}],"curies":[{"name":"wp","href":"https:\/\/api.w.org\/{rel}","templated":true}]}}