{"id":6993,"date":"2024-02-12T10:03:36","date_gmt":"2024-02-12T09:03:36","guid":{"rendered":"https:\/\/amandineledu.art\/commande\/?post_type=product&#038;p=6993"},"modified":"2026-04-24T11:24:26","modified_gmt":"2026-04-24T09:24:26","slug":"musee-grevin","status":"publish","type":"product","link":"https:\/\/www.audace44.fr\/commande\/produit\/musee-grevin\/","title":{"rendered":"Mus\u00e9e Gr\u00e9vin"},"content":{"rendered":"<p>MUS\u00c9E GR\u00c9VIN<\/p>\n<p>************************<\/p>\n<p><strong>PROMO p\u00e9riode<\/strong> -ebillet valable un jour pour une visite entre le 6 juin et le 10 juillet 2026 selon le calendrier d'ouverture communiqu\u00e9 sur www.grevin-paris.com.<\/p>\n<p>Ce billet non \u00e9changeable et non remboursable ne donne pas acc\u00e8s aux privatisations et aux \u00e9v\u00e9nements sp\u00e9ciaux.<br \/>\nAcc\u00e8s gratuit pour les enfants de moins de 5 ans.<\/p>\n<p>A commander avant le 29\/05\/26<\/p>\n<p>**************************************************<\/p>\n<p>Billet tout public non dat\u00e9s, valable toute l'ann\u00e9e.<br \/>\nPrix Audace : 19 \u20ac gratuit pour les moins de 5 ans<br \/>\nDisponibilit\u00e9 du e-billet sous 48h aux jours et horaires d'ouverture d'Audace<\/p>\n<p>Prix public 28 \u20ac<\/p>\n<p>Certaines offres sur le site du mus\u00e9e Gr\u00e9vin peuvent \u00eatre plus avantageuses suivant les p\u00e9riodes de visites.<\/p>\n","protected":false},"excerpt":{"rendered":"<p>MUS\u00c9E GR\u00c9VIN<br \/>\nBillet tout public non dat\u00e9s<br \/>\nDisponibilit\u00e9 sous 48h, les jours d&#8217;ouverture d&#8217;Audace<\/p>\n","protected":false},"featured_media":6994,"template":"","meta":[],"product_cat":[84,92],"product_tag":[74],"_links":{"self":[{"href":"https:\/\/www.audace44.fr\/commande\/wp-json\/wp\/v2\/product\/6993"}],"collection":[{"href":"https:\/\/www.audace44.fr\/commande\/wp-json\/wp\/v2\/product"}],"about":[{"href":"https:\/\/www.audace44.fr\/commande\/wp-json\/wp\/v2\/types\/product"}],"wp:featuredmedia":[{"embeddable":true,"href":"https:\/\/www.audace44.fr\/commande\/wp-json\/wp\/v2\/media\/6994"}],"wp:attachment":[{"href":"https:\/\/www.audace44.fr\/commande\/wp-json\/wp\/v2\/media?parent=6993"}],"wp:term":[{"taxonomy":"product_cat","embeddable":true,"href":"https:\/\/www.audace44.fr\/commande\/wp-json\/wp\/v2\/product_cat?post=6993"},{"taxonomy":"product_tag","embeddable":true,"href":"https:\/\/www.audace44.fr\/commande\/wp-json\/wp\/v2\/product_tag?post=6993"}],"curies":[{"name":"wp","href":"https:\/\/api.w.org\/{rel}","templated":true}]}}