{"id":6995,"date":"2020-07-30T18:08:04","date_gmt":"2020-07-30T16:08:04","guid":{"rendered":"https:\/\/amandineledu.art\/commande\/?post_type=product&#038;p=6995"},"modified":"2022-12-06T11:27:28","modified_gmt":"2022-12-06T10:27:28","slug":"planetarium-de-nantes","status":"publish","type":"product","link":"https:\/\/www.audace44.fr\/commande\/produit\/planetarium-de-nantes\/","title":{"rendered":"Plan\u00e9tarium de Nantes"},"content":{"rendered":"<p>Plan\u00e9tarium de Nantes.<\/p>\n<p>e-billets adulte.<\/p>\n<p>R\u00e9servation aupr\u00e8s du plan\u00e9tarium obligatoire une fois le billet achet\u00e9.<\/p>\n<p>D\u00e9couvrez le programme: <a href=\"https:\/\/planetariumnantes.wixsite.com\/planetariumvirtuel\" target=\"_blank\" rel=\"noopener noreferrer\">ICI\u00a0<\/a><\/p>\n<p>&nbsp;<\/p>\n","protected":false},"excerpt":{"rendered":"<p>PLAN\u00c9TARIUM DE NANTES<br \/>\nBillet tout public<br \/>\nPrix public : 6\u20ac \/ Prix Audace : 3\u20ac<br \/>\nDisponible sous 24h<br \/>\nR\u00e9servation obligatoire aupr\u00e8s du plan\u00e9tarium<\/p>\n","protected":false},"featured_media":6996,"template":"","meta":[],"product_cat":[84,92],"product_tag":[73],"_links":{"self":[{"href":"https:\/\/www.audace44.fr\/commande\/wp-json\/wp\/v2\/product\/6995"}],"collection":[{"href":"https:\/\/www.audace44.fr\/commande\/wp-json\/wp\/v2\/product"}],"about":[{"href":"https:\/\/www.audace44.fr\/commande\/wp-json\/wp\/v2\/types\/product"}],"wp:featuredmedia":[{"embeddable":true,"href":"https:\/\/www.audace44.fr\/commande\/wp-json\/wp\/v2\/media\/6996"}],"wp:attachment":[{"href":"https:\/\/www.audace44.fr\/commande\/wp-json\/wp\/v2\/media?parent=6995"}],"wp:term":[{"taxonomy":"product_cat","embeddable":true,"href":"https:\/\/www.audace44.fr\/commande\/wp-json\/wp\/v2\/product_cat?post=6995"},{"taxonomy":"product_tag","embeddable":true,"href":"https:\/\/www.audace44.fr\/commande\/wp-json\/wp\/v2\/product_tag?post=6995"}],"curies":[{"name":"wp","href":"https:\/\/api.w.org\/{rel}","templated":true}]}}