{"id":6997,"date":"2020-07-30T18:15:29","date_gmt":"2020-07-30T16:15:29","guid":{"rendered":"https:\/\/amandineledu.art\/commande\/?post_type=product&#038;p=6997"},"modified":"2025-07-21T10:33:42","modified_gmt":"2025-07-21T08:33:42","slug":"vulcania","status":"publish","type":"product","link":"https:\/\/www.audace44.fr\/commande\/produit\/vulcania\/","title":{"rendered":"Vulcania"},"content":{"rendered":"<p><strong>Vulcania<\/strong><\/p>\n<p>e-billet et disponibles sous 72h<\/p>\n<p>Billet non dat\u00e9, valable pour 1 visite, tous les jours d'ouverture du parc et jusqu'\u00e0 la date indiqu\u00e9e sur le billet.<\/p>\n<p>Les enfants de moins de 3 ans sont invit\u00e9s (un justificatif d'\u00e2ge sera demand\u00e9 \u00e0 l'entr\u00e9e du parc)<\/p>\n<p>Billet Ni repris, ni \u00e9chang\u00e9, ni rembours\u00e9.<\/p>\n<p>D\u00e9couvrez le site de notre partenaire <a href=\"https:\/\/www.vulcania.com\/\">en cliquant ICI<\/a><\/p>\n","protected":false},"excerpt":{"rendered":"<p><strong>Vulcania<\/strong><\/p>\n<p>e-billet disponibles sous 72h<\/p>\n<p>Uniquement sur commande<\/p>\n","protected":false},"featured_media":6998,"template":"","meta":[],"product_cat":[84,92,82,88],"product_tag":[74],"_links":{"self":[{"href":"https:\/\/www.audace44.fr\/commande\/wp-json\/wp\/v2\/product\/6997"}],"collection":[{"href":"https:\/\/www.audace44.fr\/commande\/wp-json\/wp\/v2\/product"}],"about":[{"href":"https:\/\/www.audace44.fr\/commande\/wp-json\/wp\/v2\/types\/product"}],"wp:featuredmedia":[{"embeddable":true,"href":"https:\/\/www.audace44.fr\/commande\/wp-json\/wp\/v2\/media\/6998"}],"wp:attachment":[{"href":"https:\/\/www.audace44.fr\/commande\/wp-json\/wp\/v2\/media?parent=6997"}],"wp:term":[{"taxonomy":"product_cat","embeddable":true,"href":"https:\/\/www.audace44.fr\/commande\/wp-json\/wp\/v2\/product_cat?post=6997"},{"taxonomy":"product_tag","embeddable":true,"href":"https:\/\/www.audace44.fr\/commande\/wp-json\/wp\/v2\/product_tag?post=6997"}],"curies":[{"name":"wp","href":"https:\/\/api.w.org\/{rel}","templated":true}]}}