{"id":7002,"date":"2020-07-30T18:20:27","date_gmt":"2020-07-30T16:20:27","guid":{"rendered":"https:\/\/amandineledu.art\/commande\/?post_type=product&#038;p=7002"},"modified":"2024-02-21T12:24:31","modified_gmt":"2024-02-21T11:24:31","slug":"embarcadere-du-marais-poitevin","status":"publish","type":"product","link":"https:\/\/www.audace44.fr\/commande\/produit\/embarcadere-du-marais-poitevin\/","title":{"rendered":"Le Marais Poitevin"},"content":{"rendered":"<p>L'embarcad\u00e8re du Marais Poitevin \u00e0 Marans (17) vous accueille au fil de l'eau de la S\u00e8vre Niortaise, au d\u00e9part de la Venise verte, jusqu'\u00e0 son embouchure, la baie de l'Aiguillon.<\/p>\n<p><em>L'Embarcad\u00e8re du Marais Poitevin vous propose un large\u00a0choix de circuits<strong>,<\/strong>\u00a0pour certains, des arr\u00eats pique-nique ou restauration sont pr\u00e9vus.<\/em><\/p>\n<p>R\u00e9servation de votre balade <strong>06.65.35.50.19<\/strong><\/p>\n<p>Reduction sur pr\u00e9sentation de la carte Audace uniquement.<\/p>\n<p>Retrouvez toutes les informations sur le site du prestataire: https:\/\/www.embarcadere-du-marais-poitevin.com\/<\/p>\n","protected":false},"excerpt":{"rendered":"<p>EMBARCAD\u00c8RE DU MARAIS POITEVIN<br \/>\nCarte -10%<\/p>\n","protected":false},"featured_media":7003,"template":"","meta":[],"product_cat":[84,92],"product_tag":[98],"_links":{"self":[{"href":"https:\/\/www.audace44.fr\/commande\/wp-json\/wp\/v2\/product\/7002"}],"collection":[{"href":"https:\/\/www.audace44.fr\/commande\/wp-json\/wp\/v2\/product"}],"about":[{"href":"https:\/\/www.audace44.fr\/commande\/wp-json\/wp\/v2\/types\/product"}],"wp:featuredmedia":[{"embeddable":true,"href":"https:\/\/www.audace44.fr\/commande\/wp-json\/wp\/v2\/media\/7003"}],"wp:attachment":[{"href":"https:\/\/www.audace44.fr\/commande\/wp-json\/wp\/v2\/media?parent=7002"}],"wp:term":[{"taxonomy":"product_cat","embeddable":true,"href":"https:\/\/www.audace44.fr\/commande\/wp-json\/wp\/v2\/product_cat?post=7002"},{"taxonomy":"product_tag","embeddable":true,"href":"https:\/\/www.audace44.fr\/commande\/wp-json\/wp\/v2\/product_tag?post=7002"}],"curies":[{"name":"wp","href":"https:\/\/api.w.org\/{rel}","templated":true}]}}