{"id":7004,"date":"2020-08-18T12:15:28","date_gmt":"2020-08-18T10:15:28","guid":{"rendered":"https:\/\/amandineledu.art\/commande\/?post_type=product&#038;p=7004"},"modified":"2024-08-08T09:11:11","modified_gmt":"2024-08-08T07:11:11","slug":"le-port-de-tous-les-voyages","status":"publish","type":"product","link":"https:\/\/www.audace44.fr\/commande\/produit\/le-port-de-tous-les-voyages\/","title":{"rendered":"Saint-Nazaire Renversante !"},"content":{"rendered":"<p>-8% sur la billetterie Saint-Nazaire Renversante !<\/p>\n<p><strong>Le Code \u00e9tant r\u00e9serv\u00e9 \u00e0 nos adh\u00e9rents, merci de nous demander par mail le code de r\u00e9duction en nous pr\u00e9cisant l'organisme adh\u00e9rent \u00e0 Audace dont vous d\u00e9pendez.<\/strong><br \/>\n<strong>Code promo \u00e0 nous demander \u00e0 ajouter au moment du paiement uniquement (il s\u2019agit d\u2019un code promo et non du code avantage demand\u00e9 \u00e0 droite du site).<\/strong><\/p>\n<p>\u00e0 utiliser sur le site: <a href=\"https:\/\/www.saint-nazaire-tourisme.com\/rechercher\/billetterie\/\" target=\"_blank\" rel=\"noopener noreferrer\">Billetterie | Saint-Nazaire Renversante (saint-nazaire-tourisme.com)<\/a><\/p>\n<ul>\n<li>A Escal'Atlantic, les visiteurs plongent au c\u0153ur de la grande aventure des paquebots transatlantiques de l\u00e9gende. Une exp\u00e9rience inoubliable pour toute la famille.<\/li>\n<li>&gt;&gt; Pendant les vacances, tous les jours : jeux et m\u00e9diations pour toute la famille. Inclus dans le ticket d\u2019entr\u00e9e.<\/li>\n<li>Au sous-marin Espadon, le 1er sous-marin fran\u00e7ais \u00e0 avoir plong\u00e9 sous la banquise. Une descente \u00e0 l\u2019int\u00e9rieur du submersible pour un voyage sonore au plus pr\u00e8s des sous-mariniers.<\/li>\n<li>A EOL Centre \u00e9olien, le 1er site en France enti\u00e8rement d\u00e9di\u00e9 \u00e0 l'aventure de l'\u00e9olien en mer. Un parcours interactif et ludique.<\/li>\n<li>&gt;&gt; Pendant les vacances, les samedis et dimanches \u00e0 16h30 : une visite guid\u00e9e d\u00e9couverte. Inclus dans le ticket d\u2019entr\u00e9e.<\/li>\n<li>A l'Ecomus\u00e9e, les visiteurs revivent l'histoire singuli\u00e8re de Saint-Nazaire, ville t\u00e9moin du 20e si\u00e8cle.<\/li>\n<li>&gt;&gt; Pendant les vacances, tous les jours : ateliers, jeux, m\u00e9diations pour toute la famille. Inclus dans le ticket d\u2019entr\u00e9e.<\/li>\n<\/ul>\n<p><strong>Sites ouverts tous les jours sauf le lundi de 10h \u00e0 13h et de 14h \u00e0 18h<\/strong><\/p>\n","protected":false},"excerpt":{"rendered":"<p>St Nazaire Renversante<br \/>\nCode promo\u00a0 -8%<\/p>\n","protected":false},"featured_media":11542,"template":"","meta":[],"product_cat":[84,92],"product_tag":[98],"_links":{"self":[{"href":"https:\/\/www.audace44.fr\/commande\/wp-json\/wp\/v2\/product\/7004"}],"collection":[{"href":"https:\/\/www.audace44.fr\/commande\/wp-json\/wp\/v2\/product"}],"about":[{"href":"https:\/\/www.audace44.fr\/commande\/wp-json\/wp\/v2\/types\/product"}],"wp:featuredmedia":[{"embeddable":true,"href":"https:\/\/www.audace44.fr\/commande\/wp-json\/wp\/v2\/media\/11542"}],"wp:attachment":[{"href":"https:\/\/www.audace44.fr\/commande\/wp-json\/wp\/v2\/media?parent=7004"}],"wp:term":[{"taxonomy":"product_cat","embeddable":true,"href":"https:\/\/www.audace44.fr\/commande\/wp-json\/wp\/v2\/product_cat?post=7004"},{"taxonomy":"product_tag","embeddable":true,"href":"https:\/\/www.audace44.fr\/commande\/wp-json\/wp\/v2\/product_tag?post=7004"}],"curies":[{"name":"wp","href":"https:\/\/api.w.org\/{rel}","templated":true}]}}