{"id":7007,"date":"2024-07-30T18:41:02","date_gmt":"2024-07-30T16:41:02","guid":{"rendered":"https:\/\/amandineledu.art\/commande\/?post_type=product&#038;p=7007"},"modified":"2026-03-05T10:56:51","modified_gmt":"2026-03-05T09:56:51","slug":"compagnie-vendeenne","status":"publish","type":"product","link":"https:\/\/www.audace44.fr\/commande\/produit\/compagnie-vendeenne\/","title":{"rendered":"Compagnie Vend\u00e9enne"},"content":{"rendered":"<p>Travers\u00e9e pour l'\u00eele d'Yeu, aller\/retour.<\/p>\n<p>Nos 3 navires vous embarquent \u00e0\u00a0<strong>Saint-Gilles-Croix-de-Vie<\/strong>,\u00a0<strong>Port Fromentine<\/strong>\u00a0ou\u00a0<strong>Barb\u00e2tre,\u00a0<\/strong>pour\u00a0<strong>Port Joinville<\/strong> sur l'\u00eele d'Yeu.<\/p>\n<p>Tous les horaires sur le site de notre <a href=\"https:\/\/www.compagnie-vendeenne.com\/\" target=\"_blank\" rel=\"noopener\">partenaire ICI<\/a><\/p>\n<p>Commandez vos billets directement chez Audace et <strong>donnez nous vos horaires, dates de passage et port de d\u00e9part.<\/strong><\/p>\n<p><strong>Les billets sont non modifiables, non remboursables et ne peuvent donner lieu \u00e0 un avoir.<\/strong><\/p>\n<p>D'autres tarifs et travers\u00e9es sont possibles.<\/p>\n<p>N'h\u00e9sitez pas \u00e0 nous demander un devis.<\/p>\n","protected":false},"excerpt":{"rendered":"<p>Billet aller retour pour l&#8217;\u00eele d&#8217;Yeu<\/p>\n<p>Les 3 navires vous embarquent \u00e0 <strong>Saint-Gilles-Croix-de-Vie<\/strong>,\u00a0<strong>Port Fromentine<\/strong>\u00a0ou\u00a0<strong>Barb\u00e2tre,\u00a0<\/strong>pour\u00a0<strong>Port Joinville<\/strong>\u00a0sur l&#8217;\u00eele d&#8217;Yeu<\/p>\n","protected":false},"featured_media":7008,"template":"","meta":[],"product_cat":[86,96],"product_tag":[74],"_links":{"self":[{"href":"https:\/\/www.audace44.fr\/commande\/wp-json\/wp\/v2\/product\/7007"}],"collection":[{"href":"https:\/\/www.audace44.fr\/commande\/wp-json\/wp\/v2\/product"}],"about":[{"href":"https:\/\/www.audace44.fr\/commande\/wp-json\/wp\/v2\/types\/product"}],"wp:featuredmedia":[{"embeddable":true,"href":"https:\/\/www.audace44.fr\/commande\/wp-json\/wp\/v2\/media\/7008"}],"wp:attachment":[{"href":"https:\/\/www.audace44.fr\/commande\/wp-json\/wp\/v2\/media?parent=7007"}],"wp:term":[{"taxonomy":"product_cat","embeddable":true,"href":"https:\/\/www.audace44.fr\/commande\/wp-json\/wp\/v2\/product_cat?post=7007"},{"taxonomy":"product_tag","embeddable":true,"href":"https:\/\/www.audace44.fr\/commande\/wp-json\/wp\/v2\/product_tag?post=7007"}],"curies":[{"name":"wp","href":"https:\/\/api.w.org\/{rel}","templated":true}]}}