{"id":7015,"date":"2020-08-03T11:05:37","date_gmt":"2020-08-03T09:05:37","guid":{"rendered":"https:\/\/amandineledu.art\/commande\/?post_type=product&#038;p=7015"},"modified":"2026-02-13T11:11:07","modified_gmt":"2026-02-13T10:11:07","slug":"compagnie-yeu-continent","status":"publish","type":"product","link":"https:\/\/www.audace44.fr\/commande\/produit\/compagnie-yeu-continent\/","title":{"rendered":"Compagnie Yeu Continent"},"content":{"rendered":"<p>Tarifs pour un <strong>aller-retour s\u00e9jour ou dans la journ\u00e9e.<\/strong><\/p>\n<p><strong>Billets 2026: adulte \u00e0 partir de 26 ans et enfant de moins de 4 ans gratuit (billet n\u00e9anmoins obligatoire).<\/strong><\/p>\n<p>Pour des billets aller ou retour, nous contacter<\/p>\n<p>Possibilit\u00e9 d'ajouter des billets cycles et animaux, nous le demander par mail.<\/p>\n<p>Tarifs valables uniquement sur les voyageurs. Parking gratuit hors juillet- ao\u00fbt sur r\u00e9servation (nous le pr\u00e9ciser avec les horaires).<\/p>\n<p>Pour toutes demandes de billets, nous pr\u00e9ciser par <a href=\"contact@audace44.fr\">mail<\/a> les jours et horaires de travers\u00e9e.<\/p>\n<p>Informations horaires, <a href=\"https:\/\/www.yeu-continent.fr\/\" target=\"_blank\" rel=\"noopener\">ICI<\/a><\/p>\n<p>Vos billets dat\u00e9s vous seront envoy\u00e9s par email aux jours ouvr\u00e9s.<\/p>\n<p><strong>Nouveau Possibilit\u00e9 d'avoir des billets non dat\u00e9s, contactez-nous.<\/strong><\/p>\n<p>HORS juillet-ao\u00fbt: Il faut donc nous indiquer que vous souhaitez un billet de parking (m\u00eame si celui-ci est gratuit) pour pouvoir y acc\u00e9der (voir pi\u00e8ce jointe). Le parking sera ouvert 1h30 avant chaque d\u00e9part avec la pr\u00e9sence d\u2019un gardien qui contr\u00f4lera les billets de parking.<\/p>\n<p>Pour Juillet-ao\u00fbt: l'acc\u00e8s au parking gratuit est possible uniquement\u00a0<b>pour les d\u00e9parts de bateau \u00e0 partir de 8H00.<\/b><\/p>\n","protected":false},"excerpt":{"rendered":"<p>Tarifs billets pour un aller-retour s\u00e9jour ou dans la journ\u00e9e.<\/p>\n<p>Gares maritimes de Fromentine et Port-Joinville uniquement<\/p>\n<p>&nbsp;<\/p>\n<p>&nbsp;<\/p>\n<p>&nbsp;<\/p>\n","protected":false},"featured_media":7017,"template":"","meta":[],"product_cat":[86,96],"product_tag":[74],"_links":{"self":[{"href":"https:\/\/www.audace44.fr\/commande\/wp-json\/wp\/v2\/product\/7015"}],"collection":[{"href":"https:\/\/www.audace44.fr\/commande\/wp-json\/wp\/v2\/product"}],"about":[{"href":"https:\/\/www.audace44.fr\/commande\/wp-json\/wp\/v2\/types\/product"}],"wp:featuredmedia":[{"embeddable":true,"href":"https:\/\/www.audace44.fr\/commande\/wp-json\/wp\/v2\/media\/7017"}],"wp:attachment":[{"href":"https:\/\/www.audace44.fr\/commande\/wp-json\/wp\/v2\/media?parent=7015"}],"wp:term":[{"taxonomy":"product_cat","embeddable":true,"href":"https:\/\/www.audace44.fr\/commande\/wp-json\/wp\/v2\/product_cat?post=7015"},{"taxonomy":"product_tag","embeddable":true,"href":"https:\/\/www.audace44.fr\/commande\/wp-json\/wp\/v2\/product_tag?post=7015"}],"curies":[{"name":"wp","href":"https:\/\/api.w.org\/{rel}","templated":true}]}}