{"id":7021,"date":"2023-08-03T11:24:14","date_gmt":"2023-08-03T09:24:14","guid":{"rendered":"https:\/\/amandineledu.art\/commande\/?post_type=product&#038;p=7021"},"modified":"2025-01-31T11:29:07","modified_gmt":"2025-01-31T10:29:07","slug":"vedettes-de-lodet","status":"publish","type":"product","link":"https:\/\/www.audace44.fr\/commande\/produit\/vedettes-de-lodet\/","title":{"rendered":"Vedettes de l&#8217;Odet"},"content":{"rendered":"<p>Ancr\u00e9es \u00e0 B\u00e9nodet en Finist\u00e8re Sud, les Vedettes de l\u2019Odet organisent des croisi\u00e8res sur la rivi\u00e8re de l\u2019Odet, vers l\u2019Archipel des Gl\u00e9nan et dans la Baie de Concarneau.<\/p>\n<p>Disposant d\u2019une flotte de 8 navires modernes, nous vous accueillons au d\u00e9part de B\u00e9nodet, Beg Meil, Port-la-For\u00eat, Concarneau, Loctudy et Quimper.<\/p>\n<p><strong>Le Code \u00e9tant r\u00e9serv\u00e9 \u00e0 nos adh\u00e9rents, merci de nous demander par mail le code de r\u00e9duction - 10% en nous pr\u00e9cisant l'organisme adh\u00e9rent \u00e0 Audace dont vous d\u00e9pendez.<\/strong><\/p>\n<p>Attention, celui-ci n\u2019est valable sur l\u2019Odet qu\u2019en Grande croisi\u00e8re promenade ou avec escale et pour les Gl\u00e9nan que sur la formule d\u00e9couverte de l\u2019archipel.<\/p>\n<p>Le tarif r\u00e9duit est appliqu\u00e9 directement, on ne voit pas la remise<\/p>\n<p>Retrouvez les horaires et dates de travers\u00e9e en <a href=\"https:\/\/www.vedettes-odet.com\/\" target=\"_blank\" rel=\"noopener noreferrer\">cliquant ICI<\/a><\/p>\n<p>Ancr\u00e9e \u00e0 B\u00e9nodet, en Bretagne Sud, la compagnie maritime les Vedettes de l\u2019Odet organise des croisi\u00e8res sur la rivi\u00e8re de l\u2019Odet et vers les \u00eeles Gl\u00e9nan,<\/p>\n<p>Bateau promenade,\u00a0<a href=\"https:\/\/www.vedettes-odet.com\/compagnie\/bateau-restaurant\/\">bateau restaurant<\/a>, vedette rapide, catamaran \u00e0 vision sous marine, les huit navires de la compagnie offrent une multitude de formules pour d\u00e9couvrir la beaut\u00e9 de deux sites naturels prot\u00e9g\u00e9s, joyaux de la r\u00e9gion : la rivi\u00e8re de l\u2019Odet \u00ab\u00a0la plus jolie rivi\u00e8re de France\u00a0\u00bb et les \u00eeles Gl\u00e9nan \u00ab\u00a0le lagon breton\u00a0\u00bb. Au d\u00e9part de B\u00e9nodet, Quimper, Loctudy, Beg Meil \u00e0 Fouesnant, Port-La-For\u00eat, Concarneau et Sainte Marine, choisissez la formule qui vous ressemble !\u00a0Notre saison d\u00e9bute en avril et s\u2019ach\u00e8ve d\u00e9but octobre.<\/p>\n<p>&nbsp;<\/p>\n","protected":false},"excerpt":{"rendered":"<p>Vedettes de l&#8217;Odet -10%<\/p>\n<p>D\u00e9couvrez l&#8217;archipel des \u00eeles\u00a0 Gl\u00e9nan,\u00a0 la rivi\u00e8re de l&#8217;Odet et la baie de Concarneau au d\u00e9part de B\u00e9nodet.<\/p>\n","protected":false},"featured_media":7022,"template":"","meta":[],"product_cat":[86,96],"product_tag":[73],"_links":{"self":[{"href":"https:\/\/www.audace44.fr\/commande\/wp-json\/wp\/v2\/product\/7021"}],"collection":[{"href":"https:\/\/www.audace44.fr\/commande\/wp-json\/wp\/v2\/product"}],"about":[{"href":"https:\/\/www.audace44.fr\/commande\/wp-json\/wp\/v2\/types\/product"}],"wp:featuredmedia":[{"embeddable":true,"href":"https:\/\/www.audace44.fr\/commande\/wp-json\/wp\/v2\/media\/7022"}],"wp:attachment":[{"href":"https:\/\/www.audace44.fr\/commande\/wp-json\/wp\/v2\/media?parent=7021"}],"wp:term":[{"taxonomy":"product_cat","embeddable":true,"href":"https:\/\/www.audace44.fr\/commande\/wp-json\/wp\/v2\/product_cat?post=7021"},{"taxonomy":"product_tag","embeddable":true,"href":"https:\/\/www.audace44.fr\/commande\/wp-json\/wp\/v2\/product_tag?post=7021"}],"curies":[{"name":"wp","href":"https:\/\/api.w.org\/{rel}","templated":true}]}}