{"id":7031,"date":"2020-08-03T11:32:32","date_gmt":"2020-08-03T09:32:32","guid":{"rendered":"https:\/\/amandineledu.art\/commande\/?post_type=product&#038;p=7031"},"modified":"2025-07-22T10:03:40","modified_gmt":"2025-07-22T08:03:40","slug":"compagnie-penn-ar-bed","status":"publish","type":"product","link":"https:\/\/www.audace44.fr\/commande\/produit\/compagnie-penn-ar-bed\/","title":{"rendered":"Compagnie Penn Ar Bed"},"content":{"rendered":"<p>\u00c0 destination de : OUESSANT, MOL\u00c8NE OU SEIN<\/p>\n<p>Tarifs valables uniquement pour un Aller \/ Retour (selon calendrier et horaires de d\u00e9part).<\/p>\n<p>validit\u00e9 de 2 ans<\/p>\n<p>La r\u00e9servation obligatoire apr\u00e8s r\u00e9ception du bon d'\u00e9change :<\/p>\n<p><em>Ouessant \/ Mol\u00e8ne :\u00a0 02 98 80 80 80\u00a0 \u00a0 \u00a0<\/em><em>Sein : 02 98 70 70 70<\/em><\/p>\n<p>ATTENTION: billet papier envoy\u00e9 par la poste (pr\u00e9voir un d\u00e9lai de 4 \u00e0 5 jours apr\u00e8s le paiement).<\/p>\n<p><strong>Une fois re\u00e7u, il est imp\u00e9ratif de pr\u00e9senter le bon d'\u00e9change \u00e0 l'accueil du port.<\/strong><\/p>\n<p><strong>Les billets sont non remboursables, non prolongeables.<\/strong><\/p>\n","protected":false},"excerpt":{"rendered":"<p>D\u00e9couvrez les \u00eeles Bretonnes: Sein, Mol\u00e8ne ou Ouessant<\/p>\n<p>tarif aller\/retour<\/p>\n<p>r\u00e9servation obligatoire aupr\u00e8s de la compagnie apr\u00e8s l&#8217;achat du bon d&#8217;\u00e9change.<\/p>\n","protected":false},"featured_media":8236,"template":"","meta":[],"product_cat":[86,96],"product_tag":[73],"_links":{"self":[{"href":"https:\/\/www.audace44.fr\/commande\/wp-json\/wp\/v2\/product\/7031"}],"collection":[{"href":"https:\/\/www.audace44.fr\/commande\/wp-json\/wp\/v2\/product"}],"about":[{"href":"https:\/\/www.audace44.fr\/commande\/wp-json\/wp\/v2\/types\/product"}],"wp:featuredmedia":[{"embeddable":true,"href":"https:\/\/www.audace44.fr\/commande\/wp-json\/wp\/v2\/media\/8236"}],"wp:attachment":[{"href":"https:\/\/www.audace44.fr\/commande\/wp-json\/wp\/v2\/media?parent=7031"}],"wp:term":[{"taxonomy":"product_cat","embeddable":true,"href":"https:\/\/www.audace44.fr\/commande\/wp-json\/wp\/v2\/product_cat?post=7031"},{"taxonomy":"product_tag","embeddable":true,"href":"https:\/\/www.audace44.fr\/commande\/wp-json\/wp\/v2\/product_tag?post=7031"}],"curies":[{"name":"wp","href":"https:\/\/api.w.org\/{rel}","templated":true}]}}