{"id":7037,"date":"2020-08-03T11:42:41","date_gmt":"2020-08-03T09:42:41","guid":{"rendered":"https:\/\/amandineledu.art\/commande\/?post_type=product&#038;p=7037"},"modified":"2024-02-21T12:24:32","modified_gmt":"2024-02-21T11:24:32","slug":"navix","status":"publish","type":"product","link":"https:\/\/www.audace44.fr\/commande\/produit\/navix\/","title":{"rendered":"Navix"},"content":{"rendered":"<p>La compagnie maritime Navix est la r\u00e9f\u00e9rence des croisi\u00e8res dans le Golfe du Morbihan et vers les \u00eeles du large. Forte de ce savoir-faire, notre compagnie vous propose un panel de prestations non exhaustives depuis de nombreux ports de d\u00e9part pour des destinations vari\u00e9es : Le golfe du Morbihan et ses \u00eeles (\u00cele d\u2019Arz et \u00cele aux Moines), Belle-\u00cele-en-Mer, Houat, Ho\u00ebdic et la Ria d\u2019Etel. A bord du \u00ab Mor Bihan \u00bb, navire restaurant, d\u00e9couvrez l\u2019une des Plus Belles Baies du Monde mais aussi Parc Naturel R\u00e9gional.<\/p>\n<p><strong><u>Le pass sanitaire deviendra obligatoire \u00e0 bord du bateau restaurant d\u00e8s le 1er ao\u00fbt<\/u><\/strong> pour profiter des d\u00e9jeuners et d\u00eeners croisi\u00e8res.<\/p>\n<p>Code promo \u00e0 indiquer au moment de votre r\u00e9servation: AUDACE44<\/p>\n<p>Visitez le site de notre <a href=\"https:\/\/www.navix.fr\/\" target=\"_blank\" rel=\"noopener\">partenaire ICI<\/a><\/p>\n","protected":false},"excerpt":{"rendered":"<p>NAVIX<br \/>\nCarte -10%<\/p>\n","protected":false},"featured_media":7038,"template":"","meta":[],"product_cat":[86,96],"product_tag":[98],"_links":{"self":[{"href":"https:\/\/www.audace44.fr\/commande\/wp-json\/wp\/v2\/product\/7037"}],"collection":[{"href":"https:\/\/www.audace44.fr\/commande\/wp-json\/wp\/v2\/product"}],"about":[{"href":"https:\/\/www.audace44.fr\/commande\/wp-json\/wp\/v2\/types\/product"}],"wp:featuredmedia":[{"embeddable":true,"href":"https:\/\/www.audace44.fr\/commande\/wp-json\/wp\/v2\/media\/7038"}],"wp:attachment":[{"href":"https:\/\/www.audace44.fr\/commande\/wp-json\/wp\/v2\/media?parent=7037"}],"wp:term":[{"taxonomy":"product_cat","embeddable":true,"href":"https:\/\/www.audace44.fr\/commande\/wp-json\/wp\/v2\/product_cat?post=7037"},{"taxonomy":"product_tag","embeddable":true,"href":"https:\/\/www.audace44.fr\/commande\/wp-json\/wp\/v2\/product_tag?post=7037"}],"curies":[{"name":"wp","href":"https:\/\/api.w.org\/{rel}","templated":true}]}}