{"id":7039,"date":"2020-08-03T11:47:09","date_gmt":"2020-08-03T09:47:09","guid":{"rendered":"https:\/\/amandineledu.art\/commande\/?post_type=product&#038;p=7039"},"modified":"2024-06-20T11:35:56","modified_gmt":"2024-06-20T09:35:56","slug":"croisieres-inter-iles","status":"publish","type":"product","link":"https:\/\/www.audace44.fr\/commande\/produit\/croisieres-inter-iles\/","title":{"rendered":"Croisi\u00e8res Inter-\u00celes"},"content":{"rendered":"<p>Billets pour l'\u00eele d'Aix, Fort Boyard, \u00eele de R\u00e9, \u00eele d'Ol\u00e9ron.<\/p>\n<p>Nous contacter pour conna\u00eetre les tarifs, car ils\u00a0d\u00e9pendent de votre destination et de votre date de croisi\u00e8re.<\/p>\n<p>Les billets sont dat\u00e9s, il nous faut donc imp\u00e9rativement vos jours et horaires pour commander le billet.<\/p>\n<p><strong>Escales et croisi\u00e8res<\/strong> depuis La Rochelle, l'\u00eele de R\u00e9, l'\u00eele d'Ol\u00e9ron, La Tranche-sur-Mer :<\/p>\n<p>\u200d- Croisi\u00e8res comment\u00e9es Fort Boyard<br \/>\n- Liaisons vers l'\u00eele d'Aix + Fort Boyard<br \/>\n- Liaisons La Rochelle - \u00eele d'Ol\u00e9ron (Saint-Denis)<\/p>\n<p class=\"h2-link-block resa-pro\"><strong>Sortie en catamaran \u00e0 voile<\/strong>: sorties en maxi-catamarans \u00e0 voile, au d\u00e9part de La Rochelle, \u00eele de R\u00e9, \u00eele d'Ol\u00e9ron (en journ\u00e9e ou pour le coucher de soleil)<\/p>\n<p class=\"h2-link-block resa-pro\"><strong>F\u00e9e des \u00eeles - Escales et Croisi\u00e8res,<\/strong> depuis Rochefort, Fouras, et Saint-Nazaire-sur-Charente :<br \/>\n- Croisi\u00e8res comment\u00e9es Fort Boyard<br \/>\n- Liaisons vers l'\u00eele d'Aix et Fort Boyard<\/p>\n<p class=\"h2-link-block resa-pro\">\u00a0<strong>Les ports de La Rochelle et la base sous-marine: <\/strong>depuis La Rochelle, croisi\u00e8re permettant de visiter par la mer les 3 ports (plaisance, p\u00eache et commerce) et la base sous-marine de 1945.<\/p>\n<p class=\"h2-link-block resa-pro\"><strong>Liaison Maritime \u00eele d'Ol\u00e9ron (Boyardville) - La Rochelle: <\/strong>d'avril \u00e0 novembre, liaison maritime entre l'\u00eele d'Ol\u00e9ron (Boyardville) et La Rochelle<\/p>\n<p class=\"h2-link-block resa-pro\"><strong>Liaison Maritime \u00eele de R\u00e9 (Saint-Martin) - La Rochelle:<\/strong> d'avril \u00e0 novembre, liaison maritime entre l'\u00eele de R\u00e9 (Saint-Martin) et La Rochelle<\/p>\n<p>Visitez le site de notre partenaire pour conna\u00eetre <a href=\"https:\/\/www.inter-iles.com\/\" target=\"_blank\" rel=\"noopener noreferrer\">les horaires et conditions, ICI.<\/a><\/p>\n","protected":false},"excerpt":{"rendered":"<p>CROISI\u00c8RES INTER-\u00ceLES<\/p>\n<ul>\n<li>10 \u00e0 15 % selon p\u00e9riode<\/li>\n<li>Diff\u00e9rentes croisi\u00e8res<\/li>\n<\/ul>\n<p>Nous contacter pour un devis<\/p>\n","protected":false},"featured_media":7041,"template":"","meta":[],"product_cat":[86,96],"product_tag":[98],"_links":{"self":[{"href":"https:\/\/www.audace44.fr\/commande\/wp-json\/wp\/v2\/product\/7039"}],"collection":[{"href":"https:\/\/www.audace44.fr\/commande\/wp-json\/wp\/v2\/product"}],"about":[{"href":"https:\/\/www.audace44.fr\/commande\/wp-json\/wp\/v2\/types\/product"}],"wp:featuredmedia":[{"embeddable":true,"href":"https:\/\/www.audace44.fr\/commande\/wp-json\/wp\/v2\/media\/7041"}],"wp:attachment":[{"href":"https:\/\/www.audace44.fr\/commande\/wp-json\/wp\/v2\/media?parent=7039"}],"wp:term":[{"taxonomy":"product_cat","embeddable":true,"href":"https:\/\/www.audace44.fr\/commande\/wp-json\/wp\/v2\/product_cat?post=7039"},{"taxonomy":"product_tag","embeddable":true,"href":"https:\/\/www.audace44.fr\/commande\/wp-json\/wp\/v2\/product_tag?post=7039"}],"curies":[{"name":"wp","href":"https:\/\/api.w.org\/{rel}","templated":true}]}}