{"id":7042,"date":"2020-08-03T11:54:25","date_gmt":"2020-08-03T09:54:25","guid":{"rendered":"https:\/\/amandineledu.art\/commande\/?post_type=product&#038;p=7042"},"modified":"2024-06-27T15:49:52","modified_gmt":"2024-06-27T13:49:52","slug":"corsica-ferries","status":"publish","type":"product","link":"https:\/\/www.audace44.fr\/commande\/produit\/corsica-ferries\/","title":{"rendered":"Corsica Ferries"},"content":{"rendered":"<p>Corsica Ferries<\/p>\n<p>- <strong>Exon\u00e9ration<\/strong> <strong>des frais de r\u00e9servation<\/strong> (8 \u20ac).<\/p>\n<p>- <strong>15 \u20ac de r\u00e9duction<\/strong> par travers\u00e9e sur le passage de la voiture\/ (7\u20ac sur le passage de la moto), soumis \u00e0 quotas, disponibilit\u00e9 de la remise uniquement sur les travers\u00e9es signal\u00e9es sur notre site internet par une pastille voilette (prix barr\u00e9).<\/p>\n<p>- <strong>15 % de r\u00e9duction<\/strong> ponctuellement et selon disponibilit\u00e9 sur les produits croisi\u00e8res et nouvel an<\/p>\n<p>Contactez-nous pour conna\u00eetre le fonctionnement de la r\u00e9duction.<\/p>\n<p>Visitez le site de notre partenaire pour conna\u00eetre <a href=\"https:\/\/www.corsica-ferries.fr\/?gclsrc=aw.ds&amp;&amp;gclid=Cj0KCQjw9YWDBhDyARIsADt6sGbYFEzcZOKQCrZNOgqrvagX5yL3a-yUElfutF9f9roz1P_dWtmOq7waArgpEALw_wcB\" target=\"_blank\" rel=\"noopener\">les horaires et conditions, ICI.<\/a><\/p>\n","protected":false},"excerpt":{"rendered":"<p>CORSICA FERRIES<br \/>\nCarte -15 \u20ac<\/p>\n","protected":false},"featured_media":7043,"template":"","meta":[],"product_cat":[86,96],"product_tag":[98],"_links":{"self":[{"href":"https:\/\/www.audace44.fr\/commande\/wp-json\/wp\/v2\/product\/7042"}],"collection":[{"href":"https:\/\/www.audace44.fr\/commande\/wp-json\/wp\/v2\/product"}],"about":[{"href":"https:\/\/www.audace44.fr\/commande\/wp-json\/wp\/v2\/types\/product"}],"wp:featuredmedia":[{"embeddable":true,"href":"https:\/\/www.audace44.fr\/commande\/wp-json\/wp\/v2\/media\/7043"}],"wp:attachment":[{"href":"https:\/\/www.audace44.fr\/commande\/wp-json\/wp\/v2\/media?parent=7042"}],"wp:term":[{"taxonomy":"product_cat","embeddable":true,"href":"https:\/\/www.audace44.fr\/commande\/wp-json\/wp\/v2\/product_cat?post=7042"},{"taxonomy":"product_tag","embeddable":true,"href":"https:\/\/www.audace44.fr\/commande\/wp-json\/wp\/v2\/product_tag?post=7042"}],"curies":[{"name":"wp","href":"https:\/\/api.w.org\/{rel}","templated":true}]}}