{"id":7044,"date":"2024-08-03T11:59:05","date_gmt":"2024-08-03T09:59:05","guid":{"rendered":"https:\/\/amandineledu.art\/commande\/?post_type=product&#038;p=7044"},"modified":"2024-11-04T19:16:51","modified_gmt":"2024-11-04T18:16:51","slug":"bateaux-nantais","status":"publish","type":"product","link":"https:\/\/www.audace44.fr\/commande\/produit\/bateaux-nantais\/","title":{"rendered":"Bateaux Nantais"},"content":{"rendered":"<p><strong>Croisi\u00e8re promenade \u00ab\u00a0L\u2019Erdre et ses Ch\u00e2teaux\u00a0\u00bb\u00a0:<\/strong>\u00a02 \u20ac de r\u00e9duction<\/p>\n<p><strong>Croisi\u00e8re d\u00e9jeuner et d\u00eener \/ bon cadeau :<\/strong>\u00a010 % de r\u00e9duction, toute l\u2019ann\u00e9e<\/p>\n<p>Pour b\u00e9n\u00e9ficier de cette offre commandez votre bon d'\u00e9change gratuit en choisissant envoi lettre simple.<\/p>\n<p>Ce bon est \u00e0 remettre \u00e0 la caisse lors de votre r\u00e9servation que vous aurez effectuez au 02 40 14 51 14<\/p>\n<p>Un seul bon est n\u00e9cessaire pour la r\u00e9servation de plusieurs personnes.<\/p>\n<p>D\u00e9couvrez notre partenaire: <a href=\"https:\/\/bateaux-nantais.fr\/fr\" target=\"_blank\" rel=\"noopener\">ICI<\/a><\/p>\n","protected":false},"excerpt":{"rendered":"<p>BATEAUX NANTAIS<br \/>\nCarte -10% \u00e0 demander \u00e0 Audace<\/p>\n","protected":false},"featured_media":7045,"template":"","meta":[],"product_cat":[121,83,84,92,86,96],"product_tag":[73,98],"_links":{"self":[{"href":"https:\/\/www.audace44.fr\/commande\/wp-json\/wp\/v2\/product\/7044"}],"collection":[{"href":"https:\/\/www.audace44.fr\/commande\/wp-json\/wp\/v2\/product"}],"about":[{"href":"https:\/\/www.audace44.fr\/commande\/wp-json\/wp\/v2\/types\/product"}],"wp:featuredmedia":[{"embeddable":true,"href":"https:\/\/www.audace44.fr\/commande\/wp-json\/wp\/v2\/media\/7045"}],"wp:attachment":[{"href":"https:\/\/www.audace44.fr\/commande\/wp-json\/wp\/v2\/media?parent=7044"}],"wp:term":[{"taxonomy":"product_cat","embeddable":true,"href":"https:\/\/www.audace44.fr\/commande\/wp-json\/wp\/v2\/product_cat?post=7044"},{"taxonomy":"product_tag","embeddable":true,"href":"https:\/\/www.audace44.fr\/commande\/wp-json\/wp\/v2\/product_tag?post=7044"}],"curies":[{"name":"wp","href":"https:\/\/api.w.org\/{rel}","templated":true}]}}