{"id":7225,"date":"2020-08-04T12:19:32","date_gmt":"2020-08-04T10:19:32","guid":{"rendered":"https:\/\/amandineledu.art\/commande\/?post_type=product&#038;p=7225"},"modified":"2025-11-27T16:32:40","modified_gmt":"2025-11-27T15:32:40","slug":"apv-campings","status":"publish","type":"product","link":"https:\/\/www.audace44.fr\/commande\/produit\/apv-campings\/","title":{"rendered":"APV Campings"},"content":{"rendered":"<p>APV CAMPINGS<br \/>\nPartenaire-vacances : Basse saison -100 \u20ac \/ Haute saison -50 \u20ac avec la carte adhe\u0301rent Audace<br \/>\n0\u20ac de frais de dossier<br \/>\nCode promo APVCSE\/2026<\/p>\n<p>et contacts: <a href=\"http:\/\/32 Campings France &amp; R\u00e9sidences APV Atlantique, M\u00e9diterran\u00e9e, Corse, Espagne (camping-apv.com)\" target=\"_blank\" rel=\"noopener noreferrer\">APV Campings<\/a><\/p>\n","protected":false},"excerpt":{"rendered":"<p>APV CAMPINGS<br \/>\nBasse saison -100\u20ac \/ Haute saison -50\u20ac<\/p>\n","protected":false},"featured_media":7226,"template":"","meta":[],"product_cat":[111,86,79],"product_tag":[112],"_links":{"self":[{"href":"https:\/\/www.audace44.fr\/commande\/wp-json\/wp\/v2\/product\/7225"}],"collection":[{"href":"https:\/\/www.audace44.fr\/commande\/wp-json\/wp\/v2\/product"}],"about":[{"href":"https:\/\/www.audace44.fr\/commande\/wp-json\/wp\/v2\/types\/product"}],"wp:featuredmedia":[{"embeddable":true,"href":"https:\/\/www.audace44.fr\/commande\/wp-json\/wp\/v2\/media\/7226"}],"wp:attachment":[{"href":"https:\/\/www.audace44.fr\/commande\/wp-json\/wp\/v2\/media?parent=7225"}],"wp:term":[{"taxonomy":"product_cat","embeddable":true,"href":"https:\/\/www.audace44.fr\/commande\/wp-json\/wp\/v2\/product_cat?post=7225"},{"taxonomy":"product_tag","embeddable":true,"href":"https:\/\/www.audace44.fr\/commande\/wp-json\/wp\/v2\/product_tag?post=7225"}],"curies":[{"name":"wp","href":"https:\/\/api.w.org\/{rel}","templated":true}]}}