{"id":7228,"date":"2026-01-11T10:59:43","date_gmt":"2026-01-11T09:59:43","guid":{"rendered":"https:\/\/amandineledu.art\/commande\/?post_type=product&#038;p=7228"},"modified":"2026-03-03T09:29:54","modified_gmt":"2026-03-03T08:29:54","slug":"trigano-com","status":"publish","type":"product","link":"https:\/\/www.audace44.fr\/commande\/produit\/trigano-com\/","title":{"rendered":"Vacances Andr\u00e9 Trigano"},"content":{"rendered":"<p>l\u2019<strong>Offre Privil\u00e8ge Printemps-\u00c9t\u00e9 2026<\/strong> \ud83c\udf38de Vacances Andr\u00e9 Trigano et profitez de <strong>jusqu\u2019\u00e0 -30 %<\/strong> sur vos s\u00e9jours 7 nuits en Mobil-home, Lodge, Chalet ou Bungalow.<\/p>\n<p>Offre valable \u00e0 certaines dates et destinations, selon disponibilit\u00e9s, <strong>jusqu\u2019au 24\/04\/2026<\/strong>.<br \/>\nBonne nouvelle : elle est <strong>cumulable avec vos avantages CSE<\/strong> gr\u00e2ce \u00e0 votre code partenaire.<\/p>\n<p>R\u00e9servez d\u00e8s maintenant sur <a href=\"http:\/\/www.vacances-andretrigano.com\">www.vacances-andretrigano.com<\/a> ou par t\u00e9l\u00e9phone au +33 (0)5 61 69 05 16.<\/p>\n<p>***************************************************************************************<\/p>\n<p>Remises valables toute l'ann\u00e9e:<\/p>\n<p><strong>7% de remise du 04\/07\/2026 au 28\/08\/2026 inclus<\/strong><\/p>\n<p><strong>12% en dehors de ces dates<\/strong><\/p>\n<p><strong>7% toute l'ann\u00e9e sur les campings partenaires Etapes Andr\u00e9 Trigano<\/strong><\/p>\n<p>Code partenaire<strong> AUDACE<\/strong>, la carte Audace est demand\u00e9e pour toutes r\u00e9servations (elle est disponible dans votre espace personnel sur le site).<\/p>\n<p>Site internet\u00a0: <a href=\"http:\/\/www.vacances-andretrigano.com\">www.vacances-andretrigano.com\u00a0\u00a0\u00a0\u00a0\u00a0\u00a0\u00a0\u00a0<\/a>Renseignements au 0561690516.<\/p>\n","protected":false},"excerpt":{"rendered":"<p>Vacances Andr\u00e9 Trigano<br \/>\n&#8211; 7 % du 04 juillet au 28 ao\u00fbt avec la carte adh\u00e9rent Audace<\/p>\n<p>&#8211; 12 % le reste de l&#8217;ann\u00e9e<\/p>\n<p>&nbsp;<\/p>\n","protected":false},"featured_media":18346,"template":"","meta":[],"product_cat":[111,86,79],"product_tag":[112],"_links":{"self":[{"href":"https:\/\/www.audace44.fr\/commande\/wp-json\/wp\/v2\/product\/7228"}],"collection":[{"href":"https:\/\/www.audace44.fr\/commande\/wp-json\/wp\/v2\/product"}],"about":[{"href":"https:\/\/www.audace44.fr\/commande\/wp-json\/wp\/v2\/types\/product"}],"wp:featuredmedia":[{"embeddable":true,"href":"https:\/\/www.audace44.fr\/commande\/wp-json\/wp\/v2\/media\/18346"}],"wp:attachment":[{"href":"https:\/\/www.audace44.fr\/commande\/wp-json\/wp\/v2\/media?parent=7228"}],"wp:term":[{"taxonomy":"product_cat","embeddable":true,"href":"https:\/\/www.audace44.fr\/commande\/wp-json\/wp\/v2\/product_cat?post=7228"},{"taxonomy":"product_tag","embeddable":true,"href":"https:\/\/www.audace44.fr\/commande\/wp-json\/wp\/v2\/product_tag?post=7228"}],"curies":[{"name":"wp","href":"https:\/\/api.w.org\/{rel}","templated":true}]}}