{"id":7230,"date":"2022-11-11T11:23:07","date_gmt":"2022-11-11T10:23:07","guid":{"rendered":"https:\/\/amandineledu.art\/commande\/?post_type=product&#038;p=7230"},"modified":"2024-12-16T14:18:23","modified_gmt":"2024-12-16T13:18:23","slug":"campings","status":"publish","type":"product","link":"https:\/\/www.audace44.fr\/commande\/produit\/campings\/","title":{"rendered":"Campings.com"},"content":{"rendered":"<p><strong>CAMPINGS.com<\/strong><\/p>\n<p><strong>Campings.com propose plus de 3500 offres de s\u00e9jours en mobil-home en France (dont la Corse), en Espagne, au Portugal, en Italie, en Croatie, au Benelux et en Allemagne.<\/strong><\/p>\n<p><strong>\u00a0<\/strong>Du camping familial au camping-club 5 \u00e9toiles, des s\u00e9jours proches de la mer ou \u00e0 la campagne, des s\u00e9jours \u00e0 la semaine ou en court-s\u00e9jours et week-end<strong>, <\/strong>des grandes cha\u00eenes de camping aux campings ind\u00e9pendants\u2026 vous y trouverez le plus large choix de camping d\u2019Europe\u00a0!<\/p>\n<p>Retrouvez sur Campings.com tous types de Campings de 1 \u00e0 5 \u00e9toiles au meilleur prix\u00a0!<\/p>\n<p><strong>Offres de s\u00e9jour jusqu'\u00e0 -60% de remise (en fonction des disponibilit\u00e9s) sur les campings avec parcs aquatiques<\/strong><\/p>\n<p>Lien direct au site: <a href=\"https:\/\/www.campings.com\/ce\/cpc\/login\" target=\"_blank\" rel=\"noopener\">ICI<\/a><\/p>\n<p>En cas de d\u00e9connexion les Id et mot de passe sont AUDACE44 (en majuscule)<\/p>\n<p>Les prix affich\u00e9s tiennent compte de la remise de 7 %.<\/p>\n<p>Frais de dossier\u00a0: <span style=\"text-decoration: line-through;\">24\u20ac<\/span> OFFERTS<\/p>\n<p>Paiement 100% s\u00e9curis\u00e9 -\u00a0Ch\u00e8ques vacances accept\u00e9s - Facilit\u00e9 de paiement jusqu\u2019\u00e0 3 fois sans frais, 4 fois (conditions sur le site)<\/p>\n","protected":false},"excerpt":{"rendered":"<p><strong>CAMPINGS.com<\/strong><br \/>\n7 % toute l&#8217;ann\u00e9e<\/p>\n<p>frais de dossier offerts<\/p>\n","protected":false},"featured_media":11678,"template":"","meta":[],"product_cat":[111,86,79],"product_tag":[112],"_links":{"self":[{"href":"https:\/\/www.audace44.fr\/commande\/wp-json\/wp\/v2\/product\/7230"}],"collection":[{"href":"https:\/\/www.audace44.fr\/commande\/wp-json\/wp\/v2\/product"}],"about":[{"href":"https:\/\/www.audace44.fr\/commande\/wp-json\/wp\/v2\/types\/product"}],"wp:featuredmedia":[{"embeddable":true,"href":"https:\/\/www.audace44.fr\/commande\/wp-json\/wp\/v2\/media\/11678"}],"wp:attachment":[{"href":"https:\/\/www.audace44.fr\/commande\/wp-json\/wp\/v2\/media?parent=7230"}],"wp:term":[{"taxonomy":"product_cat","embeddable":true,"href":"https:\/\/www.audace44.fr\/commande\/wp-json\/wp\/v2\/product_cat?post=7230"},{"taxonomy":"product_tag","embeddable":true,"href":"https:\/\/www.audace44.fr\/commande\/wp-json\/wp\/v2\/product_tag?post=7230"}],"curies":[{"name":"wp","href":"https:\/\/api.w.org\/{rel}","templated":true}]}}