{"id":7232,"date":"2024-08-11T11:36:12","date_gmt":"2024-08-11T09:36:12","guid":{"rendered":"https:\/\/amandineledu.art\/commande\/?post_type=product&#038;p=7232"},"modified":"2025-04-17T16:35:12","modified_gmt":"2025-04-17T14:35:12","slug":"camping-direct","status":"publish","type":"product","link":"https:\/\/www.audace44.fr\/commande\/produit\/camping-direct\/","title":{"rendered":"Camping Direct"},"content":{"rendered":"<p><strong>CAMPING DIRECT<\/strong><br \/>\n<strong>R\u00c9SERVATION EN DIRECT AU MEILLEUR TARIF<\/strong><\/p>\n<p><em>validit\u00e9 de l'offre : du 03\/04\/2025 au 31\/05\/2025)<\/em><\/p>\n<p>Profitez de jusqu'\u00e0 -67% de r\u00e9duction<\/p>\n<p>R\u00e9servez d\u00e8s maintenant pour des vacances remplies de d\u00e9couvertes et de d\u00e9tente !<\/p>\n<p><span style=\"font-family: 'Arial',sans-serif;\">\u00a0<\/span><span style=\"font-size: 10.0pt; font-family: 'Arial',sans-serif;\">\u00a0 \u00a0\u00a0<\/span><strong><span style=\"font-size: 10.0pt; font-family: 'Arial',sans-serif; color: #e45f56;\"> - Lien d\u00e9di\u00e9<\/span><\/strong><span style=\"font-size: 10.0pt; font-family: 'Arial',sans-serif; color: #e45f56;\">\u00a0AUDACE\u00a0<strong><span style=\"font-family: 'Arial',sans-serif;\">: <\/span><\/strong><\/span><i><span style=\"font-size: 10.0pt; font-family: 'Arial',sans-serif; color: black;\">(les chiffres pr\u00e9sents dans votre URL permettent de vous identifier):\u00a0<\/span><\/i><u><span style=\"font-size: 10.0pt; font-family: 'Arial',sans-serif; color: #086aec;\"><a href=\"https:\/\/www.ce-campingdirect.com\/112\/fr\" target=\"_blank\" rel=\"noopener\">https:\/\/www.ce-campingdirect.com\/112\/fr<\/a><\/span><\/u><\/p>\n<p>Le meilleur prix en direct parmi de nombreuses grandes enseignes partenaires : Flower campings, Yelloh Villages, Huttopia, Cybele Vacances... Avec cette offre, b\u00e9n\u00e9ficiez de remises cumulables avec les promotions en cours !<\/p>\n<p>Une offre multi-h\u00e9bergements z\u00e9ro interm\u00e9diaire : Campings haut de gamme 4* et 5*, h\u00e9bergements insolites, Campings de charmes, s\u00e9jours 100% insolites et nature, emplacements camping-car\/tente, campings \u00e0 proximit\u00e9 de parcs de loisirs...<\/p>\n<p>Les offres en vid\u00e9o: <a href=\"https:\/\/youtu.be\/Z6ehe8kkidA\" target=\"_blank\" rel=\"noopener\">ICI<\/a><\/p>\n<p><strong>Informations compl\u00e9mentaires<\/strong> :<\/p>\n<ul>\n<li>Arriv\u00e9e\/d\u00e9part tous les jours, s\u00e9jours \u00e0 partir de 1 nuit, r\u00e9servations en temps r\u00e9elles et jusqu'\u00e0 la derni\u00e8re minute<\/li>\n<li>Aucun interm\u00e9diaire : vous r\u00e9glez acompte et solde aupr\u00e8s du camping et \u00eates le client du camping<\/li>\n<li>Paiements accept\u00e9s selon les campings : CB, virement bancaire, ANCV, e-ANCV, ch\u00e8que bancaire<\/li>\n<\/ul>\n<p>Offre \"+ de DISPO\" : Pas assez d'offres CE ? Ne perdez plus votre temps sur une multitude de sites internet... et acc\u00e9dez directement via notre interface aux tarifs et stocks de + de 2000 campings en Europe, sur les offres comportant la pastille bleue \u00ab\u00a0+ de DISPO au juste prix\u00a0\u00bb<\/p>\n<p><a href=\"https:\/\/www.ce-campingdirect.com\/112\/fr\" target=\"_blank\" rel=\"noopener noreferrer\">Lien direct vers le site: ICI<\/a><\/p>\n","protected":false},"excerpt":{"rendered":"<p>CAMPING DIRECT<\/p>\n<p>Un grand choix de campings !<br \/>\n8% Acc\u00e8s \u00e0 un site d\u00e9di\u00e9 aux adh\u00e9rents d&#8217;Audace<br \/>\nLien direct \u00e0 t\u00e9l\u00e9charger<\/p>\n","protected":false},"featured_media":15444,"template":"","meta":[],"product_cat":[111,86,79],"product_tag":[112],"_links":{"self":[{"href":"https:\/\/www.audace44.fr\/commande\/wp-json\/wp\/v2\/product\/7232"}],"collection":[{"href":"https:\/\/www.audace44.fr\/commande\/wp-json\/wp\/v2\/product"}],"about":[{"href":"https:\/\/www.audace44.fr\/commande\/wp-json\/wp\/v2\/types\/product"}],"wp:featuredmedia":[{"embeddable":true,"href":"https:\/\/www.audace44.fr\/commande\/wp-json\/wp\/v2\/media\/15444"}],"wp:attachment":[{"href":"https:\/\/www.audace44.fr\/commande\/wp-json\/wp\/v2\/media?parent=7232"}],"wp:term":[{"taxonomy":"product_cat","embeddable":true,"href":"https:\/\/www.audace44.fr\/commande\/wp-json\/wp\/v2\/product_cat?post=7232"},{"taxonomy":"product_tag","embeddable":true,"href":"https:\/\/www.audace44.fr\/commande\/wp-json\/wp\/v2\/product_tag?post=7232"}],"curies":[{"name":"wp","href":"https:\/\/api.w.org\/{rel}","templated":true}]}}