{"id":7235,"date":"2025-10-11T11:49:20","date_gmt":"2025-10-11T09:49:20","guid":{"rendered":"https:\/\/amandineledu.art\/commande\/?post_type=product&#038;p=7235"},"modified":"2026-03-12T14:50:20","modified_gmt":"2026-03-12T13:50:20","slug":"nae-vacances","status":"publish","type":"product","link":"https:\/\/www.audace44.fr\/commande\/produit\/nae-vacances\/","title":{"rendered":"Campings Na\u00e9 vacances"},"content":{"rendered":"<p><strong>CAMPINGS Na\u00e9 Vacances,<\/strong> c'est deux destinations d'exception !\u00a0<strong>Le domaine d'Inly<\/strong> \u00e0 Penestin et <strong>L'Oc\u00e9an<\/strong> au Croisic<br \/>\nDes h\u00e9bergements vari\u00e9s et haut de gamme, de grands espaces aquatiques, Et bien \u00e9videmment... des animations pour tous les \u00e2ges !<br \/>\nR\u00e9duction de 10 \u00e0 30 %<\/p>\n<p>Les chiens sont accept\u00e9s dans toutes les gamme de mobil-home.<\/p>\n<p>P\u00c9RIODES SAISON 2026<br \/>\n<strong>Du samedi 11 avril au dimanche 10 mai:<\/strong> gamme confort 25% - gamme premium 15% -\u00a0 gamme insolite 15%<br \/>\n<strong>Du lundi 11 mai au dimanche 17 mai (Ascension):<\/strong> gamme confort 10% - gamme premium 10% -\u00a0 gamme insolite 15%<br \/>\n<strong>Du lundi 18 mai au vendredi 3 juillet:<\/strong> gamme confort 30% - gamme premium 25% -\u00a0 gamme insolite 30%<br \/>\n<strong>Du samedi 4 juillet au dimanche 30 ao\u00fbt:<\/strong> gamme confort 15% - gamme premium 10% -\u00a0 gamme insolite 15%<br \/>\n<strong>Du lundi 31 ao\u00fbt au dimanche 20 septembre:<\/strong> gamme confort 30% - gamme premium 30% -\u00a0 gamme insolite 30%<\/p>\n<p>Code promo: CSE2026NAE et pr\u00e9sentation de la carte AUDACE obligatoire pour la r\u00e9servation.<\/p>\n<p>Lien direct pour d\u00e9couvrir et r\u00e9server: <a href=\"https:\/\/www.nae-vacances.com\/\" target=\"_blank\" rel=\"noopener\">https:\/\/www.nae-vacances.com\/<\/a><\/p>\n","protected":false},"excerpt":{"rendered":"<p>Na\u00e9 vacances<\/p>\n<p>Sp\u00e9cialiste en campings villages et espaces aquatiques en France<br \/>\n10 \u00e0 30 %<br \/>\nCode promo<\/p>\n","protected":false},"featured_media":15368,"template":"","meta":[],"product_cat":[111,86,79],"product_tag":[112],"_links":{"self":[{"href":"https:\/\/www.audace44.fr\/commande\/wp-json\/wp\/v2\/product\/7235"}],"collection":[{"href":"https:\/\/www.audace44.fr\/commande\/wp-json\/wp\/v2\/product"}],"about":[{"href":"https:\/\/www.audace44.fr\/commande\/wp-json\/wp\/v2\/types\/product"}],"wp:featuredmedia":[{"embeddable":true,"href":"https:\/\/www.audace44.fr\/commande\/wp-json\/wp\/v2\/media\/15368"}],"wp:attachment":[{"href":"https:\/\/www.audace44.fr\/commande\/wp-json\/wp\/v2\/media?parent=7235"}],"wp:term":[{"taxonomy":"product_cat","embeddable":true,"href":"https:\/\/www.audace44.fr\/commande\/wp-json\/wp\/v2\/product_cat?post=7235"},{"taxonomy":"product_tag","embeddable":true,"href":"https:\/\/www.audace44.fr\/commande\/wp-json\/wp\/v2\/product_tag?post=7235"}],"curies":[{"name":"wp","href":"https:\/\/api.w.org\/{rel}","templated":true}]}}