{"id":7239,"date":"2020-08-11T12:14:10","date_gmt":"2020-08-11T10:14:10","guid":{"rendered":"https:\/\/amandineledu.art\/commande\/?post_type=product&#038;p=7239"},"modified":"2025-10-17T11:21:00","modified_gmt":"2025-10-17T09:21:00","slug":"sunelia-vacances","status":"publish","type":"product","link":"https:\/\/www.audace44.fr\/commande\/produit\/sunelia-vacances\/","title":{"rendered":"Sun\u00ealia Vacances"},"content":{"rendered":"<p>SUN\u00caLIA VACANCES<br \/>\nPartenaire-vacances : 5% cumulables avec les offres en cours avec la carte adhe\u0301rent Audace (demandez la nous par <a href=\"http:\/\/contact@audace44.fr\" target=\"_blank\" rel=\"noopener\">mail<\/a>)<\/p>\n<p>Code partenaire: nous contacter (audace44@gmail.com)<\/p>\n<p><a href=\"https:\/\/www.sunelia.com\/fr\" target=\"_blank\" rel=\"noopener noreferrer\">Lien direct vers le site,\u00a0ICI<\/a><\/p>\n<p>Par t\u00e9l\u00e9phone: 0557143360 ou contact@sunelia.com<\/p>\n","protected":false},"excerpt":{"rendered":"<p>SUN\u00caLIA VACANCES<br \/>\n5% cumulables avec les offres en cours<br \/>\nCode promo et contacts \u00e0 t\u00e9l\u00e9charger<\/p>\n","protected":false},"featured_media":7240,"template":"","meta":[],"product_cat":[111,86,79],"product_tag":[112],"_links":{"self":[{"href":"https:\/\/www.audace44.fr\/commande\/wp-json\/wp\/v2\/product\/7239"}],"collection":[{"href":"https:\/\/www.audace44.fr\/commande\/wp-json\/wp\/v2\/product"}],"about":[{"href":"https:\/\/www.audace44.fr\/commande\/wp-json\/wp\/v2\/types\/product"}],"wp:featuredmedia":[{"embeddable":true,"href":"https:\/\/www.audace44.fr\/commande\/wp-json\/wp\/v2\/media\/7240"}],"wp:attachment":[{"href":"https:\/\/www.audace44.fr\/commande\/wp-json\/wp\/v2\/media?parent=7239"}],"wp:term":[{"taxonomy":"product_cat","embeddable":true,"href":"https:\/\/www.audace44.fr\/commande\/wp-json\/wp\/v2\/product_cat?post=7239"},{"taxonomy":"product_tag","embeddable":true,"href":"https:\/\/www.audace44.fr\/commande\/wp-json\/wp\/v2\/product_tag?post=7239"}],"curies":[{"name":"wp","href":"https:\/\/api.w.org\/{rel}","templated":true}]}}