{"id":7504,"date":"2022-08-24T09:24:10","date_gmt":"2022-08-24T07:24:10","guid":{"rendered":"http:\/\/www.audace44.fr\/commande\/?post_type=product&#038;p=7504"},"modified":"2026-01-19T14:40:19","modified_gmt":"2026-01-19T13:40:19","slug":"ucpa","status":"publish","type":"product","link":"https:\/\/www.audace44.fr\/commande\/produit\/ucpa\/","title":{"rendered":"UCPA &#8211; La Balagu\u00e8re"},"content":{"rendered":"<p>\u00ab UCPA SPORT NATURE \u00bb : Des vacances en France et \u00e0 l\u2019\u00e9tranger liant le sport et la nature. (De 18 \u00e0<br \/>\n55 ans)<br \/>\nOn vient en vacances \u00e0 l\u2019UCPA pour faire du sport, se d\u00e9tendre, rencontrer des gens de tous<br \/>\nhorizons, s\u2019amuser et se faire du bien. Nos s\u00e9jours sont de vrais moments de<br \/>\nrespiration : transmettant l\u2019amour du sport et de la nature, le collectif, le partage d\u2019\u00e9motions\u2026<br \/>\nSeul, \u00e0 deux, entre amis ou en famille, viens vivre tes r\u00eaves de sport et d\u2019aventure en France ou au<br \/>\nbout du monde !<\/p>\n<p>LA BALAGUERE : Sp\u00e9cialiste de la randonn\u00e9e \u00e0 pied et \u00e0 v\u00e9lo en France et \u00e0 l\u2019\u00e9tranger.<\/p>\n<p>REMISES ET CONDITIONS PARTICULI\u00c8RES :<br \/>\n\u2219 5% de remise accord\u00e9e par l'UCPA sur toutes les dates et les s\u00e9jours UCPA (hors transport,<br \/>\noptions, taxes et assurances).<\/p>\n<p>RESERVATION PARTENAIRE :<br \/>\nRendez-vous sur : https:\/\/www.ucpa.com\/\u00a0 ou https:\/\/www.labalaguere.com\/ et choisissez votre s\u00e9jour.<br \/>\n- Renseignez votre code privil\u00e8ge : <strong>R7678<\/strong><br \/>\n- La r\u00e9servation est aussi possible par t\u00e9l\u00e9phone au 09 69 39 03 92, dites UCPA et communiquez<br \/>\nPartenaire-vacances : -5% avec la carte adhe\u0301rent Audace<br \/>\nCode privil\u00e8ge P636 sur le<a href=\"https:\/\/www.ucpa.com\/?gclid=CjwKCAiAmrOBBhA0EiwArn3mfMJ6qZoXe0EWHK5QXwbJBhEZX9k9uEBXUk4K_4vDUPss7ScokK5eBxoC7WQQAvD_BwE\" target=\"_blank\" rel=\"noopener noreferrer\"> site internet ICI<\/a><\/p>\n<p>&nbsp;<\/p>\n","protected":false},"excerpt":{"rendered":"<p>UCPA<\/p>\n<p>S\u00e9jours adultes et colos enfants 6-17 ans<br \/>\n-5%<\/p>\n","protected":false},"featured_media":11732,"template":"","meta":[],"product_cat":[113,86,79],"product_tag":[112],"_links":{"self":[{"href":"https:\/\/www.audace44.fr\/commande\/wp-json\/wp\/v2\/product\/7504"}],"collection":[{"href":"https:\/\/www.audace44.fr\/commande\/wp-json\/wp\/v2\/product"}],"about":[{"href":"https:\/\/www.audace44.fr\/commande\/wp-json\/wp\/v2\/types\/product"}],"wp:featuredmedia":[{"embeddable":true,"href":"https:\/\/www.audace44.fr\/commande\/wp-json\/wp\/v2\/media\/11732"}],"wp:attachment":[{"href":"https:\/\/www.audace44.fr\/commande\/wp-json\/wp\/v2\/media?parent=7504"}],"wp:term":[{"taxonomy":"product_cat","embeddable":true,"href":"https:\/\/www.audace44.fr\/commande\/wp-json\/wp\/v2\/product_cat?post=7504"},{"taxonomy":"product_tag","embeddable":true,"href":"https:\/\/www.audace44.fr\/commande\/wp-json\/wp\/v2\/product_tag?post=7504"}],"curies":[{"name":"wp","href":"https:\/\/api.w.org\/{rel}","templated":true}]}}