{"id":7506,"date":"2024-08-24T09:36:40","date_gmt":"2024-08-24T07:36:40","guid":{"rendered":"http:\/\/www.audace44.fr\/commande\/?post_type=product&#038;p=7506"},"modified":"2024-12-13T11:10:46","modified_gmt":"2024-12-13T10:10:46","slug":"visages-du-monde","status":"publish","type":"product","link":"https:\/\/www.audace44.fr\/commande\/produit\/visages-du-monde\/","title":{"rendered":"Visages du Monde"},"content":{"rendered":"<p><strong>VISAGES DU MONDE<\/strong><\/p>\n<p>Agence de voyages pour s\u00e9jours, circuits ou croisi\u00e8res.<\/p>\n<p>-8% sur les circuits pr\u00e9sents dans les brochures Voyages internationaux et Decoov<\/p>\n<p>-5% sur les voyages longs courriers, moyen-courriers et France des Tour op\u00e9rateurs (liste \u00e0 voir avec l'agence).<\/p>\n<p>R\u00e9duction appliqu\u00e9e sur les forfaits hors promotions, prix d'appel, taxes a\u00e9roports et assurances.<\/p>\n<p>Offre valable hors billetterie Air, Fer ou Mer et location de voiture.<\/p>\n<p>R\u00e9servation sur le site<a href=\"https:\/\/www.visagesdumonde.fr\/\" target=\"_blank\" rel=\"noopener\"> www.visagesdumonde.fr<\/a> ou par t\u00e9l\u00e9phone 02 33 82 59 00<\/p>\n<p>Nous demander le code \u00e0 indiquer.<\/p>\n","protected":false},"excerpt":{"rendered":"<p><strong>VISAGES DU MONDE<\/strong><\/p>\n<p>Agence de voyages pour s\u00e9jours, circuits ou croisi\u00e8res.<br \/>\n&#8211; 5 % \u00e0 8%<\/p>\n","protected":false},"featured_media":7507,"template":"","meta":[],"product_cat":[113,86,79],"product_tag":[112],"_links":{"self":[{"href":"https:\/\/www.audace44.fr\/commande\/wp-json\/wp\/v2\/product\/7506"}],"collection":[{"href":"https:\/\/www.audace44.fr\/commande\/wp-json\/wp\/v2\/product"}],"about":[{"href":"https:\/\/www.audace44.fr\/commande\/wp-json\/wp\/v2\/types\/product"}],"wp:featuredmedia":[{"embeddable":true,"href":"https:\/\/www.audace44.fr\/commande\/wp-json\/wp\/v2\/media\/7507"}],"wp:attachment":[{"href":"https:\/\/www.audace44.fr\/commande\/wp-json\/wp\/v2\/media?parent=7506"}],"wp:term":[{"taxonomy":"product_cat","embeddable":true,"href":"https:\/\/www.audace44.fr\/commande\/wp-json\/wp\/v2\/product_cat?post=7506"},{"taxonomy":"product_tag","embeddable":true,"href":"https:\/\/www.audace44.fr\/commande\/wp-json\/wp\/v2\/product_tag?post=7506"}],"curies":[{"name":"wp","href":"https:\/\/api.w.org\/{rel}","templated":true}]}}