{"id":7508,"date":"2020-08-24T09:45:31","date_gmt":"2020-08-24T07:45:31","guid":{"rendered":"http:\/\/www.audace44.fr\/commande\/?post_type=product&#038;p=7508"},"modified":"2025-11-18T11:45:26","modified_gmt":"2025-11-18T10:45:26","slug":"center-parcs","status":"publish","type":"product","link":"https:\/\/www.audace44.fr\/commande\/produit\/center-parcs\/","title":{"rendered":"Center Parcs"},"content":{"rendered":"<p>CENTER PARCS<\/p>\n<p>D\u00e9couvrez l\u2019univers Center Parcs et ses 6 domaines en France, dont le Domaine du Bois aux Daims dans la vienne et Village Nature Center Parcs<\/p>\n<p>aux portes de Disneyland Paris.<\/p>\n<p>B\u00e9n\u00e9ficiez de <strong>10 \u00e0 35%<\/strong> de r\u00e9ductions gr\u00e2ce aux codes du CE.<\/p>\n<p>Frais de dossiers de <strong>29,50\u20ac offerts<\/strong><\/p>\n<p>Des s\u00e9jours inoubliables en famille ou entre amis en cottages 4, 6 ou 8 personnes autour d\u2019univers d\u00e9di\u00e9 aux loisirs et aux plaisirs aquatiques.<\/p>\n<p>Venez profiter de la fameuse \u00ab\u00a0Rivi\u00e8re sauvage\u00a0\u00bb et des nombreuses activit\u00e9s ludiques et sportives.<\/p>\n<p>Vous pouvez r\u00e9server d\u00e8s \u00e0 pr\u00e9sent vos s\u00e9jours en Week-end (Vendredi au Lundi), en Midweek (Lundi au Vendredi) ou en s\u00e9jour \u00e0 la carte (<strong><u>Nouveau<\/u><\/strong>).<\/p>\n<p>Carte Audace n\u00e9cessaire (\u00e0 t\u00e9l\u00e9charger dans votre espace).<\/p>\n<p>identifiant: audace<\/p>\n<p>Mot de passe: 87790<\/p>\n<p>Code Center Parcs et Villages Nature Paris: CE041205<\/p>\n<p><a href=\"https:\/\/ww2-ce.groupepvcp.com\/fr-fr\/b2b\/login\" target=\"_blank\" rel=\"noopener noreferrer\">Lien vers le site partenaire ICI<\/a><\/p>\n","protected":false},"excerpt":{"rendered":"<p>CENTER PARCS<br \/>\n-5 \u00e0 -40%<br \/>\nCode promo et contacts \u00e0 t\u00e9l\u00e9charger<\/p>\n","protected":false},"featured_media":8235,"template":"","meta":[],"product_cat":[117,86,79],"product_tag":[112],"_links":{"self":[{"href":"https:\/\/www.audace44.fr\/commande\/wp-json\/wp\/v2\/product\/7508"}],"collection":[{"href":"https:\/\/www.audace44.fr\/commande\/wp-json\/wp\/v2\/product"}],"about":[{"href":"https:\/\/www.audace44.fr\/commande\/wp-json\/wp\/v2\/types\/product"}],"wp:featuredmedia":[{"embeddable":true,"href":"https:\/\/www.audace44.fr\/commande\/wp-json\/wp\/v2\/media\/8235"}],"wp:attachment":[{"href":"https:\/\/www.audace44.fr\/commande\/wp-json\/wp\/v2\/media?parent=7508"}],"wp:term":[{"taxonomy":"product_cat","embeddable":true,"href":"https:\/\/www.audace44.fr\/commande\/wp-json\/wp\/v2\/product_cat?post=7508"},{"taxonomy":"product_tag","embeddable":true,"href":"https:\/\/www.audace44.fr\/commande\/wp-json\/wp\/v2\/product_tag?post=7508"}],"curies":[{"name":"wp","href":"https:\/\/api.w.org\/{rel}","templated":true}]}}