{"id":7511,"date":"2020-08-24T10:07:14","date_gmt":"2020-08-24T08:07:14","guid":{"rendered":"http:\/\/www.audace44.fr\/commande\/?post_type=product&#038;p=7511"},"modified":"2025-11-18T11:43:36","modified_gmt":"2025-11-18T10:43:36","slug":"maeva","status":"publish","type":"product","link":"https:\/\/www.audace44.fr\/commande\/produit\/maeva\/","title":{"rendered":"Maeva"},"content":{"rendered":"<p><strong><u>Maeva.com<\/u><\/strong><strong>\u00a0<\/strong>: \u00a0<strong>Camping<\/strong><strong>s<\/strong><strong>, Maisons et Villa avec piscine priv\u00e9e, Appartements de particuliers<\/strong>, <strong>Chalets<\/strong> <strong>et<\/strong> <strong>R\u00e9sidences<\/strong> <strong>au meilleur prix<\/strong>\u00a0!<\/p>\n<p>Pour vos vacances d\u2019ETE, <strong><u>Maeva.com<\/u><\/strong> est <strong>LE<\/strong> moteur de recherche le plus complet avec <strong>plus de 8000 destinations et 30 000 offres de s\u00e9jours<\/strong><\/p>\n<p>Pourquoi continuer \u00e0 payer vos vacances le prix fort ? D\u00e9couvrez d\u00e8s \u00e0 pr\u00e9sent nos offres qui s\u2019adaptent \u00e0 tous les budgets et toutes les envies !<\/p>\n<p><strong><u>Nouveau\u00a0<\/u><\/strong><strong><u>: Paiement en 4 fois sans frais<\/u><\/strong><\/p>\n<p>D\u00e9couvrez nos offres qui s\u2019adaptent \u00e0 tous les gouts et tous les budgets\u00a0:<\/p>\n<p><strong>Maeva R\u00e9sidences <\/strong>: partez en bord de mer en R\u00e9sidences, villages clubs, h\u00f4tels ou g\u00eetes aux meilleurs tarifs.<\/p>\n<p><strong>Maeva Particuliers<\/strong>, partez chez un particulier avec un professionnel ! Acc\u00e9dez \u00e0 une s\u00e9lection unique de 5000 appartements ou maisons en France, Espagne et Italie\u00a0!<\/p>\n<p><strong>Maeva campings <\/strong>: des milliers d\u2019offres de camping s\u00e9lectionn\u00e9s dans les plus belles r\u00e9gions de France et d\u2019Espagne.<\/p>\n<p>Carte Audace n\u00e9cessaire (\u00e0 t\u00e9l\u00e9charger dans votre espace).<\/p>\n<p>identifiant: audace<\/p>\n<p>Mot de passe: 87790<\/p>\n<p><a href=\"https:\/\/ww2-ce.groupepvcp.com\/fr-fr\/b2b\/login\" target=\"_blank\" rel=\"noopener noreferrer\">Lien vers le site partenaire ICI<\/a><\/p>\n","protected":false},"excerpt":{"rendered":"<p>MAEVA<br \/>\n-5 \u00e0 -40%<br \/>\nCode promo et contacts \u00e0 t\u00e9l\u00e9charger<\/p>\n","protected":false},"featured_media":8239,"template":"","meta":[],"product_cat":[117,86,79],"product_tag":[112],"_links":{"self":[{"href":"https:\/\/www.audace44.fr\/commande\/wp-json\/wp\/v2\/product\/7511"}],"collection":[{"href":"https:\/\/www.audace44.fr\/commande\/wp-json\/wp\/v2\/product"}],"about":[{"href":"https:\/\/www.audace44.fr\/commande\/wp-json\/wp\/v2\/types\/product"}],"wp:featuredmedia":[{"embeddable":true,"href":"https:\/\/www.audace44.fr\/commande\/wp-json\/wp\/v2\/media\/8239"}],"wp:attachment":[{"href":"https:\/\/www.audace44.fr\/commande\/wp-json\/wp\/v2\/media?parent=7511"}],"wp:term":[{"taxonomy":"product_cat","embeddable":true,"href":"https:\/\/www.audace44.fr\/commande\/wp-json\/wp\/v2\/product_cat?post=7511"},{"taxonomy":"product_tag","embeddable":true,"href":"https:\/\/www.audace44.fr\/commande\/wp-json\/wp\/v2\/product_tag?post=7511"}],"curies":[{"name":"wp","href":"https:\/\/api.w.org\/{rel}","templated":true}]}}