{"id":7513,"date":"2023-02-24T10:13:51","date_gmt":"2023-02-24T09:13:51","guid":{"rendered":"http:\/\/www.audace44.fr\/commande\/?post_type=product&#038;p=7513"},"modified":"2025-12-12T11:12:48","modified_gmt":"2025-12-12T10:12:48","slug":"pierre-vacances","status":"publish","type":"product","link":"https:\/\/www.audace44.fr\/commande\/produit\/pierre-vacances\/","title":{"rendered":"Pierre &#038; Vacances"},"content":{"rendered":"<p>En France et \u00e0 l\u2019\u00e9tranger, posez vos valises dans l\u2019une de nos 300 r\u00e9sidences, villages ou r\u00e9sidence premium nich\u00e9s au c\u0153ur des plus belles r\u00e9gions de France.<\/p>\n<p>Vous trouverez chez <strong>Pierre &amp; Vacances<\/strong> un large choix de s\u00e9jours en r\u00e9sidences bord de mer, aux meilleurs emplacements et des appartements tout \u00e9quip\u00e9s pour des vacances en toute libert\u00e9.<\/p>\n<p>Partez en<strong> week-end<\/strong> ou \u00e0 la <strong>semaine<\/strong>\u00a0! Vous choisissez la dur\u00e9e de votre s\u00e9jour \u00e0 partir d\u2019une nuit.<\/p>\n<p>Carte Audace n\u00e9cessaire (\u00e0 t\u00e9l\u00e9charger dans votre espace).<\/p>\n<p>identifiant: audace<\/p>\n<p>Mot de passe: 87790<\/p>\n<p><a href=\"https:\/\/ww2-ce.groupepvcp.com\/fr-fr\/b2b\/login\" target=\"_blank\" rel=\"noopener noreferrer\">Lien vers le site partenaire ICI<\/a><\/p>\n","protected":false},"excerpt":{"rendered":"<p>PIERRE &amp; VACANCES<br \/>\n-5 \u00e0 -40%<\/p>\n","protected":false},"featured_media":7514,"template":"","meta":[],"product_cat":[117,86,79],"product_tag":[112],"_links":{"self":[{"href":"https:\/\/www.audace44.fr\/commande\/wp-json\/wp\/v2\/product\/7513"}],"collection":[{"href":"https:\/\/www.audace44.fr\/commande\/wp-json\/wp\/v2\/product"}],"about":[{"href":"https:\/\/www.audace44.fr\/commande\/wp-json\/wp\/v2\/types\/product"}],"wp:featuredmedia":[{"embeddable":true,"href":"https:\/\/www.audace44.fr\/commande\/wp-json\/wp\/v2\/media\/7514"}],"wp:attachment":[{"href":"https:\/\/www.audace44.fr\/commande\/wp-json\/wp\/v2\/media?parent=7513"}],"wp:term":[{"taxonomy":"product_cat","embeddable":true,"href":"https:\/\/www.audace44.fr\/commande\/wp-json\/wp\/v2\/product_cat?post=7513"},{"taxonomy":"product_tag","embeddable":true,"href":"https:\/\/www.audace44.fr\/commande\/wp-json\/wp\/v2\/product_tag?post=7513"}],"curies":[{"name":"wp","href":"https:\/\/api.w.org\/{rel}","templated":true}]}}