{"id":7515,"date":"2022-08-24T10:27:31","date_gmt":"2022-08-24T08:27:31","guid":{"rendered":"http:\/\/www.audace44.fr\/commande\/?post_type=product&#038;p=7515"},"modified":"2025-04-03T13:12:30","modified_gmt":"2025-04-03T11:12:30","slug":"cap-vacances","status":"publish","type":"product","link":"https:\/\/www.audace44.fr\/commande\/produit\/cap-vacances\/","title":{"rendered":"Mil\u00e9ade"},"content":{"rendered":"<p>Mil\u00e9ade<\/p>\n<p>Envie de vous balader ou de randonner dans un bel environnement ? Profitez de nos prix doux \u00e0 la mer, \u00e0 la campagne ou \u00e0 la montagne\u00a0: le choix est large\u00a0!<\/p>\n<p><strong>Derni\u00e8re Minute Printemps Et\u00e9 Automne\u00a0Mil\u00e9ade<\/strong><\/p>\n<p>Profitez de vacances \u00e0 prix doux avec notre s\u00e9lection de s\u00e9jours Derni\u00e8re minute<strong>, \u00e0 moins d\u20191 mois du d\u00e9part :<\/strong><\/p>\n<p><strong>\u00a0<\/strong><strong>5%* de r\u00e9duction suppl\u00e9mentaire<\/strong> avec votre code partenaire\u00a0soit <strong>jusqu\u2019\u00e0 <\/strong><strong>-25%<\/strong> <strong>sur votre s\u00e9jour\u00a0<\/strong><\/p>\n<p><strong>Code remise partenaire (AUDACE14DNP)<\/strong><\/p>\n<p>Lien :<a href=\"https:\/\/reservation-partenaires.mileade.com\/derniere-minute\/\" target=\"_blank\" rel=\"noopener\"><strong> https:\/\/reservation-partenaires.mileade.com\/derniere-minute\/<\/strong><\/a><\/p>\n<p>**************************************<\/p>\n<p>Rappel\u00a0: Pour r\u00e9server en ligne ou par t\u00e9l\u00e9phone, c\u2019est tr\u00e8s simple\u00a0: identifiez-vous avec votre code partenaire pour b\u00e9n\u00e9ficier de vos avantages partenaire et utilisez le code promotion de l\u2019offre.<\/p>\n<p>Partenaire-vacances : -10 % hors vacances scolaires \/ -5 % en vacances scolaires, avec la carte adhe\u0301rent Audace<br \/>\nRe\u0301ductions cumulables<br \/>\nCode promo et contacts \u00e0 t\u00e9l\u00e9charger apr\u00e8s validation de la commande<br \/>\ncode partenaire: AUDACE14DNP<br \/>\nLien direct <a href=\"https:\/\/reservation-partenaires.mileade.com\/\" target=\"_blank\" rel=\"noopener noreferrer\">ICI<\/a><\/p>\n<p>Mil\u00e9ade, c\u2019est\u00a0:<\/p>\n<ul>\n<li>34 destinations dans les plus belles r\u00e9gions de France<\/li>\n<li>Des Villages Clubs et des H\u00f4tels 3 \u00e9toiles pour la plupart, confortables, \u00e0 la d\u00e9coration moderne et cosy<\/li>\n<li>Des formules \u00ab Tout Compris \u00bb en pension compl\u00e8te, demi-pension, location<\/li>\n<li>L\u2019hiver\u00a0: des formules packag\u00e9es Ski, l\u2019\u00e9t\u00e9\u00a0: encore plus de sport, rando, nature, bien-\u00eatre\u00a0avec les labels !<\/li>\n<li>Une restauration gourmande et vari\u00e9e, en buffets, avec des produits locaux, de saison et du \u00ab\u00a0fait-maison\u00a0\u00bb<\/li>\n<li>Des exp\u00e9riences riches en journ\u00e9e et en soir\u00e9e<\/li>\n<li>Des clubs enfants gratuits de 3 mois \u00e0 17 ans<\/li>\n<li>Des espaces bien-\u00eatre en acc\u00e8s libre pour se d\u00e9tendre et se ressourcer<\/li>\n<\/ul>\n","protected":false},"excerpt":{"rendered":"<p>Mil\u00e9ade<\/p>\n<p><strong>Jusqu&#8217;\u00e0 <\/strong><strong>-10%<\/strong><strong> sur votre s\u00e9jour, cumulable avec votre remise partenaire <\/strong>(avec votre code avantage partenaire AUDACE14DNP).<\/p>\n<p>Partenaire-vacances : -10 % hors vacances scolaires \/ -5 % en vacances scolaires, avec la carte adhe\u0301rent Audace<br \/>\nRe\u0301ductions cumulables<\/p>\n","protected":false},"featured_media":8221,"template":"","meta":[],"product_cat":[117,86,79],"product_tag":[112],"_links":{"self":[{"href":"https:\/\/www.audace44.fr\/commande\/wp-json\/wp\/v2\/product\/7515"}],"collection":[{"href":"https:\/\/www.audace44.fr\/commande\/wp-json\/wp\/v2\/product"}],"about":[{"href":"https:\/\/www.audace44.fr\/commande\/wp-json\/wp\/v2\/types\/product"}],"wp:featuredmedia":[{"embeddable":true,"href":"https:\/\/www.audace44.fr\/commande\/wp-json\/wp\/v2\/media\/8221"}],"wp:attachment":[{"href":"https:\/\/www.audace44.fr\/commande\/wp-json\/wp\/v2\/media?parent=7515"}],"wp:term":[{"taxonomy":"product_cat","embeddable":true,"href":"https:\/\/www.audace44.fr\/commande\/wp-json\/wp\/v2\/product_cat?post=7515"},{"taxonomy":"product_tag","embeddable":true,"href":"https:\/\/www.audace44.fr\/commande\/wp-json\/wp\/v2\/product_tag?post=7515"}],"curies":[{"name":"wp","href":"https:\/\/api.w.org\/{rel}","templated":true}]}}