{"id":7517,"date":"2024-06-21T10:37:06","date_gmt":"2024-06-21T08:37:06","guid":{"rendered":"http:\/\/www.audace44.fr\/commande\/?post_type=product&#038;p=7517"},"modified":"2026-02-23T14:19:31","modified_gmt":"2026-02-23T13:19:31","slug":"mmv-residences-vacances","status":"publish","type":"product","link":"https:\/\/www.audace44.fr\/commande\/produit\/mmv-residences-vacances\/","title":{"rendered":"MMV R\u00e9sidences"},"content":{"rendered":"<p><strong>MMV R\u00c9SIDENCES VACANCES<\/strong><\/p>\n<p>Les vacances avec MMV, c\u2019est le plaisir simple d\u2019\u00eatre ensemble : Animations, exp\u00e9riences outdoor, Clubs Enfants, espaces bien-\u00eatre, restauration de qualit\u00e9...<\/p>\n<p>Et ce qu'il faut d'adr\u00e9naline pour vous faire vivre des vacances intenses en \u00e9motions \u00e0 vivre ensemble\u00a0!<\/p>\n<p>*****************************<\/p>\n<p><strong>Offre \u00ab Grand air, petits prix \u00bb<\/strong><\/p>\n<p><strong> jusqu'\u00e0 -35% (remise Partenaire incluse), cumulable avec les bons plans, en r\u00e9servant avant le 12 mars 2026<\/strong>.<\/p>\n<p>Lien directe:<a href=\"https:\/\/www.mmv.fr\/partenaires\/offre-hiver?login_partenaire=COMP049078&amp;utm_source=SIM&amp;utm_medium=email&amp;utm_campaign=20251204-offre-grand-air-petits-prix-H26-orga&amp;utm_content=&amp;utm_term=_\" target=\"_blank\" rel=\"noopener\"> ICI<\/a><\/p>\n<p>*****************************<\/p>\n<p>Pour en b\u00e9n\u00e9ficier, il vous suffit de nous contacter\u00a0par t\u00e9l\u00e9phone<br \/>\nau +33 (0)4-92-12-62-12 ou sur notre site internet <a href=\"https:\/\/newsletter.mmv.fr\/JDCCAowmGP_FHePfRdxGGr\/xugH\/_7SWANTLjH\/5ymcN\/RuynCbHon\/EtasZgoA6qi\/5ra0zfpHwg1\/VkDixya\/P7MJ\/rA8oLD5gLp\/5-H_akG_0z2Y\/jwggwK9Lxxx\/awDuogQEIUS.php?ID=TqFLSCx\" target=\"_blank\" rel=\"noopener\">partenaires.mmv.fr<\/a><\/p>\n<p>*****************************<\/p>\n<p>Partenaire-vacances : -5 \u00e0 -20% avec la carte adhe\u0301rent Audace<br \/>\nRe\u0301ductions cumulables avec les offres en cours et le early booking<br \/>\nCode promo: COMP049078<br \/>\nLien vers le site MMV Audace: <a href=\"https:\/\/www.mmv.fr\/partenaires\/prems?login_partenaire=COMP049078\" target=\"_blank\" rel=\"noopener noreferrer\">ICI<\/a><\/p>\n","protected":false},"excerpt":{"rendered":"<p>MMV R\u00c9SIDENCES VACANCES<br \/>\n-5 \u00e0 -20%<br \/>\nCode promo et contacts \u00e0 t\u00e9l\u00e9charger<\/p>\n","protected":false},"featured_media":10569,"template":"","meta":[],"product_cat":[117,86,79],"product_tag":[112],"_links":{"self":[{"href":"https:\/\/www.audace44.fr\/commande\/wp-json\/wp\/v2\/product\/7517"}],"collection":[{"href":"https:\/\/www.audace44.fr\/commande\/wp-json\/wp\/v2\/product"}],"about":[{"href":"https:\/\/www.audace44.fr\/commande\/wp-json\/wp\/v2\/types\/product"}],"wp:featuredmedia":[{"embeddable":true,"href":"https:\/\/www.audace44.fr\/commande\/wp-json\/wp\/v2\/media\/10569"}],"wp:attachment":[{"href":"https:\/\/www.audace44.fr\/commande\/wp-json\/wp\/v2\/media?parent=7517"}],"wp:term":[{"taxonomy":"product_cat","embeddable":true,"href":"https:\/\/www.audace44.fr\/commande\/wp-json\/wp\/v2\/product_cat?post=7517"},{"taxonomy":"product_tag","embeddable":true,"href":"https:\/\/www.audace44.fr\/commande\/wp-json\/wp\/v2\/product_tag?post=7517"}],"curies":[{"name":"wp","href":"https:\/\/api.w.org\/{rel}","templated":true}]}}