{"id":7521,"date":"2020-08-24T11:10:28","date_gmt":"2020-08-24T09:10:28","guid":{"rendered":"http:\/\/www.audace44.fr\/commande\/?post_type=product&#038;p=7521"},"modified":"2024-02-21T12:24:37","modified_gmt":"2024-02-21T11:24:37","slug":"la-france-du-nord-au-sud","status":"publish","type":"product","link":"https:\/\/www.audace44.fr\/commande\/produit\/la-france-du-nord-au-sud\/","title":{"rendered":"La France du N. au S."},"content":{"rendered":"<p>LA FRANCE DU NORD AU SUD<br \/>\nPartenaire-vacances : 6 % de re\u0301duction avec la carte adhe\u0301rent Audace<br \/>\nPlus de 700 partenaires he\u0301bergeurs<br \/>\nCumulable avec les promotions sur le site (jusqu'a\u0300 -55% !)<br \/>\nCode promo: AUDACEVIP6<\/p>\n<p><a href=\"https:\/\/www.lafrancedunordausud.fr\/recherche.php#descenteMoteur\" target=\"_blank\" rel=\"noopener noreferrer\">Lien direct vers le site ICI<\/a><\/p>\n","protected":false},"excerpt":{"rendered":"<p>LA FRANCE DU NORD AU SUD<br \/>\n6 % de re\u0301duction<br \/>\nCode promo et contacts \u00e0 t\u00e9l\u00e9charger<\/p>\n","protected":false},"featured_media":8592,"template":"","meta":[],"product_cat":[117,86,79],"product_tag":[112],"_links":{"self":[{"href":"https:\/\/www.audace44.fr\/commande\/wp-json\/wp\/v2\/product\/7521"}],"collection":[{"href":"https:\/\/www.audace44.fr\/commande\/wp-json\/wp\/v2\/product"}],"about":[{"href":"https:\/\/www.audace44.fr\/commande\/wp-json\/wp\/v2\/types\/product"}],"wp:featuredmedia":[{"embeddable":true,"href":"https:\/\/www.audace44.fr\/commande\/wp-json\/wp\/v2\/media\/8592"}],"wp:attachment":[{"href":"https:\/\/www.audace44.fr\/commande\/wp-json\/wp\/v2\/media?parent=7521"}],"wp:term":[{"taxonomy":"product_cat","embeddable":true,"href":"https:\/\/www.audace44.fr\/commande\/wp-json\/wp\/v2\/product_cat?post=7521"},{"taxonomy":"product_tag","embeddable":true,"href":"https:\/\/www.audace44.fr\/commande\/wp-json\/wp\/v2\/product_tag?post=7521"}],"curies":[{"name":"wp","href":"https:\/\/api.w.org\/{rel}","templated":true}]}}