{"id":7525,"date":"2025-04-24T09:30:34","date_gmt":"2025-04-24T07:30:34","guid":{"rendered":"http:\/\/www.audace44.fr\/commande\/?post_type=product&#038;p=7525"},"modified":"2026-03-31T10:11:28","modified_gmt":"2026-03-31T08:11:28","slug":"odalys","status":"publish","type":"product","link":"https:\/\/www.audace44.fr\/commande\/produit\/odalys\/","title":{"rendered":"Odalys Vacances"},"content":{"rendered":"<p>******************************************************************************<\/p>\n<p>20% de remise avec votre code partenaire 44AUDACE cumulable avec les offres en cours.<\/p>\n<p>\u00c0 la Mer, \u00e0 la campagne ou \u00e0 la montagne, en camping ou en r\u00e9sidence, nous avons ce qu'il vous faut !<br \/>\nSi vous partez dans les 2 prochaines semaines, vous pourrez b\u00e9n\u00e9ficier jusqu\u2019\u00e0 -40% sur de nombreux h\u00e9bergements en France et en Europe.<br \/>\nNe tardez pas, les stocks sont limit\u00e9s, saisissez vite nos meilleures offres ! <strong>Code partenaire: 44AUDACE<\/strong><\/p>\n<p>Bonification ANCV, offre <a href=\"https:\/\/www.odalys-vacances.com\/bonification-ancv.html\" target=\"_blank\" rel=\"noopener noreferrer\">\u00e0 d\u00e9couvrir ICI<\/a><br \/>\n380 re\u0301sidences, h\u00f4tels et appart'ho\u0302tels<br \/>\nCode partenaire: 44AUDACE<\/p>\n<p><a href=\"https:\/\/www.odalys-vacances.com\/stations-de-ski-en-famille\/?datedebut=06\/02\/2021&amp;datefin=04\/03\/2021&amp;duree=7#ectrans=1\" target=\"_blank\" rel=\"noopener noreferrer\">Lien direct vers le site Odalys ICI<\/a><\/p>\n<p>Contact: 02 40 30 12 22<\/p>\n","protected":false},"excerpt":{"rendered":"<p>ODALYS<br \/>\n10 a\u0300 28 % de r\u00e9duction (cumulable avec Earlybooking)<br \/>\nOffres ponctuelles cumulables avec code de r\u00e9duction.<\/p>\n","protected":false},"featured_media":7223,"template":"","meta":[],"product_cat":[117,86,79],"product_tag":[112],"_links":{"self":[{"href":"https:\/\/www.audace44.fr\/commande\/wp-json\/wp\/v2\/product\/7525"}],"collection":[{"href":"https:\/\/www.audace44.fr\/commande\/wp-json\/wp\/v2\/product"}],"about":[{"href":"https:\/\/www.audace44.fr\/commande\/wp-json\/wp\/v2\/types\/product"}],"wp:featuredmedia":[{"embeddable":true,"href":"https:\/\/www.audace44.fr\/commande\/wp-json\/wp\/v2\/media\/7223"}],"wp:attachment":[{"href":"https:\/\/www.audace44.fr\/commande\/wp-json\/wp\/v2\/media?parent=7525"}],"wp:term":[{"taxonomy":"product_cat","embeddable":true,"href":"https:\/\/www.audace44.fr\/commande\/wp-json\/wp\/v2\/product_cat?post=7525"},{"taxonomy":"product_tag","embeddable":true,"href":"https:\/\/www.audace44.fr\/commande\/wp-json\/wp\/v2\/product_tag?post=7525"}],"curies":[{"name":"wp","href":"https:\/\/api.w.org\/{rel}","templated":true}]}}