{"id":7530,"date":"2020-08-24T13:55:05","date_gmt":"2020-08-24T11:55:05","guid":{"rendered":"http:\/\/www.audace44.fr\/commande\/?post_type=product&#038;p=7530"},"modified":"2025-07-15T15:06:21","modified_gmt":"2025-07-15T13:06:21","slug":"hotel-pour-tous","status":"publish","type":"product","link":"https:\/\/www.audace44.fr\/commande\/produit\/hotel-pour-tous\/","title":{"rendered":"H\u00f4tel pour Tous"},"content":{"rendered":"<p>H\u00d4TEL POUR TOUS<\/p>\n<p>Du 2 \u00e9toiles au 5 \u00e9toiles luxe, nous mettons \u00e0 votre disposition un tr\u00e8s large choix d'h\u00f4tels, appart-h\u00f4tels, appartements et locations de vacances \u00e0 travers le monde \u00e0 tarifs n\u00e9goci\u00e9s, et r\u00e9servables \u00e0 la nuit\u00e9e.<\/p>\n<p>Les tarifs affich\u00e9s pour un h\u00e9bergement sont garantis imm\u00e9diatement et sans surprise.<\/p>\n<p>La r\u00e9duction incluse s'applique sur toutes les dates de voyages, y compris pendant les vacances scolaires et quelle que soit la dur\u00e9e du s\u00e9jour.<br \/>\nNotre \u00e9quipe de conseillers clients <strong>assure le suivi du dossier de la r\u00e9servation jusqu\u2019au retour<\/strong> et vous garantit une assistance 7j\/7 et 24h\/24 en cas d'urgence \u00e0 destination.<\/p>\n<p><u>Les avantages<\/u><u>\u202f<\/u><u>:<\/u><\/p>\n<ul>\n<li>Remise cumulable avec les offres promotionnelles<\/li>\n<li>Ch\u00e8ques vacances classic et connect accept\u00e9s<\/li>\n<\/ul>\n<ul>\n<li>Aucun frais de dossier<\/li>\n<\/ul>\n<ul>\n<li>Paiement possible en 4 fois<\/li>\n<\/ul>\n<ul>\n<li>Possibilit\u00e9 de poser des options sans engagement<\/li>\n<\/ul>\n<ul>\n<li>Flexibilit\u00e9 : des offres annulables sans frais avant d\u00e9part sont disponibles sur le site.<\/li>\n<li>R\u00e9servation \u00e0 la nuit\u00e9e<\/li>\n<\/ul>\n<ul>\n<li>Possibilit\u00e9 de t\u00e9l\u00e9charger une attestation de s\u00e9jour en ligne<\/li>\n<\/ul>\n<p><strong>Nous contacter :<\/strong><strong>\u202f<\/strong><\/p>\n<p>Une question avant de r\u00e9server\u202f? : <a href=\"mailto:contact@hotelpourtous.com\">contact@hotelpourtous.com<\/a><\/p>\n<p>Une question sur votre r\u00e9servation ? : RDV sur votre espace \u201cg\u00e9rer ma r\u00e9servation\u201d accessible depuis votre confirmation de commande ou sur la page d\u2019accueil de notre site<\/p>\n<p>Identifiant: audace\u00a0 \u00a0Mot de passe: hotel<br \/>\nRendez-vous sur le site: <a href=\"http:\/\/www.hotelpourtous.com\/login.htm?login=audace&amp;password=hotel&amp;action=connect\" target=\"_blank\" rel=\"noopener noreferrer\">ICI<\/a><\/p>\n","protected":false},"excerpt":{"rendered":"<p>H\u00d4TEL POUR TOUS<br \/>\nRe\u0301duction de 8 % sur les promotions<\/p>\n","protected":false},"featured_media":16989,"template":"","meta":[],"product_cat":[117,86,79],"product_tag":[112],"_links":{"self":[{"href":"https:\/\/www.audace44.fr\/commande\/wp-json\/wp\/v2\/product\/7530"}],"collection":[{"href":"https:\/\/www.audace44.fr\/commande\/wp-json\/wp\/v2\/product"}],"about":[{"href":"https:\/\/www.audace44.fr\/commande\/wp-json\/wp\/v2\/types\/product"}],"wp:featuredmedia":[{"embeddable":true,"href":"https:\/\/www.audace44.fr\/commande\/wp-json\/wp\/v2\/media\/16989"}],"wp:attachment":[{"href":"https:\/\/www.audace44.fr\/commande\/wp-json\/wp\/v2\/media?parent=7530"}],"wp:term":[{"taxonomy":"product_cat","embeddable":true,"href":"https:\/\/www.audace44.fr\/commande\/wp-json\/wp\/v2\/product_cat?post=7530"},{"taxonomy":"product_tag","embeddable":true,"href":"https:\/\/www.audace44.fr\/commande\/wp-json\/wp\/v2\/product_tag?post=7530"}],"curies":[{"name":"wp","href":"https:\/\/api.w.org\/{rel}","templated":true}]}}