{"id":7742,"date":"2026-01-03T14:37:44","date_gmt":"2026-01-03T13:37:44","guid":{"rendered":"https:\/\/www.audace44.fr\/commande\/?post_type=product&#038;p=7742"},"modified":"2026-02-06T11:10:58","modified_gmt":"2026-02-06T10:10:58","slug":"relais-thalasso-chateau-des-tourelles","status":"publish","type":"product","link":"https:\/\/www.audace44.fr\/commande\/produit\/relais-thalasso-chateau-des-tourelles\/","title":{"rendered":"Ch\u00e2teau des Tourelles"},"content":{"rendered":"<p>En 1868, le vicomte belge de Wautier et son \u00e9pouse, acqui\u00e8rent un terrain sur la pointe du Bec et y font construire un ch\u00e2teau tout blanc \u00e0 5 tours, digne d\u2019un conte de f\u00e9e. C'est \u00e0 la pr\u00e9sence de ces tours que le ch\u00e2teau doit son nom local de \u00ab\u00a0<strong>Ch\u00e2teau des Tourelles<\/strong>\u00a0\u00bb. En 1882, le couple vend le ch\u00e2teau et celui-ci se voit embelli de propri\u00e9taire en propri\u00e9taire.<\/p>\n<p>Rachet\u00e9 en 1938 par la mairie du 12e arrondissement de Paris qui y loge des colonies de vacances, il est revendu en 2008 \u00e0 la famille PH\u00c9LIPPEAU, qui le convertit pr\u00e8s de 150 ans plus tard, en un\u00a0<strong>h\u00f4tel-spa quatre \u00e9toiles<\/strong>\u00a0de 105 chambres, face \u00e0 l\u2019oc\u00e9an et dot\u00e9 d\u2019un magnifique\u00a0<strong>centre de thalassoth\u00e9rapie<\/strong>.<\/p>\n<p>Tous les soins sont possibles en solo ou en duo, ils peuvent \u00eatre effectu\u00e9s toute l\u2019ann\u00e9e (selon disponibilit\u00e9s, hors ponts et hors p\u00e9riodes du 25 au 31 d\u00e9cembre 2026)<br \/>\nValidit\u00e9 de 1 an \u00e0 compter de la date d\u2019\u00e9mission. \u00a0Pour toute r\u00e9servation incluant le repas du dimanche midi, suppl\u00e9ment de 33\u20ac pour le brunch Royal du Ch\u00e2teau des Tourelles, \u00e0 r\u00e9gler sur place<\/p>\n<p>Prestations disponibles:<\/p>\n<ul>\n<li><strong>Bulle \u00e9motion:<\/strong> <a href=\"https:\/\/pornichet.relaisthalasso.com\/fr\/journees-thalasso\/bulle-emotion\" target=\"_blank\" rel=\"noopener\">https:\/\/pornichet.relaisthalasso.com\/fr\/journees-thalasso\/bulle-emotion<\/a><\/li>\n<li><strong>Bulle Passion<\/strong>: <a href=\"https:\/\/pornichet.relaisthalasso.com\/fr\/journees-thalasso\/bulle-passion\" target=\"_blank\" rel=\"noopener\">https:\/\/pornichet.relaisthalasso.com\/fr\/journees-thalasso\/bulle-passion<\/a><\/li>\n<li><strong>Ligne Pure<\/strong> EXCLUSIVIT\u00c9 CSE | NOUVEAUT\u00c9 2026: 2 soins individuels thalasso dans une suite de soins Relais Thalasso\u00ae: 1 gommage corps personnalis\u00e9 selon le type de peau (20 min)+ \u00a01 massage relaxant ou sous pluie marine (20 min) + \u00a0Acc\u00e8s au spa marin sur la demi-journ\u00e9e<\/li>\n<li><strong>Massages \" sur Mesure\" des Tourelles:\u00a0<\/strong><a href=\"https:\/\/pornichet.relaisthalasso.com\/fr\/soins-spa\/soins-corps\/massage-sur-mesure-des-tourelles\" target=\"_blank\" rel=\"noopener\">https:\/\/pornichet.relaisthalasso.com\/fr\/soins-spa\/soins-corps\/massage-sur-mesure-des-tourelles<\/a><\/li>\n<li><strong>PAUSE Oc\u00e9ane<\/strong> EXCLUSIVIT\u00c9 CSE | NOUVEAUT\u00c9 2026: Acc\u00e8s au spa marin sur la demi-journ\u00e9e + Go\u00fbter au bar du Ch\u00e2teau (1 boisson chaude et 3 douceurs sucr\u00e9es par personne)<\/li>\n<li><strong>Une nuit au ch\u00e2teau en duo en semaine<\/strong>: 1 nuit au ch\u00e2teau pour 2 personnes en chambre double lat\u00e9rale mer et 2 petits d\u00e9jeuners buffet + acc\u00e8s spa marin<\/li>\n<\/ul>\n","protected":false},"excerpt":{"rendered":"<p>Ch\u00e2teau des Tourelles &#8211; La Baule- H\u00f4tel SPA<\/p>\n<p>Remise en forme, \u00e9nergie, tonicit\u00e9 et \u00e9clat de la peau, font partie des b\u00e9n\u00e9fices les plus significatifs constat\u00e9s :<strong><br \/>\nUn v\u00e9ritable bain de jouvence pour l\u2019ensemble de votre corps !<\/strong><\/p>\n<p>R\u00e9ductions toute l&#8217;ann\u00e9e et offres ponctuelles<\/p>\n","protected":false},"featured_media":8201,"template":"","meta":[],"product_cat":[81,95],"product_tag":[74],"_links":{"self":[{"href":"https:\/\/www.audace44.fr\/commande\/wp-json\/wp\/v2\/product\/7742"}],"collection":[{"href":"https:\/\/www.audace44.fr\/commande\/wp-json\/wp\/v2\/product"}],"about":[{"href":"https:\/\/www.audace44.fr\/commande\/wp-json\/wp\/v2\/types\/product"}],"wp:featuredmedia":[{"embeddable":true,"href":"https:\/\/www.audace44.fr\/commande\/wp-json\/wp\/v2\/media\/8201"}],"wp:attachment":[{"href":"https:\/\/www.audace44.fr\/commande\/wp-json\/wp\/v2\/media?parent=7742"}],"wp:term":[{"taxonomy":"product_cat","embeddable":true,"href":"https:\/\/www.audace44.fr\/commande\/wp-json\/wp\/v2\/product_cat?post=7742"},{"taxonomy":"product_tag","embeddable":true,"href":"https:\/\/www.audace44.fr\/commande\/wp-json\/wp\/v2\/product_tag?post=7742"}],"curies":[{"name":"wp","href":"https:\/\/api.w.org\/{rel}","templated":true}]}}