{"id":7915,"date":"2025-07-08T10:07:15","date_gmt":"2025-07-08T08:07:15","guid":{"rendered":"https:\/\/www.audace44.fr\/commande\/?post_type=product&#038;p=7915"},"modified":"2026-01-15T10:56:52","modified_gmt":"2026-01-15T09:56:52","slug":"block-out-nantes","status":"publish","type":"product","link":"https:\/\/www.audace44.fr\/commande\/produit\/block-out-nantes\/","title":{"rendered":"Block Out escalade Nantes"},"content":{"rendered":"<p>Billet donnant acc\u00e8s illimit\u00e9 aux salles d'escalade int\u00e9rieures et ext\u00e9rieures.<\/p>\n<p>Le m\u00eame billet permet \u00e9galement d\u2019acc\u00e9der \u00e0 la salle de musculation, sauna, hammam et jeux de plein air<\/p>\n<p><strong>ebillet envoy\u00e9 par mail les jours d'ouverture d'Audace <\/strong><\/p>\n<p><strong>ou \u00e0 t\u00e9l\u00e9charger (choisir un num\u00e9ro expl Ticket025) apr\u00e8s paiement CB valid\u00e9.<\/strong><\/p>\n<p>Un num\u00e9ro de billet = un billet, si vous souhaitez plusieurs billet il faut mettre plusieurs num\u00e9ros dans votre panier.<\/p>\n<p><strong>Les avantages de la salle :<\/strong><\/p>\n<ul>\n<li>Escalade de bloc (sans corde ni baudrier), permet une grimpe libre et autonome sans conna\u00eetre les imp\u00e9ratifs de s\u00e9curit\u00e9 autour de l\u2019encordement. Accessible aux d\u00e9butants et aux enfants, tout comme aux experts avec nos niveaux de difficult\u00e9\u00a0 progressifs.<\/li>\n<li>La plus grand salle de bloc de la r\u00e9gion, tr\u00e8s lumineuse avec beaucoup de baies vitr\u00e9es. Et in\u00e9dit \u00e0 Nantes, un mur d\u2019escalade en ext\u00e9rieur !<\/li>\n<li>Le tarifs comprend l\u2019acc\u00e8s au sauna et hammam, ainsi qu\u2019\u00e0 la salle de musculation (orient\u00e9e cross-training).<\/li>\n<li>Nous proposerons en compl\u00e9ment un cabinet ost\u00e9opathe.<\/li>\n<li>Une belle brasserie\u00a0: notre chef m\u00e9lange cuisine fran\u00e7aise et influences latines. Laissez-vous s\u00e9duire par sa cuisine locale traditionnelle aux accents exotiques.<\/li>\n<li>Et \u00e9t\u00e9 vous pourrez profiter de notre bel espace ext\u00e9rieur avec ses deux terrasses, son potager, sa Slack et le terrain de p\u00e9tanque\/molkky.<\/li>\n<\/ul>\n<p><strong>Horaires<\/strong>\u00a0: 11h-23h du lundi au vendredi et 9h-21h le week-end et jours f\u00e9ri\u00e9s.<\/p>\n<p><strong>Adresse <\/strong>: 27 Bd B\u00e2tonnier Cholet 44100 NANTES.<\/p>\n<p>Billet adulte uniquement 13 \u20ac sans date de validit\u00e9 et sans les chaussons (+5\u20ac sur place).<\/p>\n<p>Tarif sur place 17 \u20ac + 5\u20ac de chaussons.<\/p>\n<p>Tarif enfant (- 10 ans) sur place 10 \u20ac.<\/p>\n<p><a href=\"https:\/\/www.blockout.fr\/bo-nantes\">BlockOut<\/a><\/p>\n","protected":false},"excerpt":{"rendered":"<p>Billet donnant acc\u00e8s illimit\u00e9 aux salles d&#8217;escalade int\u00e9rieures et ext\u00e9rieures.<\/p>\n<p>Le m\u00eame billet permet \u00e9galement d\u2019acc\u00e9der \u00e0 la salle de musculation, sauna, hammam et jeux de plein air<\/p>\n<p>&nbsp;<\/p>\n","protected":false},"featured_media":16957,"template":"","meta":[],"product_cat":[81,71],"product_tag":[74,124],"_links":{"self":[{"href":"https:\/\/www.audace44.fr\/commande\/wp-json\/wp\/v2\/product\/7915"}],"collection":[{"href":"https:\/\/www.audace44.fr\/commande\/wp-json\/wp\/v2\/product"}],"about":[{"href":"https:\/\/www.audace44.fr\/commande\/wp-json\/wp\/v2\/types\/product"}],"wp:featuredmedia":[{"embeddable":true,"href":"https:\/\/www.audace44.fr\/commande\/wp-json\/wp\/v2\/media\/16957"}],"wp:attachment":[{"href":"https:\/\/www.audace44.fr\/commande\/wp-json\/wp\/v2\/media?parent=7915"}],"wp:term":[{"taxonomy":"product_cat","embeddable":true,"href":"https:\/\/www.audace44.fr\/commande\/wp-json\/wp\/v2\/product_cat?post=7915"},{"taxonomy":"product_tag","embeddable":true,"href":"https:\/\/www.audace44.fr\/commande\/wp-json\/wp\/v2\/product_tag?post=7915"}],"curies":[{"name":"wp","href":"https:\/\/api.w.org\/{rel}","templated":true}]}}