{"id":7933,"date":"2025-09-06T10:03:22","date_gmt":"2025-09-06T08:03:22","guid":{"rendered":"https:\/\/www.audace44.fr\/commande\/?post_type=product&#038;p=7933"},"modified":"2025-10-13T15:34:25","modified_gmt":"2025-10-13T13:34:25","slug":"alti-service","status":"publish","type":"product","link":"https:\/\/www.audace44.fr\/commande\/produit\/alti-service\/","title":{"rendered":"Alti Service"},"content":{"rendered":"<p>PROFITEZ DE DOMAINES D\u2019EXCEPTION AU C\u0152UR DES PYR\u00c9N\u00c9ES !<\/p>\n<p>Remont\u00e9es m\u00e9caniques et activit\u00e9s jusqu'\u00e0 -15 %<\/p>\n<p>Font-Romeu - Pyr\u00e9n\u00e9es 2000 et St Lary<\/p>\n<p>Pour b\u00e9n\u00e9ficier de cette remise :<\/p>\n<ul>\n<li>Obligatoire: pr\u00e9sentation du justificatif d\u2019appartenance (carte Audace \u00e0 t\u00e9l\u00e9charger dans votre espace) directement en Billetterie de la Station. Aucun autre document ne sera pris en compte. <strong>\u00a0 \u00a0 \u00a0 \u00a0 \u00a0 \u00a0 \u00a0 \u00a0 \u00a0 OU\u00a0<\/strong><\/li>\n<\/ul>\n<ul>\n<li>\u00a0Sur votre Espace Web d\u00e9di\u00e9 https:\/\/forfaits-ce.altiservice.com\/\u00a0 Identifiant : \u00a0 \u00a0<strong>AUD\u00a0 \u00a0 \u00a0 \u00a0 \u00a0 \u00a0 <\/strong>Mot de passe\u00a0: <strong>44AUD2026\u00a0 \u00a0 \u00a0uniquement \u00e0 utiliser sur internet, le guichet n'acceptera pas ses codes.<\/strong><\/li>\n<\/ul>\n<p>Offre de -10 % (code ALTI10-C) sur l'h\u00e9bergement \u00e0 H\u00f4tel L'oustalet: hotel-loustalet.com<\/p>\n","protected":false},"excerpt":{"rendered":"<p>Alti Service\u00a0 \u00a0Et\u00e9 et hiver<br \/>\nAchetez vos forfait 1 \u00e0 6 jours r\u00e9ductions CE de -10 \u00e0 -15 % sur les remont\u00e9es m\u00e9caniques des stations:<br \/>\nSaint-Lary et Font Romeu Pyr\u00e9n\u00e9es 2000<br \/>\nPROFITEZ DE DOMAINES D\u2019EXCEPTION AU C\u0152UR DES PYR\u00c9N\u00c9ES !<\/p>\n","protected":false},"featured_media":8217,"template":"","meta":[],"product_cat":[120,86,79],"product_tag":[112],"_links":{"self":[{"href":"https:\/\/www.audace44.fr\/commande\/wp-json\/wp\/v2\/product\/7933"}],"collection":[{"href":"https:\/\/www.audace44.fr\/commande\/wp-json\/wp\/v2\/product"}],"about":[{"href":"https:\/\/www.audace44.fr\/commande\/wp-json\/wp\/v2\/types\/product"}],"wp:featuredmedia":[{"embeddable":true,"href":"https:\/\/www.audace44.fr\/commande\/wp-json\/wp\/v2\/media\/8217"}],"wp:attachment":[{"href":"https:\/\/www.audace44.fr\/commande\/wp-json\/wp\/v2\/media?parent=7933"}],"wp:term":[{"taxonomy":"product_cat","embeddable":true,"href":"https:\/\/www.audace44.fr\/commande\/wp-json\/wp\/v2\/product_cat?post=7933"},{"taxonomy":"product_tag","embeddable":true,"href":"https:\/\/www.audace44.fr\/commande\/wp-json\/wp\/v2\/product_tag?post=7933"}],"curies":[{"name":"wp","href":"https:\/\/api.w.org\/{rel}","templated":true}]}}