{"id":8036,"date":"2024-10-22T09:46:47","date_gmt":"2024-10-22T07:46:47","guid":{"rendered":"https:\/\/www.audace44.fr\/commande\/?post_type=product&#038;p=8036"},"modified":"2025-01-31T11:13:22","modified_gmt":"2025-01-31T10:13:22","slug":"bains-depsom-spa-de-flottaison","status":"publish","type":"product","link":"https:\/\/www.audace44.fr\/commande\/produit\/bains-depsom-spa-de-flottaison\/","title":{"rendered":"Bains d&#8217;Epsom Spa de flottaison"},"content":{"rendered":"<p>Port\u00e9(e) par une eau chaude riche en sel de magn\u00e9sium, venez d\u00e9couvrir la sensation unique de l'apesanteur et les multiples bienfaits de la flottaison.<br \/>\nLaissez votre corps et votre esprit flotter et se ressourcer dans un bain aux vertus th\u00e9rapeutiques ancestrales, jusqu'\u00e0 atteindre un niveau de relaxation profonde propice aux r\u00eaves.<br \/>\nR\u00e9duction sur pr\u00e9sentation de la carte Audace:<br \/>\nFlottaison <strong>-10 \u20ac<\/strong><\/p>\n<p>Flottaison + massage <strong>-10%<\/strong><\/p>\n<p>Cure Flottaison <strong>-10 %<\/strong><\/p>\n<p>Flottaison et Renata <strong>-10%\u00a0<\/strong><\/p>\n<p>Plus d'infos sur<a href=\"https:\/\/www.bainsdepsom.fr\/\" target=\"_blank\" rel=\"noopener\"> https:\/\/www.bainsdepsom.fr\/<\/a> ou\u00a0\u00a002 55 99 45 98<br \/>\nSi vous ne poss\u00e9dez pas la carte Audace, n'h\u00e9sitez pas \u00e0 la demander: contact@audace44.fr<\/p>\n","protected":false},"excerpt":{"rendered":"<p>Bains d&#8217;Epsom Spa de flottaison<br \/>\nPartenaire d&#8217;Audace ce spa nouvelle g\u00e9n\u00e9ration vous propose des tarifs pr\u00e9f\u00e9rentiels sur pr\u00e9sentation de la carte Audace.<br \/>\nAu coeur de l&#8217;\u00eele de Nantes \u00e0 quelques pas de &#8220;l&#8217;El\u00e9phant&#8221;.<\/p>\n","protected":false},"featured_media":8197,"template":"","meta":[],"product_cat":[121,83,81,95],"product_tag":[98],"_links":{"self":[{"href":"https:\/\/www.audace44.fr\/commande\/wp-json\/wp\/v2\/product\/8036"}],"collection":[{"href":"https:\/\/www.audace44.fr\/commande\/wp-json\/wp\/v2\/product"}],"about":[{"href":"https:\/\/www.audace44.fr\/commande\/wp-json\/wp\/v2\/types\/product"}],"wp:featuredmedia":[{"embeddable":true,"href":"https:\/\/www.audace44.fr\/commande\/wp-json\/wp\/v2\/media\/8197"}],"wp:attachment":[{"href":"https:\/\/www.audace44.fr\/commande\/wp-json\/wp\/v2\/media?parent=8036"}],"wp:term":[{"taxonomy":"product_cat","embeddable":true,"href":"https:\/\/www.audace44.fr\/commande\/wp-json\/wp\/v2\/product_cat?post=8036"},{"taxonomy":"product_tag","embeddable":true,"href":"https:\/\/www.audace44.fr\/commande\/wp-json\/wp\/v2\/product_tag?post=8036"}],"curies":[{"name":"wp","href":"https:\/\/api.w.org\/{rel}","templated":true}]}}