{"id":8298,"date":"2021-03-22T15:32:03","date_gmt":"2021-03-22T14:32:03","guid":{"rendered":"https:\/\/www.audace44.fr\/commande\/?post_type=product&#038;p=8298"},"modified":"2025-04-01T15:58:26","modified_gmt":"2025-04-01T13:58:26","slug":"explora-parc","status":"publish","type":"product","link":"https:\/\/www.audace44.fr\/commande\/produit\/explora-parc\/","title":{"rendered":"Explora parc"},"content":{"rendered":"<p>Profitez de 10% de r\u00e9duction en commandant vos billets sur le site de notre partenaire.<\/p>\n<p>Explora Parc, c\u2019est LE\u00a0parc de loisirs en Vend\u00e9e\u00a0pour toute la famille. Parc de loisirs et de d\u00e9tente au coeur de la for\u00eat domaniale des Pays de monts, nous proposons \u00e0 toute la famille, d\u00e8s 3 ans des activit\u00e9s familiales, activit\u00e9s sportives et activit\u00e9s insolites. Du fun dans la bonne humeur pour d\u00e9couvrir la for\u00eat autrement. Retrouvez \u00e0 Explora Parc des\u00a0activit\u00e9s de plein air\u00a0en\u00a0Vend\u00e9e, ses sentiers p\u00e9destres permettent d\u2019\u00eatre accessible et convivial. L\u2019activit\u00e9 sportive phare est l\u2019accrobranche, cette activit\u00e9 accessible d\u00e8s\u00a03 ans\u00a0se pratique sans limite de temps et en autonomie. Nous poss\u00e9dons aujourd\u2019hui 10 parcours aventures en for\u00eat, tyroliennes XXL de plus de 250 m\u00e8tres. En 2021, 2 nouvelles zones apparaissent dans le\u00a0Trampo\u2019Filet. Une zone\u00a02-7 ans\u00a0et une zone\u00a08-14 ans. + de 750m\u00b2 de trampoline suspendu, piscines \u00e0 balles, cabanes perch\u00e9es et plus encore. La nouvelle activit\u00e9 arriv\u00e9e en 2020,\u00a0Explor\u2019Aventure\u00a0proposera 3 nouvelles qu\u00eates remplies d\u2019aventures. Cette activit\u00e9 ludique et conviviale, ravira petits et grands explorateurs. Entre Escape Game et Course d\u2019Orientation, d\u00e9nichez les diff\u00e9rents tr\u00e9sors.<\/p>\n<p>Code promo: AUDACE25<\/p>\n<p>Commandez <a href=\"https:\/\/exploraparc.com\/\">vos billets ICI<\/a><\/p>\n","protected":false},"excerpt":{"rendered":"<p>Explora Parc<\/p>\n<p>Saint-Jean de Monts<\/p>\n","protected":false},"featured_media":8299,"template":"","meta":[],"product_cat":[82,87,88],"product_tag":[98],"_links":{"self":[{"href":"https:\/\/www.audace44.fr\/commande\/wp-json\/wp\/v2\/product\/8298"}],"collection":[{"href":"https:\/\/www.audace44.fr\/commande\/wp-json\/wp\/v2\/product"}],"about":[{"href":"https:\/\/www.audace44.fr\/commande\/wp-json\/wp\/v2\/types\/product"}],"wp:featuredmedia":[{"embeddable":true,"href":"https:\/\/www.audace44.fr\/commande\/wp-json\/wp\/v2\/media\/8299"}],"wp:attachment":[{"href":"https:\/\/www.audace44.fr\/commande\/wp-json\/wp\/v2\/media?parent=8298"}],"wp:term":[{"taxonomy":"product_cat","embeddable":true,"href":"https:\/\/www.audace44.fr\/commande\/wp-json\/wp\/v2\/product_cat?post=8298"},{"taxonomy":"product_tag","embeddable":true,"href":"https:\/\/www.audace44.fr\/commande\/wp-json\/wp\/v2\/product_tag?post=8298"}],"curies":[{"name":"wp","href":"https:\/\/api.w.org\/{rel}","templated":true}]}}