{"id":8589,"date":"2021-07-19T14:52:39","date_gmt":"2021-07-19T12:52:39","guid":{"rendered":"https:\/\/www.audace44.fr\/commande\/?post_type=product&#038;p=8589"},"modified":"2024-02-21T12:24:43","modified_gmt":"2024-02-21T11:24:43","slug":"les-ormes","status":"publish","type":"product","link":"https:\/\/www.audace44.fr\/commande\/produit\/les-ormes\/","title":{"rendered":"Les Ormes"},"content":{"rendered":"<p>Dans cet ancien domaine \u00e9piscopal, \u00e0 30 min du Mont St Michel et de St Malo, nous avons \u00e0 c\u0153ur de vous faire partager notre histoire originale.<\/p>\n<p>Loin des concepts de groupes mais situ\u00e9 entre l'insolite et le confort, les loisirs et les journ\u00e9es de travail en \u00e9quipe, ce site familial vous propose une diversit\u00e9 d'h\u00e9bergements et d'activit\u00e9s comme nulle part ailleurs...<\/p>\n<p>Sourire, sens de l'accueil et efficacit\u00e9 sont les points d'honneur de notre \u00e9quipe. Toute notre \u00e9nergie est consacr\u00e9e \u00e0 faire de votre s\u00e9jour une de vos plus belles exp\u00e9riences.<\/p>\n<p>Visitez le site: <a href=\"https:\/\/www.lesormes.com\/fr\" target=\"_blank\" rel=\"noopener noreferrer\">ICI<\/a><\/p>\n<p>Avec Audace b\u00e9n\u00e9ficiez de - 15% hors p\u00e9riode scolaire et - 10% en p\u00e9riode de vacances scolaires et jours f\u00e9ri\u00e9s (hors camping -5%).<\/p>\n<p>Pour b\u00e9n\u00e9ficier de cet avantage la r\u00e9servation doit se faire uniquement par t\u00e9l\u00e9phone (code non valide sur le site internet).<\/p>\n<p>Code \u00e0 donner au moment de la r\u00e9servation: <strong>AUDACE44 (r\u00e9servation uniquement au <a class=\"header__anchor\" href=\"tel:0299735300\" data-ga-action=\"clic-appel-header\" data-ga-category=\"clic-appel\" data-ga-label=\"clic-appel-header-0299735300\">02 99 73 53 00<\/a>)<\/strong><\/p>\n<p>&nbsp;<\/p>\n","protected":false},"excerpt":{"rendered":"<p>Les Ormes domaine et Resort.<\/p>\n<p>200 hectares de nature entre Rennes et St Malo.<\/p>\n<p>Une vraie pause nature!<\/p>\n","protected":false},"featured_media":8590,"template":"","meta":[],"product_cat":[111,117,79],"product_tag":[],"_links":{"self":[{"href":"https:\/\/www.audace44.fr\/commande\/wp-json\/wp\/v2\/product\/8589"}],"collection":[{"href":"https:\/\/www.audace44.fr\/commande\/wp-json\/wp\/v2\/product"}],"about":[{"href":"https:\/\/www.audace44.fr\/commande\/wp-json\/wp\/v2\/types\/product"}],"wp:featuredmedia":[{"embeddable":true,"href":"https:\/\/www.audace44.fr\/commande\/wp-json\/wp\/v2\/media\/8590"}],"wp:attachment":[{"href":"https:\/\/www.audace44.fr\/commande\/wp-json\/wp\/v2\/media?parent=8589"}],"wp:term":[{"taxonomy":"product_cat","embeddable":true,"href":"https:\/\/www.audace44.fr\/commande\/wp-json\/wp\/v2\/product_cat?post=8589"},{"taxonomy":"product_tag","embeddable":true,"href":"https:\/\/www.audace44.fr\/commande\/wp-json\/wp\/v2\/product_tag?post=8589"}],"curies":[{"name":"wp","href":"https:\/\/api.w.org\/{rel}","templated":true}]}}