{"id":8639,"date":"2021-07-30T14:14:54","date_gmt":"2021-07-30T12:14:54","guid":{"rendered":"https:\/\/www.audace44.fr\/commande\/?post_type=product&#038;p=8639"},"modified":"2025-07-15T15:08:57","modified_gmt":"2025-07-15T13:08:57","slug":"voiture-pour-tous","status":"publish","type":"product","link":"https:\/\/www.audace44.fr\/commande\/produit\/voiture-pour-tous\/","title":{"rendered":"Voiture pour tous"},"content":{"rendered":"<p><strong>VOITURE POUR TOUS<\/strong><\/p>\n<p><strong>Nous vous proposons un catalogue de 170 loueurs dans 145 pays<\/strong>, tous les grands loueurs internationaux sont r\u00e9f\u00e9renc\u00e9s chez nous, ainsi que des loueurs locaux afin d\u2019offrir le plus large choix en terme de budget et de cat\u00e9gories de voitures et services<\/p>\n<p>Vous b\u00e9n\u00e9ficiez de tarifs n\u00e9goci\u00e9s et d\u2019une r\u00e9duction incluse dans les tarifs.<\/p>\n<p>Notre \u00e9quipe de conseillers clients compos\u00e9s d\u2019experts de la location de voitures, <strong>assure le suivi du dossier de la r\u00e9servation jusqu\u2019au retour<\/strong> et vous garantit une assistance 7j\/7 et 24h\/24 en cas d'urgence \u00e0 destination.<\/p>\n<p><u>Les avantages<\/u><u>\u202f<\/u><u>:<\/u><\/p>\n<ul>\n<li><strong>Annulation\/Modification gratuites jusqu\u2019\u00e0 48h avant la prise du v\u00e9hicule<\/strong>, sur la plupart des offres<\/li>\n<li>Kilom\u00e9trage illimit\u00e9 sur la plupart des offres<\/li>\n<li>Des options\u202fr\u00e9servables en ligne comme l\u2019ajout d\u2019un conducteur, d\u2019un si\u00e8ge enfant d\u2019un GPS ou l\u2019assurance remboursement de franchise<\/li>\n<li>Assurance tous risques et responsabilit\u00e9 civile incluse sur la majorit\u00e9 des offres.<\/li>\n<li>Ch\u00e8ques-Vacances accept\u00e9s et paiement possible en 4 fois<\/li>\n<li>Aucun frais de dossier<\/li>\n<\/ul>\n<p><strong>Nous contacter<\/strong><strong>\u202f<\/strong><strong>\u00a0<\/strong><strong>:<\/strong><\/p>\n<p>Une question avant de r\u00e9server\u202f? : <u>contact@voiturepourtous.com<\/u><\/p>\n<p>Che\u0300ques vacances accepte\u0301s et paiement CB possible en 4 fois<\/p>\n<p>Identifiant: audace<\/p>\n<p>mot de passe hotel<\/p>\n<p>Lien <strong><u>direct<\/u><\/strong>: <a href=\"https:\/\/www.voiturepourtous.com\/?key=B112E5C49BE97FAE7CC47B7245E63A4C.1A&amp;guid=d375cd497204445c8a8107c3f44944ae&amp;timestamp=1637592065625\" target=\"_blank\" rel=\"noopener noreferrer\">ICI<\/a><\/p>\n","protected":false},"excerpt":{"rendered":"<p>Voiture pour tous<\/p>\n<p>-8% sur la location de voiture<\/p>\n","protected":false},"featured_media":16991,"template":"","meta":[],"product_cat":[123,86],"product_tag":[],"_links":{"self":[{"href":"https:\/\/www.audace44.fr\/commande\/wp-json\/wp\/v2\/product\/8639"}],"collection":[{"href":"https:\/\/www.audace44.fr\/commande\/wp-json\/wp\/v2\/product"}],"about":[{"href":"https:\/\/www.audace44.fr\/commande\/wp-json\/wp\/v2\/types\/product"}],"wp:featuredmedia":[{"embeddable":true,"href":"https:\/\/www.audace44.fr\/commande\/wp-json\/wp\/v2\/media\/16991"}],"wp:attachment":[{"href":"https:\/\/www.audace44.fr\/commande\/wp-json\/wp\/v2\/media?parent=8639"}],"wp:term":[{"taxonomy":"product_cat","embeddable":true,"href":"https:\/\/www.audace44.fr\/commande\/wp-json\/wp\/v2\/product_cat?post=8639"},{"taxonomy":"product_tag","embeddable":true,"href":"https:\/\/www.audace44.fr\/commande\/wp-json\/wp\/v2\/product_tag?post=8639"}],"curies":[{"name":"wp","href":"https:\/\/api.w.org\/{rel}","templated":true}]}}