{"id":8733,"date":"2021-09-28T12:15:01","date_gmt":"2021-09-28T10:15:01","guid":{"rendered":"https:\/\/www.audace44.fr\/commande\/?post_type=product&#038;p=8733"},"modified":"2025-09-19T14:30:58","modified_gmt":"2025-09-19T12:30:58","slug":"cinecheque","status":"publish","type":"product","link":"https:\/\/www.audace44.fr\/commande\/produit\/cinecheque\/","title":{"rendered":"Cin\u00e9ch\u00e8que"},"content":{"rendered":"<p>e-Billets valables dans de nombreux cin\u00e9mas.<\/p>\n<p>Attention certains cin\u00e9mas n'acceptent que les billets papiers ou imprim\u00e9s.<\/p>\n<p>D\u00e9couvrir le <a href=\"https:\/\/www.reseauxdecines.com\/loc\/ecinecheque.html\">r\u00e9seau Ici<\/a><\/p>\n<p>ebillet t\u00e9l\u00e9chargeable apr\u00e8s paiement CB valid\u00e9.<\/p>\n<p>Validit\u00e9 minimum 30\/06\/25<\/p>\n","protected":false},"excerpt":{"rendered":"<p>Cin\u00e9ch\u00e8que<\/p>\n<p>Le plus grand r\u00e9seau de cin\u00e9mas.<\/p>\n","protected":false},"featured_media":8734,"template":"","meta":[],"product_cat":[84,75],"product_tag":[74],"_links":{"self":[{"href":"https:\/\/www.audace44.fr\/commande\/wp-json\/wp\/v2\/product\/8733"}],"collection":[{"href":"https:\/\/www.audace44.fr\/commande\/wp-json\/wp\/v2\/product"}],"about":[{"href":"https:\/\/www.audace44.fr\/commande\/wp-json\/wp\/v2\/types\/product"}],"wp:featuredmedia":[{"embeddable":true,"href":"https:\/\/www.audace44.fr\/commande\/wp-json\/wp\/v2\/media\/8734"}],"wp:attachment":[{"href":"https:\/\/www.audace44.fr\/commande\/wp-json\/wp\/v2\/media?parent=8733"}],"wp:term":[{"taxonomy":"product_cat","embeddable":true,"href":"https:\/\/www.audace44.fr\/commande\/wp-json\/wp\/v2\/product_cat?post=8733"},{"taxonomy":"product_tag","embeddable":true,"href":"https:\/\/www.audace44.fr\/commande\/wp-json\/wp\/v2\/product_tag?post=8733"}],"curies":[{"name":"wp","href":"https:\/\/api.w.org\/{rel}","templated":true}]}}