{"id":8761,"date":"2024-06-02T10:15:51","date_gmt":"2024-06-02T08:15:51","guid":{"rendered":"https:\/\/www.audace44.fr\/commande\/?post_type=product&#038;p=8761"},"modified":"2026-03-17T16:40:57","modified_gmt":"2026-03-17T15:40:57","slug":"la-parfumerie-francaise","status":"publish","type":"product","link":"https:\/\/www.audace44.fr\/commande\/produit\/la-parfumerie-francaise\/","title":{"rendered":"La parfumerie fran\u00e7aise"},"content":{"rendered":"<p>LA PARFUMERIE FRANCAISE distribue depuis bient\u00f4t 20 ans des<strong>\u00a0Parfums et Produits de Beaut\u00e9 de Grandes Marques<\/strong>, Authentiques, aux Comit\u00e9s d'Entreprise et aux Amicales, \u00e0 prix imbattables, toute l'ann\u00e9e...<\/p>\n<p>&nbsp;<\/p>\n<p>Nouveau ! frais de port offerts \u00e0 partir de 50 \u20ac pour la livraison \u00e0 domicile.<\/p>\n<ul>\n<li>Dans chaque sachet des \u00e9chantillons et un cadeau suppl\u00e9mentaire \u00e0 partir de 150 \u20ac.<\/li>\n<li>Livraison directement chez Audace ou chez vous.<\/li>\n<li>Prix allant de <strong>- 25 % \u00e0 - 60 % ... Toute l'ann\u00e9e !<\/strong><\/li>\n<\/ul>\n<p>Lien direct vers le site: <a href=\"https:\/\/www.laparfumeriefrancaise.com\/\" target=\"_blank\" rel=\"noopener\">https:\/\/www.laparfumeriefrancaise.com\/<\/a><\/p>\n<p>code client \u00e0 indiquer pour vous identifier chez Audace: 6000207175<\/p>\n","protected":false},"excerpt":{"rendered":"<p>Parfums de -25% \u00e0 -60 %<\/p>\n<p>Ventes group\u00e9es 2 \u00e0 3 fois dans l&#8217;ann\u00e9e.<\/p>\n","protected":false},"featured_media":16181,"template":"","meta":[],"product_cat":[121,83],"product_tag":[],"_links":{"self":[{"href":"https:\/\/www.audace44.fr\/commande\/wp-json\/wp\/v2\/product\/8761"}],"collection":[{"href":"https:\/\/www.audace44.fr\/commande\/wp-json\/wp\/v2\/product"}],"about":[{"href":"https:\/\/www.audace44.fr\/commande\/wp-json\/wp\/v2\/types\/product"}],"wp:featuredmedia":[{"embeddable":true,"href":"https:\/\/www.audace44.fr\/commande\/wp-json\/wp\/v2\/media\/16181"}],"wp:attachment":[{"href":"https:\/\/www.audace44.fr\/commande\/wp-json\/wp\/v2\/media?parent=8761"}],"wp:term":[{"taxonomy":"product_cat","embeddable":true,"href":"https:\/\/www.audace44.fr\/commande\/wp-json\/wp\/v2\/product_cat?post=8761"},{"taxonomy":"product_tag","embeddable":true,"href":"https:\/\/www.audace44.fr\/commande\/wp-json\/wp\/v2\/product_tag?post=8761"}],"curies":[{"name":"wp","href":"https:\/\/api.w.org\/{rel}","templated":true}]}}