{"id":8776,"date":"2021-10-12T09:55:27","date_gmt":"2021-10-12T07:55:27","guid":{"rendered":"https:\/\/www.audace44.fr\/commande\/?post_type=product&#038;p=8776"},"modified":"2024-02-21T12:24:44","modified_gmt":"2024-02-21T11:24:44","slug":"come-to-paris","status":"publish","type":"product","link":"https:\/\/www.audace44.fr\/commande\/produit\/come-to-paris\/","title":{"rendered":"Come To Paris"},"content":{"rendered":"<p><span class=\"title\">R\u00e9servez les meilleures activit\u00e9s \u00e0 Paris !<\/span><\/p>\n<p>Moulin Rouge, Bateaux mouches, Paradis Latin, Crazy Horse, Cit\u00e9 des sciences.<\/p>\n<p>B\u00e9n\u00e9ficiez de nombreuses r\u00e9ductions en cliquant directement sur le lien r\u00e9serv\u00e9 \u00e0 Audace:<\/p>\n<p><a href=\"https:\/\/www.cometoparis.com\/fre\/?utm_source=ce-audace&amp;utm_medium=referral&amp;utm_campaign=ce&amp;utm_content=home\" target=\"_blank\" rel=\"noopener\">https:\/\/www.cometoparis.com<\/a><\/p>\n","protected":false},"excerpt":{"rendered":"<p><span class=\"title\">R\u00e9servez les meilleures activit\u00e9s \u00e0 Paris !<\/span><\/p>\n<p>En profitant de nombreuses r\u00e9ductions.<\/p>\n","protected":false},"featured_media":8777,"template":"","meta":[],"product_cat":[92,93],"product_tag":[],"_links":{"self":[{"href":"https:\/\/www.audace44.fr\/commande\/wp-json\/wp\/v2\/product\/8776"}],"collection":[{"href":"https:\/\/www.audace44.fr\/commande\/wp-json\/wp\/v2\/product"}],"about":[{"href":"https:\/\/www.audace44.fr\/commande\/wp-json\/wp\/v2\/types\/product"}],"wp:featuredmedia":[{"embeddable":true,"href":"https:\/\/www.audace44.fr\/commande\/wp-json\/wp\/v2\/media\/8777"}],"wp:attachment":[{"href":"https:\/\/www.audace44.fr\/commande\/wp-json\/wp\/v2\/media?parent=8776"}],"wp:term":[{"taxonomy":"product_cat","embeddable":true,"href":"https:\/\/www.audace44.fr\/commande\/wp-json\/wp\/v2\/product_cat?post=8776"},{"taxonomy":"product_tag","embeddable":true,"href":"https:\/\/www.audace44.fr\/commande\/wp-json\/wp\/v2\/product_tag?post=8776"}],"curies":[{"name":"wp","href":"https:\/\/api.w.org\/{rel}","templated":true}]}}